{"id":4088,"date":"2025-09-18T07:53:09","date_gmt":"2025-09-18T07:53:09","guid":{"rendered":"https:\/\/modesthanim.com\/hakkimizda\/"},"modified":"2026-02-11T01:11:15","modified_gmt":"2026-02-11T01:11:15","slug":"hakkimizda","status":"publish","type":"page","link":"http:\/\/mod.wisdar.net\/tr\/hakkimizda\/","title":{"rendered":"Hakk\u0131m\u0131zda"},"content":{"rendered":"\t\t<div data-elementor-type=\"wp-page\" data-elementor-id=\"4088\" class=\"elementor elementor-4088 elementor-3732\" data-elementor-post-type=\"page\">\n\t\t\t\t\t\t<section class=\"wd-negative-gap elementor-section elementor-top-section elementor-element elementor-element-2ccb954 elementor-section-boxed elementor-section-height-default elementor-section-height-default\" data-id=\"2ccb954\" data-element_type=\"section\" data-e-type=\"section\">\n\t\t\t\t\t\t<div class=\"elementor-container elementor-column-gap-default\">\n\t\t\t\t\t<div class=\"elementor-column elementor-col-100 elementor-top-column elementor-element elementor-element-03b134c\" data-id=\"03b134c\" data-element_type=\"column\" data-e-type=\"column\">\n\t\t\t<div class=\"elementor-widget-wrap elementor-element-populated\">\n\t\t\t\t\t\t<div class=\"elementor-element elementor-element-6d8037f color-scheme-inherit text-left elementor-widget elementor-widget-text-editor\" data-id=\"6d8037f\" data-element_type=\"widget\" data-e-type=\"widget\" data-widget_type=\"text-editor.default\">\n\t\t\t\t\t\t\t\t\t<p>\u0130stanbul&#8217;da do\u011fan, m\u00fctevaz\u0131l\u0131\u011f\u0131n modern zarafetle bulu\u015ftu\u011fu se\u00e7kin T\u00fcrk moda markas\u0131 Modest Han\u0131m&#8217;a ho\u015f geldiniz.<br>Zarif tasar\u0131mlar, birinci s\u0131n\u0131f i\u015f\u00e7ilik ve zamans\u0131z stille \u00e7a\u011fda\u015f m\u00fctevaz\u0131 moday\u0131 yeniden tan\u0131ml\u0131yoruz.<\/p><h2><b>Misyonumuz<\/b><\/h2><p>Modest Han\u0131m olarak, ger\u00e7ek zarafetin tevazu, zarafet ve kalitenin uyumunda yatt\u0131\u011f\u0131na inan\u0131yoruz.<br>Misyonumuz, d\u00fcnyan\u0131n d\u00f6rt bir yan\u0131ndaki kad\u0131nlara kendine g\u00fcvenen kad\u0131nl\u0131\u011f\u0131 kutlayan, zarif, sofistike ve zarif bir \u015fekilde m\u00fctevaz\u0131 bir gard\u0131rop sunmakt\u0131r.<\/p><h2><b>Vizyonumuz<\/b><\/h2><p>Birinci s\u0131n\u0131f T\u00fcrk tesett\u00fcr giyiminin lider k\u00fcresel adresi olmak i\u00e7in \u015funlar\u0131 sunmak:<\/p><ul><li style=\"font-weight: 400;\" aria-level=\"1\"><span style=\"font-weight: 400;\">Ola\u011fan\u00fcst\u00fc i\u015f\u00e7ilik ve malzemeler.<\/span><span style=\"font-weight: 400;\"><br><br><\/span><\/li><li style=\"font-weight: 400;\" aria-level=\"1\"><span style=\"font-weight: 400;\">\u0130nce detaylar ve zamans\u0131z sil\u00fcetler.<\/span><span style=\"font-weight: 400;\"><br><br><\/span><\/li><li style=\"font-weight: 400;\" aria-level=\"1\"><span style=\"font-weight: 400;\">Her k\u00fclt\u00fcre ve zevke hitap eden stil \u00e7e\u015fitlili\u011fi.<\/span><span style=\"font-weight: 400;\"><br><br><\/span><\/li><\/ul><h2><b>Koleksiyonlar\u0131m\u0131z<\/b><\/h2><p><span style=\"font-weight: 400;\">Her duruma ve mevsime uygun olarak tasarlanm\u0131\u015f \u00e7ok y\u00f6nl\u00fc bir giyim yelpazesi sunuyoruz. Bunlar aras\u0131nda \u015funlar yer al\u0131yor:<\/span><\/p><ul><li style=\"font-weight: 400;\" aria-level=\"1\"><span style=\"font-weight: 400;\">\u015e\u0131k ve sade kad\u0131n giyim \u00fcr\u00fcnleri.<\/span><span style=\"font-weight: 400;\"><br><br><\/span><\/li><li style=\"font-weight: 400;\" aria-level=\"1\"><span style=\"font-weight: 400;\">Elbiseler, abayalar ve g\u00fcnl\u00fck &amp; resmi k\u0131yafetler.<\/span><span style=\"font-weight: 400;\"><br><br><\/span><\/li><li style=\"font-weight: 400;\" aria-level=\"1\">Konfor, l\u00fcks ve feminenli\u011fin her detay\u0131nda bulu\u015ftu\u011fu e\u015fsiz tasar\u0131mlar.<span style=\"font-weight: 400;\"><br><br><\/span><\/li><\/ul><p><span style=\"font-weight: 400;\">Her par\u00e7a, kalite ve zarafete olan sars\u0131lmaz ba\u011fl\u0131l\u0131\u011f\u0131m\u0131zla T\u00fcrkiye&#8217;de \u00f6zenle tasarlan\u0131p \u00fcretiliyor ve d\u00fcnyan\u0131n neresinde olursan\u0131z olun kap\u0131n\u0131za kadar teslim ediliyor.<\/span><\/p><h2><b>De\u011ferlerimiz<\/b><\/h2><ul><li style=\"font-weight: 400;\" aria-level=\"1\">Profesyonellik: Tasar\u0131mdan teslimata kadar her a\u015famada m\u00fckemmellik.<span style=\"font-weight: 400;\"><br><br><\/span><\/li><li style=\"font-weight: 400;\" aria-level=\"1\">Sayg\u0131: K\u00fclt\u00fcrel \u00e7e\u015fitlili\u011fi kutlamak ve d\u00fcnya \u00e7ap\u0131nda m\u00fctevaz\u0131 kad\u0131nlar\u0131 g\u00fc\u00e7lendirmek.<span style=\"font-weight: 400;\"><br><br><\/span><\/li><li style=\"font-weight: 400;\" aria-level=\"1\">\u0130novasyon: T\u00fcrk miras\u0131n\u0131 k\u00fcresel moda trendleriyle harmanlamak.<span style=\"font-weight: 400;\"><br><br><\/span><\/li><\/ul><h2><b>K\u00fcresel Varl\u0131k<\/b><\/h2><p>Modest Han\u0131m, \u0130stanbul&#8217;dan d\u00fcnyaya, k\u0131talar aras\u0131 m\u00fc\u015fterilerine gururla hizmet veriyor; T\u00fcrk i\u015f\u00e7ili\u011fini ve m\u00fctevaz\u0131 g\u00fczelli\u011fi her gard\u0131roba ta\u015f\u0131yor.<\/p><h2><b>Bize Ula\u015f\u0131n<\/b><\/h2><p><span style=\"font-weight: 400;\">Sizden haber almak bizi her zaman mutlu eder.<\/span><br><span style=\"font-weight: 400;\"> \ud83d\udce7 <\/span><b>cs@modesthanim.com<\/b><\/p>\t\t\t\t\t\t\t\t<\/div>\n\t\t\t\t\t<\/div>\n\t\t<\/div>\n\t\t\t\t\t<\/div>\n\t\t<\/section>\n\t\t\t\t<\/div>\n\t\t","protected":false},"excerpt":{"rendered":"<p>\u0130stanbul&#8217;da do\u011fan, m\u00fctevaz\u0131l\u0131\u011f\u0131n modern zarafetle bulu\u015ftu\u011fu se\u00e7kin T\u00fcrk moda markas\u0131 Modest Han\u0131m&#8217;a ho\u015f geldiniz.Zarif tasar\u0131mlar, birinci s\u0131n\u0131f i\u015f\u00e7ilik ve zamans\u0131z<\/p>\n","protected":false},"author":1,"featured_media":0,"parent":0,"menu_order":0,"comment_status":"closed","ping_status":"closed","template":"","meta":{"footnotes":""},"class_list":["post-4088","page","type-page","status-publish","hentry"],"_links":{"self":[{"href":"http:\/\/mod.wisdar.net\/tr\/wp-json\/wp\/v2\/pages\/4088","targetHints":{"allow":["GET"]}}],"collection":[{"href":"http:\/\/mod.wisdar.net\/tr\/wp-json\/wp\/v2\/pages"}],"about":[{"href":"http:\/\/mod.wisdar.net\/tr\/wp-json\/wp\/v2\/types\/page"}],"author":[{"embeddable":true,"href":"http:\/\/mod.wisdar.net\/tr\/wp-json\/wp\/v2\/users\/1"}],"replies":[{"embeddable":true,"href":"http:\/\/mod.wisdar.net\/tr\/wp-json\/wp\/v2\/comments?post=4088"}],"version-history":[{"count":0,"href":"http:\/\/mod.wisdar.net\/tr\/wp-json\/wp\/v2\/pages\/4088\/revisions"}],"wp:attachment":[{"href":"http:\/\/mod.wisdar.net\/tr\/wp-json\/wp\/v2\/media?parent=4088"}],"curies":[{"name":"wp","href":"https:\/\/api.w.org\/{rel}","templated":true}]}}