{"id":81013,"date":"2025-11-26T10:44:53","date_gmt":"2025-11-26T10:44:53","guid":{"rendered":"https:\/\/modesthanim.com\/gizlilik-politikasi\/"},"modified":"2026-01-28T10:59:51","modified_gmt":"2026-01-28T10:59:51","slug":"gizlilik-politikasi","status":"publish","type":"page","link":"http:\/\/mod.wisdar.net\/tr\/gizlilik-politikasi\/","title":{"rendered":"Gizlilik Politikas\u0131"},"content":{"rendered":"\t\t<div data-elementor-type=\"wp-page\" data-elementor-id=\"81013\" class=\"elementor elementor-81013 elementor-29594\">\n\t\t\t\t\t\t<section class=\"elementor-section elementor-top-section elementor-element elementor-element-65458c37 elementor-section-boxed elementor-section-height-default elementor-section-height-default\" data-id=\"65458c37\" data-element_type=\"section\" data-e-type=\"section\">\n\t\t\t\t\t\t<div class=\"elementor-container elementor-column-gap-default\">\n\t\t\t\t\t<div class=\"elementor-column elementor-col-100 elementor-top-column elementor-element elementor-element-22385104\" data-id=\"22385104\" data-element_type=\"column\" data-e-type=\"column\">\n\t\t\t<div class=\"elementor-widget-wrap elementor-element-populated\">\n\t\t\t\t\t\t<div class=\"elementor-element elementor-element-23464c3 elementor-widget elementor-widget-text-editor\" data-id=\"23464c3\" data-element_type=\"widget\" data-e-type=\"widget\" data-widget_type=\"text-editor.default\">\n\t\t\t\t\t\t\t\t\t<p style=\"direction: rtl;\"><strong>Gizlilik Politikas\u0131<\/strong><\/p>\n<p style=\"direction: rtl;\">Son g\u00fcncelleme: Kas\u0131m 2025<\/p>\n<p style=\"direction: rtl;\">\n<\/p><p style=\"direction: rtl;\">W\u0130SDAR NETWORK TEKNOLOJ\u0130 VE B\u0130L\u0130\u015e\u0130M H\u0130ZMETLER\u0130 DANI\u015eMANLIK ANON\u0130M \u015e\u0130RKET\u0130 (\u201c\u015eirket\u201d, \u201cbiz\u201d, \u201csite\u201d) olarak gizlili\u011finize b\u00fcy\u00fck \u00f6nem veriyoruz.<\/p>\n<p style=\"direction: rtl;\">Bu politika, www.modesthanim.com sitesini ziyaret etti\u011finizde veya hizmetlerimizi kulland\u0131\u011f\u0131n\u0131zda ki\u015fisel verilerinizi nas\u0131l toplad\u0131\u011f\u0131m\u0131z\u0131, kulland\u0131\u011f\u0131m\u0131z\u0131 ve korudu\u011fumuzu a\u00e7\u0131klamay\u0131 ama\u00e7lamaktad\u0131r.<\/p>\n<p style=\"direction: rtl;\">Sitemize giri\u015f yapman\u0131z veya herhangi bir hizmetimizi kullanman\u0131z, bu politikan\u0131n maddelerini kabul etti\u011finiz anlam\u0131na gelir.<\/p>\n<p style=\"direction: rtl;\"><b>&nbsp;<\/b><\/p>\n<h3 style=\"direction: rtl;\"><strong style=\"font-family: inherit; font-size: 1em;\"> 1.  <\/strong><strong style=\"font-family: inherit; font-size: 1em;\">Toplad\u0131\u011f\u0131m\u0131z Bilgiler<\/strong><\/h3>\n<p style=\"direction: rtl;\"><strong>G\u00fcvenli ve sorunsuz bir al\u0131\u015fveri\u015f deneyimi sa\u011flamak i\u00e7in \u00e7e\u015fitli t\u00fcrde bilgiler topluyoruz, bunlar \u015funlar\u0131 i\u00e7erir<\/strong><strong>:<\/strong><\/p>\n<ul>\n<li style=\"direction: rtl;\">Ki\u015fisel Veriler: Tam ad, telefon numaras\u0131, e-posta, kargo ve fatura adresi gibi.<\/li>\n<li style=\"direction: rtl;\">\u00d6deme Bilgileri: G\u00fcvenilir elektronik \u00f6deme sistemleri arac\u0131l\u0131\u011f\u0131yla g\u00fcvenli bir \u015fekilde i\u015flenir. \u00d6deme kart\u0131 bilgilerini veya \u015fifreleri sunucular\u0131m\u0131zda saklam\u0131yoruz. <\/li>\n<li style=\"direction: rtl;\">Teknik Veriler: IP adresi, taray\u0131c\u0131 t\u00fcr\u00fc, i\u015fletim sistemi, yakla\u015f\u0131k co\u011frafi konum, ziyaret saati ve tarihi, ziyaret edilen sayfalar gibi.<\/li>\n<li style=\"direction: rtl;\">Kullan\u0131m Verileri: Sat\u0131n alma ge\u00e7mi\u015fi, sepete eklenen \u00fcr\u00fcnler ve al\u0131\u015fveri\u015f tercihleri gibi.<\/li>\n<li style=\"direction: rtl;\"><br><\/li>\n<\/ul>\n<p style=\"direction: rtl;\">\n<\/p><p style=\"direction: rtl;\">\n<\/p><h3>\n<ol start=\"2\">\n<li style=\"direction: rtl;\"><strong>&nbsp;<\/strong><strong>Bilgilerin Kullan\u0131m \u015eekli<\/strong><\/li>\n<\/ol>\n<\/h3>\n<p style=\"direction: rtl;\"><strong>Toplad\u0131\u011f\u0131m\u0131z bilgileri a\u015fa\u011f\u0131daki ama\u00e7lar i\u00e7in kullan\u0131yoruz<\/strong><strong>:<\/strong><\/p>\n<ul>\n<li style=\"direction: rtl;\">Sipari\u015fleri i\u015fleme, onaylama ve \u00fcr\u00fcnleri do\u011fru adrese g\u00f6nderme.<\/li>\n<li style=\"direction: rtl;\">Sipari\u015fleriniz, sorular\u0131n\u0131z veya hizmet g\u00fcncellemeleri hakk\u0131nda sizinle ileti\u015fim kurma.<\/li>\n<li style=\"direction: rtl;\">Kullan\u0131c\u0131 deneyimini iyile\u015ftirme ve siteyi ve hizmetleri s\u00fcrekli olarak geli\u015ftirme.<\/li>\n<li style=\"direction: rtl;\">Kabul etmeniz halinde promosyon teklifleri veya \u00f6zel uyar\u0131lar g\u00f6nderme.<\/li>\n<li style=\"direction: rtl;\">Y\u00fcr\u00fcrl\u00fckteki yasalara g\u00f6re yasal ve vergi y\u00fck\u00fcml\u00fcl\u00fcklerine uyma.<\/li>\n<\/ul>\n<p style=\"direction: rtl;\">\n<\/p><p style=\"direction: rtl;\">\n<\/p><h3>\n<ol start=\"3\">\n<li style=\"direction: rtl;\"><strong>&nbsp;<\/strong><strong>Bilgilerin Korunmas\u0131<\/strong><\/li>\n<\/ol>\n<\/h3>\n<p style=\"direction: rtl;\"><strong>Verilerinizi y\u00fcksek d\u00fczeyde g\u00fcvenlik sistemleri ve prosed\u00fcrleri kullanarak korumay\u0131 taahh\u00fct ediyoruz, bunlar \u015funlar\u0131 i\u00e7erir<\/strong><strong>:<\/strong><\/p>\n<ul>\n<li style=\"direction: rtl;\">G\u00fcvenli protokoller (SSL) \u00fczerinden ileti\u015fim \u015fifreleme.<\/li>\n<li style=\"direction: rtl;\">\u00d6deme i\u015flemlerini tamamen onayl\u0131 ve g\u00fcvenli sistemler \u00fczerinden i\u015fleme.<\/li>\n<li style=\"direction: rtl;\">Hassas bilgilere eri\u015fimi yaln\u0131zca yetkili \u00e7al\u0131\u015fanlarla s\u0131n\u0131rlama.<\/li>\n<li style=\"direction: rtl;\">Verileri yetkisiz eri\u015fime kar\u015f\u0131 korumak i\u00e7in g\u00fcvenlik prosed\u00fcrlerinin d\u00fczenli olarak g\u00f6zden ge\u00e7irilmesi.<\/li>\n<\/ul>\n<p style=\"direction: rtl;\">\n<\/p><h3>\n<ol start=\"4\">\n<li style=\"direction: rtl;\"><strong>&nbsp;<\/strong><strong>\u00dc\u00e7\u00fcnc\u00fc Taraflarla Bilgi Payla\u015f\u0131m\u0131<\/strong><\/li>\n<\/ol>\n<\/h3>\n<p style=\"direction: rtl;\"><strong>Hizmetleri do\u011fru bir \u015fekilde sunmak i\u00e7in yaln\u0131zca gerekli bilgileri g\u00fcvenilir taraflarla payla\u015fabiliriz, \u00f6rne\u011fin<\/strong><strong>:<\/strong><\/p>\n<ul>\n<li style=\"direction: rtl;\">Kargo ve teslimat \u015firketleri.<\/li>\n<li style=\"direction: rtl;\">Elektronik \u00f6deme hizmeti sa\u011flay\u0131c\u0131lar\u0131.<\/li>\n<li style=\"direction: rtl;\">Performans\u0131 ve kullan\u0131c\u0131 deneyimini iyile\u015ftirmek i\u00e7in analiz ve pazarlama hizmet sa\u011flay\u0131c\u0131lar\u0131.<\/li>\n<li style=\"direction: rtl;\">Ki\u015fisel verilerinizi herhangi bir \u00fc\u00e7\u00fcnc\u00fc tarafa satmad\u0131\u011f\u0131m\u0131z\u0131, kiralamad\u0131\u011f\u0131m\u0131z\u0131 veya ticaretini yapmad\u0131\u011f\u0131m\u0131z\u0131 teyit ederiz.<\/li>\n<\/ul>\n<p style=\"direction: rtl;\">\n<\/p><p style=\"direction: rtl;\">\n<\/p><h3>\n<ol start=\"5\">\n<li style=\"direction: rtl;\"><strong>&nbsp;<\/strong><strong>\u00c7erezler<\/strong><strong> (Cookies)<\/strong><\/li>\n<\/ol>\n<\/h3>\n<p style=\"direction: rtl;\">Sitemiz, gezinme deneyimini iyile\u015ftirmek ve i\u00e7eri\u011fi tercihlerinize g\u00f6re \u00f6zelle\u015ftirmek i\u00e7in \u00e7erezler (Cookies) kullanmaktad\u0131r.<\/p>\n<p style=\"direction: rtl;\">\u00c7erezleri taray\u0131c\u0131 ayarlar\u0131n\u0131zdan devre d\u0131\u015f\u0131 b\u0131rakabilirsiniz, ancak bu sitenin baz\u0131 i\u015flevlerini etkileyebilir.<\/p>\n<p style=\"direction: rtl;\">\n<\/p><p style=\"direction: rtl;\">\n<\/p><p style=\"direction: rtl;\">\n<\/p><h3>\n<ol start=\"6\">\n<li style=\"direction: rtl;\"><strong>&nbsp;<\/strong><strong>Kullan\u0131c\u0131 Haklar\u0131<\/strong><\/li>\n<\/ol>\n<\/h3>\n<p style=\"direction: rtl;\"><strong>T\u00fcrk Ki\u015fisel Verilerin Korunmas\u0131 Kanunu<\/strong><strong> (KVKK) <\/strong><strong>ve Avrupa Birli\u011fi Genel Veri Koruma T\u00fcz\u00fc\u011f\u00fc<\/strong><strong> (GDPR)<\/strong><strong>&#8216;ne g\u00f6re \u015fu haklara sahipsiniz<\/strong><strong>:<\/strong><\/p>\n<ul>\n<li style=\"direction: rtl;\">Ki\u015fisel verilerinize eri\u015fme veya bir kopyas\u0131n\u0131 talep etme.<\/li>\n<li style=\"direction: rtl;\">Verilerinizin d\u00fczeltilmesini veya g\u00fcncellenmesini talep etme.<\/li>\n<li style=\"direction: rtl;\">Verilerinizin sistemlerimizden silinmesini talep etme.<\/li>\n<li style=\"direction: rtl;\">Verilerinizin pazarlama ama\u00e7l\u0131 i\u015flenmesine itiraz etme.<\/li>\n<\/ul>\n<p style=\"direction: rtl;\">\n<\/p><p style=\"direction: rtl;\"><strong>Bu haklar\u0131 kullanmak i\u00e7in l\u00fctfen a\u015fa\u011f\u0131daki e-posta adresi \u00fczerinden bizimle ileti\u015fime ge\u00e7in<\/strong><strong>:<\/strong><\/p>\n<p style=\"direction: rtl;\">\ud83d\udce7 info@modesthanim.com<\/p>\n<p style=\"direction: rtl;\">\n<\/p><p style=\"direction: rtl;\">\n<\/p><p style=\"direction: rtl;\">\n<\/p><h3>\n<ol start=\"7\">\n<li style=\"direction: rtl;\"><strong>&nbsp;<\/strong><strong>Verilerin Saklanmas\u0131<\/strong><\/li>\n<\/ol>\n<\/h3>\n<p style=\"direction: rtl;\">Ki\u015fisel verilerinizi, hizmetlerimizi sunmak veya yasal ve vergi gerekliliklerini yerine getirmek i\u00e7in gerekli oldu\u011fu s\u00fcrece sakl\u0131yoruz.<\/p>\n<p style=\"direction: rtl;\">Verilerinizin silinmesini talep etti\u011finizde, 30 g\u00fcn\u00fc a\u015fmayan bir s\u00fcre i\u00e7inde sistemlerimizden g\u00fcvenli bir \u015fekilde kald\u0131r\u0131yoruz.<\/p>\n<p style=\"direction: rtl;\">\n<\/p><p style=\"direction: rtl;\">\n<\/p><p style=\"direction: rtl;\">\n<\/p><h3>\n<ol start=\"8\">\n<li style=\"direction: rtl;\"><strong>&nbsp;<\/strong><strong>Harici Ba\u011flant\u0131lar<\/strong><\/li>\n<\/ol>\n<\/h3>\n<ul>\n<li style=\"direction: rtl;\">Sitemiz harici sitelere ba\u011flant\u0131lar i\u00e7erebilir.<\/li>\n<li style=\"direction: rtl;\">Bu sitelerin i\u00e7eri\u011finden veya gizlilik politikalar\u0131ndan sorumlu de\u011filiz.<\/li>\n<li style=\"direction: rtl;\">Ziyaret etti\u011finiz her sitenin gizlilik politikas\u0131n\u0131 okuman\u0131z\u0131 \u00f6neririz.<\/li>\n<\/ul>\n<p style=\"direction: rtl;\">\n<\/p><p style=\"direction: rtl;\">\n<\/p><p style=\"direction: rtl;\">\n<\/p><h3>\n<ol start=\"9\">\n<li style=\"direction: rtl;\"><strong>&nbsp;<\/strong><strong>Gizlilik Politikas\u0131nda De\u011fi\u015fiklikler<\/strong><\/li>\n<\/ol>\n<\/h3>\n<ul>\n<li style=\"direction: rtl;\">Bu politikay\u0131 herhangi bir zamanda de\u011fi\u015ftirme veya g\u00fcncelleme hakk\u0131n\u0131 sakl\u0131 tutuyoruz.<\/li>\n<li style=\"direction: rtl;\">De\u011fi\u015fiklikler bu sayfada yay\u0131nlanacak ve en \u00fcstte son g\u00f6zden ge\u00e7irme tarihi g\u00fcncellenecektir.<\/li>\n<li style=\"direction: rtl;\">Herhangi bir de\u011fi\u015fiklikten sonra siteyi kullanmaya devam etmeniz, g\u00fcncellenmi\u015f politikay\u0131 z\u0131mnen kabul etti\u011finiz anlam\u0131na gelir.<\/li>\n<\/ul>\n<p style=\"direction: rtl;\">\n<\/p><p style=\"direction: rtl;\">\n<\/p><h3>\n<ol start=\"10\">\n<li style=\"direction: rtl;\"><strong>&nbsp;<\/strong><strong>\u0130leti\u015fim Bilgileri<\/strong><\/li>\n<\/ol>\n<\/h3>\n<p style=\"direction: rtl;\"><strong>Gizlilik politikas\u0131 veya ki\u015fisel verilerinizin i\u015flenmesiyle ilgili herhangi bir sorunuz i\u00e7in bizimle \u015fu \u015fekilde ileti\u015fime ge\u00e7ebilirsiniz<\/strong><strong>:<\/strong><\/p>\n<p style=\"direction: rtl;\">W\u0130SDAR NETWORK TEKNOLOJ\u0130 VE B\u0130L\u0130\u015e\u0130M H\u0130ZMETLER\u0130 DANI\u015eMANLIK ANON\u0130M \u015e\u0130RKET\u0130<\/p>\n<p style=\"direction: rtl;\">\ud83d\udccdAdres: KAVACIK MAH. FAT\u0130H SULTAN MEHMET CAD. TONO\u011eLU PLAZA NO:3\/4 \u0130STANBUL BEYKOZ  <\/p>\n<p style=\"direction: rtl;\">\ud83e\uddfe Vergi Numaras\u0131: 8140764426<\/p>\n<p style=\"direction: rtl;\">\ud83d\udce7 E-posta: info@modesthanim.com<\/p>\t\t\t\t\t\t\t\t<\/div>\n\t\t\t\t\t<\/div>\n\t\t<\/div>\n\t\t\t\t\t<\/div>\n\t\t<\/section>\n\t\t\t\t<\/div>\n\t\t","protected":false},"excerpt":{"rendered":"<p>Gizlilik Politikas\u0131 Son g\u00fcncelleme: Kas\u0131m 2025 W\u0130SDAR NETWORK TEKNOLOJ\u0130 VE B\u0130L\u0130\u015e\u0130M H\u0130ZMETLER\u0130 DANI\u015eMANLIK ANON\u0130M \u015e\u0130RKET\u0130 (\u201c\u015eirket\u201d, \u201cbiz\u201d, \u201csite\u201d) olarak gizlili\u011finize b\u00fcy\u00fck \u00f6nem veriyoruz. Bu politika, www.modesthanim.com sitesini ziyaret etti\u011finizde veya hizmetlerimizi kulland\u0131\u011f\u0131n\u0131zda ki\u015fisel verilerinizi nas\u0131l toplad\u0131\u011f\u0131m\u0131z\u0131, kulland\u0131\u011f\u0131m\u0131z\u0131 ve korudu\u011fumuzu a\u00e7\u0131klamay\u0131 ama\u00e7lamaktad\u0131r. Sitemize giri\u015f yapman\u0131z veya herhangi bir hizmetimizi kullanman\u0131z, bu politikan\u0131n maddelerini kabul etti\u011finiz anlam\u0131na [&hellip;]<\/p>\n","protected":false},"author":2,"featured_media":0,"parent":0,"menu_order":0,"comment_status":"closed","ping_status":"closed","template":"","meta":{"footnotes":""},"class_list":["post-81013","page","type-page","status-publish","hentry"],"_links":{"self":[{"href":"http:\/\/mod.wisdar.net\/tr\/wp-json\/wp\/v2\/pages\/81013","targetHints":{"allow":["GET"]}}],"collection":[{"href":"http:\/\/mod.wisdar.net\/tr\/wp-json\/wp\/v2\/pages"}],"about":[{"href":"http:\/\/mod.wisdar.net\/tr\/wp-json\/wp\/v2\/types\/page"}],"author":[{"embeddable":true,"href":"http:\/\/mod.wisdar.net\/tr\/wp-json\/wp\/v2\/users\/2"}],"replies":[{"embeddable":true,"href":"http:\/\/mod.wisdar.net\/tr\/wp-json\/wp\/v2\/comments?post=81013"}],"version-history":[{"count":1,"href":"http:\/\/mod.wisdar.net\/tr\/wp-json\/wp\/v2\/pages\/81013\/revisions"}],"predecessor-version":[{"id":81016,"href":"http:\/\/mod.wisdar.net\/tr\/wp-json\/wp\/v2\/pages\/81013\/revisions\/81016"}],"wp:attachment":[{"href":"http:\/\/mod.wisdar.net\/tr\/wp-json\/wp\/v2\/media?parent=81013"}],"curies":[{"name":"wp","href":"https:\/\/api.w.org\/{rel}","templated":true}]}}