{"id":101369,"date":"2026-02-15T18:54:14","date_gmt":"2026-02-15T18:54:14","guid":{"rendered":"https:\/\/modesthanim.com\/product\/gri-erkek-bebek-hirka-body-ve-patikli-pantolon-takimi\/"},"modified":"2026-03-20T09:25:27","modified_gmt":"2026-03-20T09:25:27","slug":"gri-erkek-bebek-hirka-body-ve-patikli-pantolon-takimi","status":"publish","type":"product","link":"http:\/\/mod.wisdar.net\/tr\/urun\/gri-erkek-bebek-hirka-body-ve-patikli-pantolon-takimi\/","title":{"rendered":"Gri Erkek Bebek H\u0131rka Body ve Patikli Pantolon Tak\u0131m\u0131"},"content":{"rendered":"<p>LCW baby Gri Erkek Bebek H\u0131rka Body ve Patikli Pantolon Tak\u0131m\u0131 size \u00f6zel indirim, taksit ve kap\u0131da \u00f6deme avantajlar\u0131yla LCW&#8217;de! Hemen online al\u0131\u015fveri\u015f yap, \u00fcr\u00fcn kap\u0131na gelsin! \u2013 S6FI30Z1-JNM<\/p>\n<p>\u2014 Technical Details \u2014<br \/>\nMen\u015fei: Turk\u0131ye<br \/>\nSat\u0131c\u0131: LC Waikiki<br \/>\nMarka: LCW baby<br \/>\n\u00dcr\u00fcn Tipi: Tak\u0131m<br \/>\nCinsiyet: Erkek Bebek<br \/>\nKal\u0131p: Standart &amp; Regular<br \/>\nKuma\u015f: Penye<br \/>\nBel Fiti: Beli Lastikli<br \/>\nDesen: D\u00fcz<br \/>\nYaka: Bisiklet Yaka<br \/>\nKal\u0131nl\u0131k: \u0130nce<br \/>\nKol Boyu: Uzun Kollu<br \/>\nPaket \u0130\u00e7eri\u011fi: 3&#8217;l\u00fc Paket<br \/>\nMalzeme: Y\u00fcksek Pamuk \u0130\u00e7erir<br \/>\nKoleksiyon: Yenido\u011fan<br \/>\nPar\u00e7a Say\u0131s\u0131: 3 Par\u00e7a<br \/>\nPatik \u00d6zelli\u011fi: Patikli<\/p>\n","protected":false},"excerpt":{"rendered":"<p>LCW baby Gri Erkek Bebek H\u0131rka Body ve Patikli Pantolon Tak\u0131m\u0131 size \u00f6zel indirim, taksit ve kap\u0131da \u00f6deme avantajlar\u0131yla LCW&#8217;de! Hemen online al\u0131\u015fveri\u015f yap, \u00fcr\u00fcn kap\u0131na gelsin! \u2013 S6FI30Z1-JNM \u2014 Technical Details \u2014 Men\u015fei: Turk\u0131ye Sat\u0131c\u0131: LC Waikiki Marka: LCW baby \u00dcr\u00fcn Tipi: Tak\u0131m Cinsiyet: Erkek Bebek Kal\u0131p: Standart &amp; Regular Kuma\u015f: Penye Bel Fiti: [&hellip;]<\/p>\n","protected":false},"featured_media":101362,"comment_status":"open","ping_status":"closed","template":"","meta":[],"product_brand":[],"product_cat":[8703,8694,8697],"product_tag":[7308,7604,7488],"class_list":{"0":"post-101369","1":"product","2":"type-product","3":"status-publish","4":"has-post-thumbnail","6":"product_cat-bebek-setleri","7":"product_cat-cocuklar","8":"product_cat-yenidogan-0-12-ay","9":"product_tag-hirka","10":"product_tag-lcw","11":"product_tag-pamuk","12":"pa_brand-lcw-baby","13":"pa_color-gri","14":"pa_size-0-1-ay","15":"pa_size-1-3-ay","16":"pa_size-3-6-ay","17":"pa_size-6-9-ay","19":"first","20":"instock","21":"sale","22":"shipping-taxable","23":"purchasable","24":"product-type-variable"},"_links":{"self":[{"href":"http:\/\/mod.wisdar.net\/tr\/wp-json\/wp\/v2\/product\/101369","targetHints":{"allow":["GET"]}}],"collection":[{"href":"http:\/\/mod.wisdar.net\/tr\/wp-json\/wp\/v2\/product"}],"about":[{"href":"http:\/\/mod.wisdar.net\/tr\/wp-json\/wp\/v2\/types\/product"}],"replies":[{"embeddable":true,"href":"http:\/\/mod.wisdar.net\/tr\/wp-json\/wp\/v2\/comments?post=101369"}],"wp:featuredmedia":[{"embeddable":true,"href":"http:\/\/mod.wisdar.net\/tr\/wp-json\/wp\/v2\/media\/101362"}],"wp:attachment":[{"href":"http:\/\/mod.wisdar.net\/tr\/wp-json\/wp\/v2\/media?parent=101369"}],"wp:term":[{"taxonomy":"product_brand","embeddable":true,"href":"http:\/\/mod.wisdar.net\/tr\/wp-json\/wp\/v2\/product_brand?post=101369"},{"taxonomy":"product_cat","embeddable":true,"href":"http:\/\/mod.wisdar.net\/tr\/wp-json\/wp\/v2\/product_cat?post=101369"},{"taxonomy":"product_tag","embeddable":true,"href":"http:\/\/mod.wisdar.net\/tr\/wp-json\/wp\/v2\/product_tag?post=101369"}],"curies":[{"name":"wp","href":"https:\/\/api.w.org\/{rel}","templated":true}]}}