{"id":102994,"date":"2026-02-16T04:59:28","date_gmt":"2026-02-16T04:59:28","guid":{"rendered":"https:\/\/modesthanim.com\/product\/gri-erkek-bebek-citcitli-tulum-2li-takim\/"},"modified":"2026-04-15T05:14:10","modified_gmt":"2026-04-15T05:14:10","slug":"gri-erkek-bebek-citcitli-tulum-2li-takim","status":"publish","type":"product","link":"http:\/\/mod.wisdar.net\/tr\/urun\/gri-erkek-bebek-citcitli-tulum-2li-takim\/","title":{"rendered":"Gri Erkek Bebek \u00c7\u0131t\u00e7\u0131tl\u0131 Tulum 2&#8217;li Tak\u0131m"},"content":{"rendered":"<p>LCW baby Gri Erkek Bebek \u00c7\u0131t\u00e7\u0131tl\u0131 Tulum 2&#8217;li Tak\u0131m size \u00f6zel indirim, taksit ve kap\u0131da \u00f6deme avantajlar\u0131yla LCW&#8217;de! Hemen online al\u0131\u015fveri\u015f yap, \u00fcr\u00fcn kap\u0131na gelsin! \u2013 S5DR84Z1-LRV<\/p>\n<p>\u2014 Technical Details \u2014<br \/>\nMen\u015fei: Hindistan,Turk\u0131ye<br \/>\nSat\u0131c\u0131: LC Waikiki<br \/>\nMarka: LCW baby<br \/>\n\u00dcr\u00fcn Tipi: Tulum<br \/>\nCinsiyet: Erkek Bebek<br \/>\nKal\u0131p: Standart &amp; Regular<br \/>\nKuma\u015f: Penye<br \/>\nDesen: Bask\u0131l\u0131<br \/>\nYaka: Bisiklet Yaka<br \/>\nPa\u00e7a Fiti: D\u00fcz Pa\u00e7a<br \/>\nKal\u0131nl\u0131k: \u0130nce<br \/>\nKol Boyu: K\u0131sa Kollu<br \/>\nMalzeme: %100 Pamuk<br \/>\nPaket \u0130\u00e7eri\u011fi: 2&#8217;li Paket<br \/>\nKoleksiyon: Yenido\u011fan<br \/>\nPar\u00e7a Say\u0131s\u0131: 2 Par\u00e7a<\/p>\n","protected":false},"excerpt":{"rendered":"<p>LCW baby Gri Erkek Bebek \u00c7\u0131t\u00e7\u0131tl\u0131 Tulum 2&#8217;li Tak\u0131m size \u00f6zel indirim, taksit ve kap\u0131da \u00f6deme avantajlar\u0131yla LCW&#8217;de! Hemen online al\u0131\u015fveri\u015f yap, \u00fcr\u00fcn kap\u0131na gelsin! \u2013 S5DR84Z1-LRV \u2014 Technical Details \u2014 Men\u015fei: Hindistan,Turk\u0131ye Sat\u0131c\u0131: LC Waikiki Marka: LCW baby \u00dcr\u00fcn Tipi: Tulum Cinsiyet: Erkek Bebek Kal\u0131p: Standart &amp; Regular Kuma\u015f: Penye Desen: Bask\u0131l\u0131 Yaka: Bisiklet [&hellip;]<\/p>\n","protected":false},"featured_media":102987,"comment_status":"open","ping_status":"closed","template":"","meta":[],"product_brand":[],"product_cat":[8745,8739,8694,8706,8697],"product_tag":[4579,4560,8022,8110,7444],"class_list":{"0":"post-102994","1":"product","2":"type-product","3":"status-publish","4":"has-post-thumbnail","6":"product_cat-erkek-cocuk-takimlari","7":"product_cat-erkek-cocuklar-2-14-yas","8":"product_cat-cocuklar","9":"product_cat-tulum","10":"product_cat-yenidogan-0-12-ay","11":"product_tag-100-cotton","12":"product_tag-2-pieces","13":"product_tag-baskili-2","14":"product_tag-bisiklet-yaka-2","15":"product_tag-jarse","16":"pa_brand-lcw-baby","17":"pa_color-gri","18":"pa_size-1-3-ay","19":"pa_size-12-18-ay","20":"pa_size-18-24-ay","21":"pa_size-2-3-yas","22":"pa_size-3-6-ay","23":"pa_size-6-9-ay","24":"pa_size-9-12-ay","26":"first","27":"instock","28":"sale","29":"shipping-taxable","30":"purchasable","31":"product-type-variable"},"_links":{"self":[{"href":"http:\/\/mod.wisdar.net\/tr\/wp-json\/wp\/v2\/product\/102994","targetHints":{"allow":["GET"]}}],"collection":[{"href":"http:\/\/mod.wisdar.net\/tr\/wp-json\/wp\/v2\/product"}],"about":[{"href":"http:\/\/mod.wisdar.net\/tr\/wp-json\/wp\/v2\/types\/product"}],"replies":[{"embeddable":true,"href":"http:\/\/mod.wisdar.net\/tr\/wp-json\/wp\/v2\/comments?post=102994"}],"wp:featuredmedia":[{"embeddable":true,"href":"http:\/\/mod.wisdar.net\/tr\/wp-json\/wp\/v2\/media\/102987"}],"wp:attachment":[{"href":"http:\/\/mod.wisdar.net\/tr\/wp-json\/wp\/v2\/media?parent=102994"}],"wp:term":[{"taxonomy":"product_brand","embeddable":true,"href":"http:\/\/mod.wisdar.net\/tr\/wp-json\/wp\/v2\/product_brand?post=102994"},{"taxonomy":"product_cat","embeddable":true,"href":"http:\/\/mod.wisdar.net\/tr\/wp-json\/wp\/v2\/product_cat?post=102994"},{"taxonomy":"product_tag","embeddable":true,"href":"http:\/\/mod.wisdar.net\/tr\/wp-json\/wp\/v2\/product_tag?post=102994"}],"curies":[{"name":"wp","href":"https:\/\/api.w.org\/{rel}","templated":true}]}}