{"id":103074,"date":"2026-02-16T05:00:18","date_gmt":"2026-02-16T05:00:18","guid":{"rendered":"https:\/\/modesthanim.com\/product\/mercan-kapusonlu-pelus-kiz-bebek-tulum\/"},"modified":"2026-04-01T02:11:04","modified_gmt":"2026-04-01T02:11:04","slug":"mercan-kapusonlu-pelus-kiz-bebek-tulum","status":"publish","type":"product","link":"http:\/\/mod.wisdar.net\/tr\/urun\/mercan-kapusonlu-pelus-kiz-bebek-tulum\/","title":{"rendered":"Mercan Kap\u00fc\u015fonlu Pel\u00fc\u015f K\u0131z Bebek Tulum"},"content":{"rendered":"<p>LCW baby Mercan Kap\u00fc\u015fonlu Pel\u00fc\u015f K\u0131z Bebek Tulum size \u00f6zel indirim, taksit ve kap\u0131da \u00f6deme avantajlar\u0131yla LCW&#8217;de! Hemen online al\u0131\u015fveri\u015f yap, \u00fcr\u00fcn kap\u0131na gelsin! \u2013 W5MM94Z1-GB4<\/p>\n<p>\u2014 Technical Details \u2014<br \/>\nMen\u015fei: Turk\u0131ye<br \/>\nSat\u0131c\u0131: LC Waikiki<br \/>\nMarka: LCW baby<br \/>\n\u00dcr\u00fcn Tipi: Tulum<br \/>\nCinsiyet: K\u0131z Bebek<br \/>\nKal\u0131p: Standart &amp; Regular<br \/>\nKuma\u015f: Pel\u00fc\u015f<br \/>\nDesen: D\u00fcz<br \/>\nYaka: Kap\u00fc\u015fonlu<br \/>\nKal\u0131nl\u0131k: Kal\u0131n<br \/>\nKol Boyu: Uzun Kollu<br \/>\nPatik \u00d6zelli\u011fi: 0-12 Ay Patikli, 12 Ay+ Patiksiz<br \/>\nKoleksiyon: Yenido\u011fan<\/p>\n","protected":false},"excerpt":{"rendered":"<p>LCW baby Mercan Kap\u00fc\u015fonlu Pel\u00fc\u015f K\u0131z Bebek Tulum size \u00f6zel indirim, taksit ve kap\u0131da \u00f6deme avantajlar\u0131yla LCW&#8217;de! Hemen online al\u0131\u015fveri\u015f yap, \u00fcr\u00fcn kap\u0131na gelsin! \u2013 W5MM94Z1-GB4 \u2014 Technical Details \u2014 Men\u015fei: Turk\u0131ye Sat\u0131c\u0131: LC Waikiki Marka: LCW baby \u00dcr\u00fcn Tipi: Tulum Cinsiyet: K\u0131z Bebek Kal\u0131p: Standart &amp; Regular Kuma\u015f: Pel\u00fc\u015f Desen: D\u00fcz Yaka: Kap\u00fc\u015fonlu Kal\u0131nl\u0131k: [&hellip;]<\/p>\n","protected":false},"featured_media":103070,"comment_status":"open","ping_status":"closed","template":"","meta":[],"product_brand":[],"product_cat":[8694,8706,8697],"product_tag":[8964,8966,8965,8834,8867],"class_list":{"0":"post-103074","1":"product","2":"type-product","3":"status-publish","4":"has-post-thumbnail","6":"product_cat-cocuklar","7":"product_cat-tulum","8":"product_cat-yenidogan-0-12-ay","9":"product_tag-baby-girl-jumpsuit","10":"product_tag-coral-jumpsuit","11":"product_tag-hooded-plush","12":"product_tag-lcw-baby","13":"product_tag-newborn-clothing","14":"pa_brand-lcw-baby","15":"pa_color-mercan","16":"pa_size-1-3-ay","17":"pa_size-12-18-ay","18":"pa_size-3-6-ay","19":"pa_size-6-9-ay","20":"pa_size-9-12-ay","22":"first","23":"outofstock","24":"shipping-taxable","25":"product-type-variable"},"_links":{"self":[{"href":"http:\/\/mod.wisdar.net\/tr\/wp-json\/wp\/v2\/product\/103074","targetHints":{"allow":["GET"]}}],"collection":[{"href":"http:\/\/mod.wisdar.net\/tr\/wp-json\/wp\/v2\/product"}],"about":[{"href":"http:\/\/mod.wisdar.net\/tr\/wp-json\/wp\/v2\/types\/product"}],"replies":[{"embeddable":true,"href":"http:\/\/mod.wisdar.net\/tr\/wp-json\/wp\/v2\/comments?post=103074"}],"wp:featuredmedia":[{"embeddable":true,"href":"http:\/\/mod.wisdar.net\/tr\/wp-json\/wp\/v2\/media\/103070"}],"wp:attachment":[{"href":"http:\/\/mod.wisdar.net\/tr\/wp-json\/wp\/v2\/media?parent=103074"}],"wp:term":[{"taxonomy":"product_brand","embeddable":true,"href":"http:\/\/mod.wisdar.net\/tr\/wp-json\/wp\/v2\/product_brand?post=103074"},{"taxonomy":"product_cat","embeddable":true,"href":"http:\/\/mod.wisdar.net\/tr\/wp-json\/wp\/v2\/product_cat?post=103074"},{"taxonomy":"product_tag","embeddable":true,"href":"http:\/\/mod.wisdar.net\/tr\/wp-json\/wp\/v2\/product_tag?post=103074"}],"curies":[{"name":"wp","href":"https:\/\/api.w.org\/{rel}","templated":true}]}}