{"id":103196,"date":"2026-02-16T05:01:25","date_gmt":"2026-02-16T05:01:25","guid":{"rendered":"https:\/\/modesthanim.com\/product\/ekru-gomlek-yaka-ugur-bocegi-baskili-kiz-bebek-tulum\/"},"modified":"2026-04-15T05:11:23","modified_gmt":"2026-04-15T05:11:23","slug":"ekru-gomlek-yaka-ugur-bocegi-baskili-kiz-bebek-tulum","status":"publish","type":"product","link":"http:\/\/mod.wisdar.net\/tr\/urun\/ekru-gomlek-yaka-ugur-bocegi-baskili-kiz-bebek-tulum\/","title":{"rendered":"Ekru G\u00f6mlek Yaka U\u011fur B\u00f6ce\u011fi Bask\u0131l\u0131 K\u0131z Bebek Tulum"},"content":{"rendered":"<p>LCW baby Ekru G\u00f6mlek Yaka U\u011fur B\u00f6ce\u011fi Bask\u0131l\u0131 K\u0131z Bebek Tulum size \u00f6zel indirim, taksit ve kap\u0131da \u00f6deme avantajlar\u0131yla LCW&#8217;de! Hemen online al\u0131\u015fveri\u015f yap, \u00fcr\u00fcn kap\u0131na gelsin! \u2013 S64816Z1-LRA<\/p>\n<p>\u2014 Technical Details \u2014<br \/>\nSat\u0131c\u0131: LC Waikiki<br \/>\nMarka: LCW baby<br \/>\n\u00dcr\u00fcn Tipi: Tulum<br \/>\nCinsiyet: K\u0131z Bebek<br \/>\nKal\u0131p: Standart &amp; Regular<br \/>\nKuma\u015f: Penye<br \/>\nDesen: Bask\u0131l\u0131<br \/>\nYaka: G\u00f6mlek Yaka<br \/>\nKal\u0131nl\u0131k: \u0130nce<br \/>\nKol Boyu: Uzun Kollu<br \/>\nPatik \u00d6zelli\u011fi: Patiksiz<br \/>\nMalzeme: %100 Pamuk<br \/>\nKoleksiyon: Yenido\u011fan<\/p>\n","protected":false},"excerpt":{"rendered":"<p>LCW baby Ekru G\u00f6mlek Yaka U\u011fur B\u00f6ce\u011fi Bask\u0131l\u0131 K\u0131z Bebek Tulum size \u00f6zel indirim, taksit ve kap\u0131da \u00f6deme avantajlar\u0131yla LCW&#8217;de! Hemen online al\u0131\u015fveri\u015f yap, \u00fcr\u00fcn kap\u0131na gelsin! \u2013 S64816Z1-LRA \u2014 Technical Details \u2014 Sat\u0131c\u0131: LC Waikiki Marka: LCW baby \u00dcr\u00fcn Tipi: Tulum Cinsiyet: K\u0131z Bebek Kal\u0131p: Standart &amp; Regular Kuma\u015f: Penye Desen: Bask\u0131l\u0131 Yaka: G\u00f6mlek [&hellip;]<\/p>\n","protected":false},"featured_media":103192,"comment_status":"open","ping_status":"closed","template":"","meta":[],"product_brand":[],"product_cat":[8694,8706,8697],"product_tag":[],"class_list":{"0":"post-103196","1":"product","2":"type-product","3":"status-publish","4":"has-post-thumbnail","6":"product_cat-cocuklar","7":"product_cat-tulum","8":"product_cat-yenidogan-0-12-ay","9":"pa_brand-lcw-baby","10":"pa_color-ekru","11":"pa_size-1-3-ay","12":"pa_size-12-18-ay","13":"pa_size-3-6-ay","14":"pa_size-6-9-ay","15":"pa_size-9-12-ay","17":"first","18":"instock","19":"sale","20":"shipping-taxable","21":"purchasable","22":"product-type-variable"},"_links":{"self":[{"href":"http:\/\/mod.wisdar.net\/tr\/wp-json\/wp\/v2\/product\/103196","targetHints":{"allow":["GET"]}}],"collection":[{"href":"http:\/\/mod.wisdar.net\/tr\/wp-json\/wp\/v2\/product"}],"about":[{"href":"http:\/\/mod.wisdar.net\/tr\/wp-json\/wp\/v2\/types\/product"}],"replies":[{"embeddable":true,"href":"http:\/\/mod.wisdar.net\/tr\/wp-json\/wp\/v2\/comments?post=103196"}],"wp:featuredmedia":[{"embeddable":true,"href":"http:\/\/mod.wisdar.net\/tr\/wp-json\/wp\/v2\/media\/103192"}],"wp:attachment":[{"href":"http:\/\/mod.wisdar.net\/tr\/wp-json\/wp\/v2\/media?parent=103196"}],"wp:term":[{"taxonomy":"product_brand","embeddable":true,"href":"http:\/\/mod.wisdar.net\/tr\/wp-json\/wp\/v2\/product_brand?post=103196"},{"taxonomy":"product_cat","embeddable":true,"href":"http:\/\/mod.wisdar.net\/tr\/wp-json\/wp\/v2\/product_cat?post=103196"},{"taxonomy":"product_tag","embeddable":true,"href":"http:\/\/mod.wisdar.net\/tr\/wp-json\/wp\/v2\/product_tag?post=103196"}],"curies":[{"name":"wp","href":"https:\/\/api.w.org\/{rel}","templated":true}]}}