{"id":103494,"date":"2026-02-16T05:04:37","date_gmt":"2026-02-16T05:04:37","guid":{"rendered":"https:\/\/modesthanim.com\/product\/kirmizi-cilek-desenli-kiz-bebek-tulum-ve-sapka\/"},"modified":"2026-04-01T01:52:58","modified_gmt":"2026-04-01T01:52:58","slug":"kirmizi-cilek-desenli-kiz-bebek-tulum-ve-sapka","status":"publish","type":"product","link":"http:\/\/mod.wisdar.net\/tr\/urun\/kirmizi-cilek-desenli-kiz-bebek-tulum-ve-sapka\/","title":{"rendered":"K\u0131rm\u0131z\u0131 \u00c7ilek Desenli K\u0131z Bebek Tulum ve \u015eapka"},"content":{"rendered":"<p>LCW baby K\u0131rm\u0131z\u0131 \u00c7ilek Desenli K\u0131z Bebek Tulum ve \u015eapka size \u00f6zel indirim, taksit ve kap\u0131da \u00f6deme avantajlar\u0131yla LCW&#8217;de! Hemen online al\u0131\u015fveri\u015f yap, \u00fcr\u00fcn kap\u0131na gelsin! \u2013 S6CB87Z1-LTN<\/p>\n<p>\u2014 Technical Details \u2014<br \/>\nmaterial: Penye<br \/>\npattern: Bask\u0131l\u0131<br \/>\ncollar: Bisiklet Yaka<br \/>\nsleeve_length: K\u0131sa Kollu<br \/>\nthickness: \u0130nce<br \/>\nfit: Standart &amp; Regular<br \/>\ncollection: Yenido\u011fan<br \/>\npiece_count: 2 Par\u00e7a<\/p>\n","protected":false},"excerpt":{"rendered":"<p>LCW baby K\u0131rm\u0131z\u0131 \u00c7ilek Desenli K\u0131z Bebek Tulum ve \u015eapka size \u00f6zel indirim, taksit ve kap\u0131da \u00f6deme avantajlar\u0131yla LCW&#8217;de! Hemen online al\u0131\u015fveri\u015f yap, \u00fcr\u00fcn kap\u0131na gelsin! \u2013 S6CB87Z1-LTN \u2014 Technical Details \u2014 material: Penye pattern: Bask\u0131l\u0131 collar: Bisiklet Yaka sleeve_length: K\u0131sa Kollu thickness: \u0130nce fit: Standart &amp; Regular collection: Yenido\u011fan piece_count: 2 Par\u00e7a<\/p>\n","protected":false},"featured_media":103490,"comment_status":"open","ping_status":"closed","template":"","meta":[],"product_brand":[],"product_cat":[8694,8706,8697],"product_tag":[8982,8893,8978,8834,8851,8867,3154,8859,8979],"class_list":{"0":"post-103494","1":"product","2":"type-product","3":"status-publish","4":"has-post-thumbnail","6":"product_cat-cocuklar","7":"product_cat-tulum","8":"product_cat-yenidogan-0-12-ay","9":"product_tag-2-piece-set-2","10":"product_tag-baby-girl","11":"product_tag-hat-set","12":"product_tag-lcw-baby","13":"product_tag-newborn","14":"product_tag-newborn-clothing","15":"product_tag-red","16":"product_tag-romper","17":"product_tag-strawberry-pattern","18":"pa_brand-lcw-baby","19":"pa_color-kirmizi","20":"pa_size-1-3-ay","21":"pa_size-12-18-ay","22":"pa_size-18-24-ay","23":"pa_size-3-6-ay","24":"pa_size-6-9-ay","25":"pa_size-9-12-ay","27":"first","28":"instock","29":"sale","30":"shipping-taxable","31":"purchasable","32":"product-type-variable"},"_links":{"self":[{"href":"http:\/\/mod.wisdar.net\/tr\/wp-json\/wp\/v2\/product\/103494","targetHints":{"allow":["GET"]}}],"collection":[{"href":"http:\/\/mod.wisdar.net\/tr\/wp-json\/wp\/v2\/product"}],"about":[{"href":"http:\/\/mod.wisdar.net\/tr\/wp-json\/wp\/v2\/types\/product"}],"replies":[{"embeddable":true,"href":"http:\/\/mod.wisdar.net\/tr\/wp-json\/wp\/v2\/comments?post=103494"}],"wp:featuredmedia":[{"embeddable":true,"href":"http:\/\/mod.wisdar.net\/tr\/wp-json\/wp\/v2\/media\/103490"}],"wp:attachment":[{"href":"http:\/\/mod.wisdar.net\/tr\/wp-json\/wp\/v2\/media?parent=103494"}],"wp:term":[{"taxonomy":"product_brand","embeddable":true,"href":"http:\/\/mod.wisdar.net\/tr\/wp-json\/wp\/v2\/product_brand?post=103494"},{"taxonomy":"product_cat","embeddable":true,"href":"http:\/\/mod.wisdar.net\/tr\/wp-json\/wp\/v2\/product_cat?post=103494"},{"taxonomy":"product_tag","embeddable":true,"href":"http:\/\/mod.wisdar.net\/tr\/wp-json\/wp\/v2\/product_tag?post=103494"}],"curies":[{"name":"wp","href":"https:\/\/api.w.org\/{rel}","templated":true}]}}