{"id":103921,"date":"2026-02-16T05:09:02","date_gmt":"2026-02-16T05:09:02","guid":{"rendered":"https:\/\/modesthanim.com\/product\/kahverengi-kiz-cocuk-jile-elbise-ve-uzun-kollu-tisort\/"},"modified":"2026-04-05T22:51:06","modified_gmt":"2026-04-05T22:51:06","slug":"kahverengi-kiz-cocuk-jile-elbise-ve-uzun-kollu-tisort","status":"publish","type":"product","link":"http:\/\/mod.wisdar.net\/tr\/urun\/kahverengi-kiz-cocuk-jile-elbise-ve-uzun-kollu-tisort\/","title":{"rendered":"Kahverengi K\u0131z \u00c7ocuk Jile Elbise ve Uzun Kollu Ti\u015f\u00f6rt"},"content":{"rendered":"<p>LCW Kids Kahverengi K\u0131z \u00c7ocuk Jile Elbise ve Uzun Kollu Ti\u015f\u00f6rt size \u00f6zel indirim, taksit ve kap\u0131da \u00f6deme avantajlar\u0131yla LCW&#8217;de! Hemen online al\u0131\u015fveri\u015f yap, \u00fcr\u00fcn kap\u0131na gelsin! \u2013 S6LK09Z1-D2N<\/p>\n<p>\u2014 Technical Details \u2014<br \/>\ngender: K\u0131z \u00c7ocuk<br \/>\nfit: Standart &amp; Regular<br \/>\nfabric: S\u00fcet G\u00f6r\u00fcn\u00fcml\u00fc<br \/>\noccasion: \u015e\u0131k<br \/>\nmaterial: Y\u00fcksek Pamuk \u0130\u00e7erir<br \/>\ncollar: Bisiklet Yaka<br \/>\nsleeve_length: Uzun Kollu<br \/>\npattern: D\u00fcz<br \/>\npiece_count: 2 Par\u00e7a<\/p>\n","protected":false},"excerpt":{"rendered":"<p>LCW Kids Kahverengi K\u0131z \u00c7ocuk Jile Elbise ve Uzun Kollu Ti\u015f\u00f6rt size \u00f6zel indirim, taksit ve kap\u0131da \u00f6deme avantajlar\u0131yla LCW&#8217;de! Hemen online al\u0131\u015fveri\u015f yap, \u00fcr\u00fcn kap\u0131na gelsin! \u2013 S6LK09Z1-D2N \u2014 Technical Details \u2014 gender: K\u0131z \u00c7ocuk fit: Standart &amp; Regular fabric: S\u00fcet G\u00f6r\u00fcn\u00fcml\u00fc occasion: \u015e\u0131k material: Y\u00fcksek Pamuk \u0130\u00e7erir collar: Bisiklet Yaka sleeve_length: Uzun Kollu [&hellip;]<\/p>\n","protected":false},"featured_media":103896,"comment_status":"open","ping_status":"closed","template":"","meta":[],"product_brand":[],"product_cat":[8721,8715,8694],"product_tag":[8437,7425,6768],"class_list":{"0":"post-103921","1":"product","2":"type-product","3":"status-publish","4":"has-post-thumbnail","6":"product_cat-kiz-cocuk-takimlari","7":"product_cat-kiz-cocuklari-2-14-yas","8":"product_cat-cocuklar","9":"product_tag-kahve-elbise-2","10":"product_tag-pamuk-karisimi","11":"product_tag-uzun-kol","12":"pa_brand-lcw-kids","13":"pa_color-kahverengi","14":"pa_size-1-2-yas","15":"pa_size-2-3-yas","16":"pa_size-3-4-yas","17":"pa_size-4-5-yas","18":"pa_size-5-6-yas","19":"pa_size-6-7-yas","20":"pa_size-7-8-yas","22":"first","23":"instock","24":"sale","25":"shipping-taxable","26":"purchasable","27":"product-type-variable"},"_links":{"self":[{"href":"http:\/\/mod.wisdar.net\/tr\/wp-json\/wp\/v2\/product\/103921","targetHints":{"allow":["GET"]}}],"collection":[{"href":"http:\/\/mod.wisdar.net\/tr\/wp-json\/wp\/v2\/product"}],"about":[{"href":"http:\/\/mod.wisdar.net\/tr\/wp-json\/wp\/v2\/types\/product"}],"replies":[{"embeddable":true,"href":"http:\/\/mod.wisdar.net\/tr\/wp-json\/wp\/v2\/comments?post=103921"}],"wp:featuredmedia":[{"embeddable":true,"href":"http:\/\/mod.wisdar.net\/tr\/wp-json\/wp\/v2\/media\/103896"}],"wp:attachment":[{"href":"http:\/\/mod.wisdar.net\/tr\/wp-json\/wp\/v2\/media?parent=103921"}],"wp:term":[{"taxonomy":"product_brand","embeddable":true,"href":"http:\/\/mod.wisdar.net\/tr\/wp-json\/wp\/v2\/product_brand?post=103921"},{"taxonomy":"product_cat","embeddable":true,"href":"http:\/\/mod.wisdar.net\/tr\/wp-json\/wp\/v2\/product_cat?post=103921"},{"taxonomy":"product_tag","embeddable":true,"href":"http:\/\/mod.wisdar.net\/tr\/wp-json\/wp\/v2\/product_tag?post=103921"}],"curies":[{"name":"wp","href":"https:\/\/api.w.org\/{rel}","templated":true}]}}