{"id":106522,"date":"2026-02-16T18:49:55","date_gmt":"2026-02-16T18:49:55","guid":{"rendered":"https:\/\/modesthanim.com\/product\/rita-piliseli-anvelop-etek-kahve\/"},"modified":"2026-04-10T21:20:43","modified_gmt":"2026-04-10T21:20:43","slug":"rita-piliseli-anvelop-etek-kahve","status":"publish","type":"product","link":"http:\/\/mod.wisdar.net\/tr\/urun\/rita-piliseli-anvelop-etek-kahve\/","title":{"rendered":"Rita Piliseli Anvelop Etek Kahve"},"content":{"rendered":"<p>Rita piliseli anvelop etek kahve, cupra kar\u0131\u015f\u0131ml\u0131 yumu\u015fak dokulu kuma\u015f\u0131yla konforlu bir \u015f\u0131kl\u0131k sunar. Y\u00fcksek belli tasar\u0131m\u0131, v\u00fccut hatlar\u0131n\u0131 dengeli bir \u015fekilde vurgularken uzun kesimiyle bacak boyunuzu daha uzun g\u00f6sterir. Pilise detaylar\u0131 ete\u011fe hareket katarken, minimal tasar\u0131m\u0131 sayesinde farkl\u0131 kombinlere kolayca uyum sa\u011flar. Basic bir g\u00f6mlek ve d\u00fcz ayakkab\u0131larla g\u00fcnl\u00fck kullan\u0131m i\u00e7in sade bir stil olu\u015fturabilir, \u015f\u0131k bir bluz ve topuklu ayakkab\u0131larla \u00f6zel g\u00fcnlerde zarif bir g\u00f6r\u00fcn\u00fcme kavu\u015fabilirsiniz. Zamans\u0131z tasar\u0131m\u0131yla dolab\u0131n\u0131z\u0131n bir numaral\u0131 par\u00e7as\u0131 olacak. \u00dcR\u00dcN \u00d6ZELL\u0130KLER\u0130: Cupra kar\u0131\u015f\u0131ml\u0131 krep kuma\u015f, Y\u00fcksek bel, uyumlu renk plise garnili, \u00d6n beden kapakl\u0131, d\u00fc\u011fme kapama, D\u00fcz kesim etek. \u0130\u00c7ER\u0130K VE BAKIM: %100 PES. \u00c7ama\u015f\u0131r makinas\u0131nda d\u00fc\u015f\u00fck \u0131s\u0131da y\u0131kanabilir. Sererek kurutunuz. D\u00fc\u015f\u00fck \u0131s\u0131da tersten \u00fct\u00fclenebilir. Elle \u00f6l\u00e7\u00fcmlerde 2-3 cm de\u011fi\u015fiklik g\u00f6sterebilir. Manken \u00d6l\u00e7\u00fcleri: Boy 177cm, G\u00f6\u011f\u00fcs 69cm, Basen 89cm. Manken \u00fczerindeki \u00fcr\u00fcn 36 bedendir.<\/p>\n","protected":false},"excerpt":{"rendered":"<p>Rita piliseli anvelop etek kahve, cupra kar\u0131\u015f\u0131ml\u0131 yumu\u015fak dokulu kuma\u015f\u0131yla konforlu bir \u015f\u0131kl\u0131k sunar. Y\u00fcksek belli tasar\u0131m\u0131, v\u00fccut hatlar\u0131n\u0131 dengeli bir \u015fekilde vurgularken uzun kesimiyle bacak boyunuzu daha uzun g\u00f6sterir. Pilise detaylar\u0131 ete\u011fe hareket katarken, minimal tasar\u0131m\u0131 sayesinde farkl\u0131 kombinlere kolayca uyum sa\u011flar. Basic bir g\u00f6mlek ve d\u00fcz ayakkab\u0131larla g\u00fcnl\u00fck kullan\u0131m i\u00e7in sade bir stil [&hellip;]<\/p>\n","protected":false},"featured_media":106517,"comment_status":"open","ping_status":"closed","template":"","meta":[],"product_brand":[],"product_cat":[1969],"product_tag":[],"class_list":{"0":"post-106522","1":"product","2":"type-product","3":"status-publish","4":"has-post-thumbnail","6":"product_cat-etekler","7":"pa_brand-kadriye-basturk","8":"pa_color-kahve","9":"pa_size-4701","10":"pa_size-4706","11":"pa_size-4711","12":"pa_size-4713","14":"first","15":"instock","16":"sale","17":"shipping-taxable","18":"purchasable","19":"product-type-variable"},"_links":{"self":[{"href":"http:\/\/mod.wisdar.net\/tr\/wp-json\/wp\/v2\/product\/106522","targetHints":{"allow":["GET"]}}],"collection":[{"href":"http:\/\/mod.wisdar.net\/tr\/wp-json\/wp\/v2\/product"}],"about":[{"href":"http:\/\/mod.wisdar.net\/tr\/wp-json\/wp\/v2\/types\/product"}],"replies":[{"embeddable":true,"href":"http:\/\/mod.wisdar.net\/tr\/wp-json\/wp\/v2\/comments?post=106522"}],"wp:featuredmedia":[{"embeddable":true,"href":"http:\/\/mod.wisdar.net\/tr\/wp-json\/wp\/v2\/media\/106517"}],"wp:attachment":[{"href":"http:\/\/mod.wisdar.net\/tr\/wp-json\/wp\/v2\/media?parent=106522"}],"wp:term":[{"taxonomy":"product_brand","embeddable":true,"href":"http:\/\/mod.wisdar.net\/tr\/wp-json\/wp\/v2\/product_brand?post=106522"},{"taxonomy":"product_cat","embeddable":true,"href":"http:\/\/mod.wisdar.net\/tr\/wp-json\/wp\/v2\/product_cat?post=106522"},{"taxonomy":"product_tag","embeddable":true,"href":"http:\/\/mod.wisdar.net\/tr\/wp-json\/wp\/v2\/product_tag?post=106522"}],"curies":[{"name":"wp","href":"https:\/\/api.w.org\/{rel}","templated":true}]}}