{"id":106738,"date":"2026-02-16T18:54:39","date_gmt":"2026-02-16T18:54:39","guid":{"rendered":"https:\/\/modesthanim.com\/product\/vera-tafta-ceket-siyah\/"},"modified":"2026-04-10T21:30:43","modified_gmt":"2026-04-10T21:30:43","slug":"vera-tafta-ceket-siyah","status":"publish","type":"product","link":"http:\/\/mod.wisdar.net\/tr\/urun\/vera-tafta-ceket-siyah\/","title":{"rendered":"Vera Tafta Ceket Siyah"},"content":{"rendered":"<p>Vera tafta ceket siyah, parlak dokusu ve sofistike tasar\u0131m\u0131yla her an\u0131n\u0131za zarafet katmak i\u00e7in tasarland\u0131. Balon kol detay\u0131 ve rahat kesimiyle hem dikkat \u00e7ekici hem de konforlu bir kullan\u0131m sunar. \u015e\u0131k bir kemerle belinizi \u00f6n plana \u00e7\u0131kararak zarif bir g\u00f6r\u00fcn\u00fcm elde edebilir, pantolonlarla modern ve g\u00fc\u00e7l\u00fc bir tarz, eteklerle ise feminen ve zarif bir kombin olu\u015fturabilirsiniz. \u00d6zel g\u00fcnlerden g\u00fcnl\u00fck stilinize kadar her ortamda \u015f\u0131kl\u0131\u011f\u0131n\u0131zla fark yaratman\u0131z\u0131 sa\u011flayacak \u00e7ok y\u00f6nl\u00fc bir par\u00e7a olarak dolab\u0131n\u0131zda yerini alacak.<\/p>\n<p>\u2014 Teknik Detaylar \u2014<br \/>\nKesim: A kesim midi ceket<br \/>\nYaka: Bisiklet yaka<br \/>\nKol: Balon kol, kol i\u00e7i astarl\u0131<br \/>\nKapama: Gizli patl\u0131, agraf kapama<br \/>\nKuma\u015f: Saten kuma\u015f<br \/>\nBak\u0131m: \u00c7ama\u015f\u0131r makinesinde d\u00fc\u015f\u00fck \u0131s\u0131da y\u0131kanabilir. Sererek kurutunuz. D\u00fc\u015f\u00fck \u0131s\u0131da tersten \u00fct\u00fclenebilir. Elle \u00f6l\u00e7\u00fcmlerde 2-3 cm de\u011fi\u015fiklik g\u00f6sterebilir.<br \/>\nModel \u00d6l\u00e7\u00fcleri: Boy 177cm, G\u00f6\u011f\u00fcs 69cm, Basen 89cm. Manken \u00fczerindeki \u00fcr\u00fcn 36 bedendir.<\/p>\n","protected":false},"excerpt":{"rendered":"<p>Vera tafta ceket siyah, parlak dokusu ve sofistike tasar\u0131m\u0131yla her an\u0131n\u0131za zarafet katmak i\u00e7in tasarland\u0131. Balon kol detay\u0131 ve rahat kesimiyle hem dikkat \u00e7ekici hem de konforlu bir kullan\u0131m sunar. \u015e\u0131k bir kemerle belinizi \u00f6n plana \u00e7\u0131kararak zarif bir g\u00f6r\u00fcn\u00fcm elde edebilir, pantolonlarla modern ve g\u00fc\u00e7l\u00fc bir tarz, eteklerle ise feminen ve zarif bir kombin [&hellip;]<\/p>\n","protected":false},"featured_media":106730,"comment_status":"open","ping_status":"closed","template":"","meta":[],"product_brand":[],"product_cat":[2044],"product_tag":[],"class_list":{"0":"post-106738","1":"product","2":"type-product","3":"status-publish","4":"has-post-thumbnail","6":"product_cat-ceketler","7":"pa_brand-kadriye-basturk","8":"pa_color-siyah","9":"pa_size-4701","10":"pa_size-4706","11":"pa_size-4711","12":"pa_size-4713","14":"first","15":"instock","16":"sale","17":"shipping-taxable","18":"purchasable","19":"product-type-variable"},"_links":{"self":[{"href":"http:\/\/mod.wisdar.net\/tr\/wp-json\/wp\/v2\/product\/106738","targetHints":{"allow":["GET"]}}],"collection":[{"href":"http:\/\/mod.wisdar.net\/tr\/wp-json\/wp\/v2\/product"}],"about":[{"href":"http:\/\/mod.wisdar.net\/tr\/wp-json\/wp\/v2\/types\/product"}],"replies":[{"embeddable":true,"href":"http:\/\/mod.wisdar.net\/tr\/wp-json\/wp\/v2\/comments?post=106738"}],"wp:featuredmedia":[{"embeddable":true,"href":"http:\/\/mod.wisdar.net\/tr\/wp-json\/wp\/v2\/media\/106730"}],"wp:attachment":[{"href":"http:\/\/mod.wisdar.net\/tr\/wp-json\/wp\/v2\/media?parent=106738"}],"wp:term":[{"taxonomy":"product_brand","embeddable":true,"href":"http:\/\/mod.wisdar.net\/tr\/wp-json\/wp\/v2\/product_brand?post=106738"},{"taxonomy":"product_cat","embeddable":true,"href":"http:\/\/mod.wisdar.net\/tr\/wp-json\/wp\/v2\/product_cat?post=106738"},{"taxonomy":"product_tag","embeddable":true,"href":"http:\/\/mod.wisdar.net\/tr\/wp-json\/wp\/v2\/product_tag?post=106738"}],"curies":[{"name":"wp","href":"https:\/\/api.w.org\/{rel}","templated":true}]}}