{"id":106781,"date":"2026-02-16T18:56:21","date_gmt":"2026-02-16T18:56:21","guid":{"rendered":"https:\/\/modesthanim.com\/product\/kadife-yakali-fileto-cepli-kapitone-ceket-mont-koyu-mavi\/"},"modified":"2026-04-02T21:15:24","modified_gmt":"2026-04-02T21:15:24","slug":"kadife-yakali-fileto-cepli-kapitone-ceket-mont-koyu-mavi","status":"publish","type":"product","link":"http:\/\/mod.wisdar.net\/tr\/urun\/kadife-yakali-fileto-cepli-kapitone-ceket-mont-koyu-mavi\/","title":{"rendered":"Kadife Yakal\u0131 Fileto Cepli Kapitone Ceket Mont Koyu Mavi"},"content":{"rendered":"<p>\u00dcR\u00dcN TANIMIKadife Yakal\u0131 Fileto Cepli Kapitone Ceket Koyu Mavi, %100 pamuk denim kuma\u015f\u0131 ve baklava desenli dolgusuyla g\u00f6z al\u0131c\u0131 bir stil sunuyor. Kadife s\u00fcslemeli yaka ve fileto cepler, \u015f\u0131kl\u0131\u011f\u0131 ve i\u015flevselli\u011fi birle\u015ftiriyor. Mevsim ge\u00e7i\u015flerinde konfor ve s\u0131cakl\u0131k sa\u011flarken, antik gold d\u00fc\u011fmeler zarif bir detay kat\u0131yor.<br \/>\n\u00dcR\u00dcN \u00d6ZELL\u0130KLER\u0130\u00dcr\u00fcn Tipi: Kapitone Ceket\/MontKuma\u015f: Baklava desenli dolum denim kuma\u015fYaka: Kadife yaka garniliCep: Fileto cepliKapama: Antik gold d\u00fc\u011fme kapama detayl\u0131<br \/>\n\u0130\u00c7ER\u0130K VE BAKIM%100 Cotton\u00c7ama\u015f\u0131r makinas\u0131nda d\u00fc\u015f\u00fck \u0131s\u0131da y\u0131kanabilir.D\u00fc\u015f\u00fck \u0131s\u0131da tersten \u00fct\u00fclenebilir, sererek kurutunuz.Elle \u00f6l\u00e7\u00fcmlerde 2-3 cm de\u011fi\u015fiklik g\u00f6sterebilir. Manken \u00d6l\u00e7\u00fcleri: Boy 177cm, G\u00f6\u011f\u00fcs 69cm, Basen 89cm.Manken \u00fczerindeki \u00fcr\u00fcn 1 bedendir.1 beden 36\/38 \u2013 2 beden 40\/42 beden aral\u0131\u011f\u0131 i\u00e7in uygundur.<\/p>\n<p>\u2014 Technical Details \u2014<br \/>\nproduct_type: Kapitone Ceket\/Mont<br \/>\nfabric: Baklava desenli dolum denim kuma\u015f<br \/>\ncollar: Kadife yaka garnili<br \/>\npocket: Fileto cepli<br \/>\nclosure: Antik gold d\u00fc\u011fme kapama detayl\u0131<br \/>\ncare_instructions: \u00c7ama\u015f\u0131r makinas\u0131nda d\u00fc\u015f\u00fck \u0131s\u0131da y\u0131kanabilir. D\u00fc\u015f\u00fck \u0131s\u0131da tersten \u00fct\u00fclenebilir, sererek kurutunuz.<br \/>\nmeasurement_variation: Elle \u00f6l\u00e7\u00fcmlerde 2-3 cm de\u011fi\u015fiklik g\u00f6sterebilir.<br \/>\nmodel_measurements: Boy 177cm, G\u00f6\u011f\u00fcs 69cm, Basen 89cm<br \/>\nsize_range: 1 beden 36\/38 \u2013 2 beden 40\/42 beden aral\u0131\u011f\u0131 i\u00e7in uygundur<\/p>\n","protected":false},"excerpt":{"rendered":"<p>\u00dcR\u00dcN TANIMIKadife Yakal\u0131 Fileto Cepli Kapitone Ceket Koyu Mavi, %100 pamuk denim kuma\u015f\u0131 ve baklava desenli dolgusuyla g\u00f6z al\u0131c\u0131 bir stil sunuyor. Kadife s\u00fcslemeli yaka ve fileto cepler, \u015f\u0131kl\u0131\u011f\u0131 ve i\u015flevselli\u011fi birle\u015ftiriyor. Mevsim ge\u00e7i\u015flerinde konfor ve s\u0131cakl\u0131k sa\u011flarken, antik gold d\u00fc\u011fmeler zarif bir detay kat\u0131yor. \u00dcR\u00dcN \u00d6ZELL\u0130KLER\u0130\u00dcr\u00fcn Tipi: Kapitone Ceket\/MontKuma\u015f: Baklava desenli dolum denim kuma\u015fYaka: [&hellip;]<\/p>\n","protected":false},"featured_media":106770,"comment_status":"open","ping_status":"closed","template":"","meta":[],"product_brand":[],"product_cat":[2044],"product_tag":[8320],"class_list":{"0":"post-106781","1":"product","2":"type-product","3":"status-publish","4":"has-post-thumbnail","6":"product_cat-ceketler","7":"product_tag-kapitone-mont","8":"pa_brand-kadriye-basturk","9":"pa_color-koyu-mavi","10":"pa_size-4446","11":"pa_size-4463","13":"first","14":"outofstock","15":"shipping-taxable","16":"product-type-variable"},"_links":{"self":[{"href":"http:\/\/mod.wisdar.net\/tr\/wp-json\/wp\/v2\/product\/106781","targetHints":{"allow":["GET"]}}],"collection":[{"href":"http:\/\/mod.wisdar.net\/tr\/wp-json\/wp\/v2\/product"}],"about":[{"href":"http:\/\/mod.wisdar.net\/tr\/wp-json\/wp\/v2\/types\/product"}],"replies":[{"embeddable":true,"href":"http:\/\/mod.wisdar.net\/tr\/wp-json\/wp\/v2\/comments?post=106781"}],"wp:featuredmedia":[{"embeddable":true,"href":"http:\/\/mod.wisdar.net\/tr\/wp-json\/wp\/v2\/media\/106770"}],"wp:attachment":[{"href":"http:\/\/mod.wisdar.net\/tr\/wp-json\/wp\/v2\/media?parent=106781"}],"wp:term":[{"taxonomy":"product_brand","embeddable":true,"href":"http:\/\/mod.wisdar.net\/tr\/wp-json\/wp\/v2\/product_brand?post=106781"},{"taxonomy":"product_cat","embeddable":true,"href":"http:\/\/mod.wisdar.net\/tr\/wp-json\/wp\/v2\/product_cat?post=106781"},{"taxonomy":"product_tag","embeddable":true,"href":"http:\/\/mod.wisdar.net\/tr\/wp-json\/wp\/v2\/product_tag?post=106781"}],"curies":[{"name":"wp","href":"https:\/\/api.w.org\/{rel}","templated":true}]}}