{"id":108111,"date":"2026-02-16T19:36:46","date_gmt":"2026-02-16T19:36:46","guid":{"rendered":"https:\/\/modesthanim.com\/product\/siyah-kapusonlu-bagcik-detayli-ikili-takim\/"},"modified":"2026-04-03T19:22:57","modified_gmt":"2026-04-03T19:22:57","slug":"siyah-kapusonlu-bagcik-detayli-ikili-takim","status":"publish","type":"product","link":"http:\/\/mod.wisdar.net\/tr\/urun\/siyah-kapusonlu-bagcik-detayli-ikili-takim\/","title":{"rendered":"Siyah Kap\u00fc\u015fonlu Ba\u011fc\u0131k Detayl\u0131 \u0130kili Tak\u0131m"},"content":{"rendered":"<p>BAKIMI:<br \/>\n\u00dcr\u00fcn\u00fcm\u00fcz\u00fc tersinden hassas programda tek y\u0131kay\u0131n\u0131z.<br \/>\n S\u0131v\u0131 deterjanla y\u0131kamal\u0131 ve d\u00fc\u015f\u00fck devirde s\u0131kma yapmal\u0131s\u0131n\u0131z.<br \/>\n Sererek kurutmal\u0131 ve d\u00fc\u015f\u00fck s\u0131cakl\u0131kta \u00fct\u00fc yapmal\u0131s\u0131n\u0131z.<br \/>\nED\u0130T\u00d6R\u00dcN YORUMU<br \/>\nKap\u00fc\u015fonlu ba\u011fc\u0131k detayl\u0131 ikili tak\u0131m konfor ve \u015f\u0131kl\u0131\u011f\u0131 bir arada sunan modern tasar\u0131m\u0131yla g\u00fcnl\u00fck giyimde \u00f6ne \u00e7\u0131k\u0131yor. Rahat kesimi sayesinde g\u00fcn boyu \u00f6zg\u00fcr hareket imk\u00e2n\u0131 sa\u011flarken kap\u00fc\u015fon detay\u0131 sportif ve dinamik bir g\u00f6r\u00fcn\u00fcm kazand\u0131r\u0131yor. Ayarlanabilir ba\u011fc\u0131k detaylar\u0131 tak\u0131ma estetik bir dokunu\u015f kat\u0131yor. Yumu\u015fak kuma\u015f\u0131 sayesinde her mevsim rahatl\u0131kla tercih edilebilen bir ikili tak\u0131m her ortamda vazge\u00e7ilmeziniz oluyor. \u00dcst ve alt par\u00e7an\u0131n uyumlu tasar\u0131m\u0131 kombin yapma zahmetini ortadan kald\u0131rarak pratik bir kullan\u0131m sunuyor. G\u00fcnl\u00fck hayatta y\u00fcr\u00fcy\u00fc\u015flerde veya hafta sonu aktivitelerinde rahatl\u0131kla kullan\u0131labilen bu tak\u0131m spor \u015f\u0131kl\u0131\u011f\u0131 sevenler i\u00e7in tasarlanm\u0131\u015ft\u0131r.<\/p>\n<p>\u2014 Technical Details \u2014<br \/>\nKuma\u015f: Polyester<br \/>\nDesen: D\u00fcz<br \/>\nManken \u00d6l\u00e7\u00fcs\u00fc: Boy:174 cm, G\u00f6\u011f\u00fcs: 87 cm, Basen: 100 cm, Kol Boyu: 60 cm<br \/>\nKol Tipi: D\u00fc\u015f\u00fck Kol<br \/>\nCep Tipi: Cepli<br \/>\nYaka Tipi: Kap\u00fc\u015fonlu<\/p>\n","protected":false},"excerpt":{"rendered":"<p>BAKIMI: \u00dcr\u00fcn\u00fcm\u00fcz\u00fc tersinden hassas programda tek y\u0131kay\u0131n\u0131z. S\u0131v\u0131 deterjanla y\u0131kamal\u0131 ve d\u00fc\u015f\u00fck devirde s\u0131kma yapmal\u0131s\u0131n\u0131z. Sererek kurutmal\u0131 ve d\u00fc\u015f\u00fck s\u0131cakl\u0131kta \u00fct\u00fc yapmal\u0131s\u0131n\u0131z. ED\u0130T\u00d6R\u00dcN YORUMU Kap\u00fc\u015fonlu ba\u011fc\u0131k detayl\u0131 ikili tak\u0131m konfor ve \u015f\u0131kl\u0131\u011f\u0131 bir arada sunan modern tasar\u0131m\u0131yla g\u00fcnl\u00fck giyimde \u00f6ne \u00e7\u0131k\u0131yor. Rahat kesimi sayesinde g\u00fcn boyu \u00f6zg\u00fcr hareket imk\u00e2n\u0131 sa\u011flarken kap\u00fc\u015fon detay\u0131 sportif ve dinamik [&hellip;]<\/p>\n","protected":false},"featured_media":108105,"comment_status":"open","ping_status":"closed","template":"","meta":[],"product_brand":[],"product_cat":[1900],"product_tag":[7426,7766,7021,7424],"class_list":{"0":"post-108111","1":"product","2":"type-product","3":"status-publish","4":"has-post-thumbnail","6":"product_cat-koordinatlar-setler","7":"product_tag-gunluk-giyim-3","8":"product_tag-kapusonlu-sweatshirt-2","9":"product_tag-polyester","10":"product_tag-spor-giyim","11":"pa_brand-levidor","12":"pa_color-siyah","13":"pa_size-l","14":"pa_size-m","15":"pa_size-s","17":"first","18":"instock","19":"shipping-taxable","20":"purchasable","21":"product-type-variable"},"_links":{"self":[{"href":"http:\/\/mod.wisdar.net\/tr\/wp-json\/wp\/v2\/product\/108111","targetHints":{"allow":["GET"]}}],"collection":[{"href":"http:\/\/mod.wisdar.net\/tr\/wp-json\/wp\/v2\/product"}],"about":[{"href":"http:\/\/mod.wisdar.net\/tr\/wp-json\/wp\/v2\/types\/product"}],"replies":[{"embeddable":true,"href":"http:\/\/mod.wisdar.net\/tr\/wp-json\/wp\/v2\/comments?post=108111"}],"wp:featuredmedia":[{"embeddable":true,"href":"http:\/\/mod.wisdar.net\/tr\/wp-json\/wp\/v2\/media\/108105"}],"wp:attachment":[{"href":"http:\/\/mod.wisdar.net\/tr\/wp-json\/wp\/v2\/media?parent=108111"}],"wp:term":[{"taxonomy":"product_brand","embeddable":true,"href":"http:\/\/mod.wisdar.net\/tr\/wp-json\/wp\/v2\/product_brand?post=108111"},{"taxonomy":"product_cat","embeddable":true,"href":"http:\/\/mod.wisdar.net\/tr\/wp-json\/wp\/v2\/product_cat?post=108111"},{"taxonomy":"product_tag","embeddable":true,"href":"http:\/\/mod.wisdar.net\/tr\/wp-json\/wp\/v2\/product_tag?post=108111"}],"curies":[{"name":"wp","href":"https:\/\/api.w.org\/{rel}","templated":true}]}}