{"id":109017,"date":"2026-02-16T20:11:37","date_gmt":"2026-02-16T20:11:37","guid":{"rendered":"https:\/\/modesthanim.com\/product\/bej-tas-cicek-desen-baskili-tunik\/"},"modified":"2026-04-02T21:55:32","modified_gmt":"2026-04-02T21:55:32","slug":"bej-tas-cicek-desen-baskili-tunik","status":"publish","type":"product","link":"http:\/\/mod.wisdar.net\/tr\/urun\/bej-tas-cicek-desen-baskili-tunik\/","title":{"rendered":"Bej Ta\u015f \u00c7i\u00e7ek Desen Bask\u0131l\u0131 Tunik"},"content":{"rendered":"<p>BAKIMI:<br \/>\n\u00dcr\u00fcn\u00fcm\u00fcz\u00fc tersinden hassas programda tek y\u0131kay\u0131n\u0131z.<br \/>\n S\u0131v\u0131 deterjanla y\u0131kamal\u0131 ve d\u00fc\u015f\u00fck devirde s\u0131kma yapmal\u0131s\u0131n\u0131z.<br \/>\n Sererek kurutmal\u0131 ve d\u00fc\u015f\u00fck s\u0131cakl\u0131kta \u00fct\u00fc yapmal\u0131s\u0131n\u0131z.<br \/>\nED\u0130T\u00d6R\u00dcN YORUMU:<br \/>\n\u015e\u0131kl\u0131\u011f\u0131 do\u011fall\u0131kla bulu\u015fturan ta\u015f \u00e7i\u00e7ek desen bask\u0131l\u0131 tunik klasik zarafeti modern bir stille bulu\u015fturuyor. Omuzdan a\u015fa\u011f\u0131 do\u011fru yerle\u015ftirilen \u00e7i\u00e7ek desenli ta\u015f s\u00fcslemeler tasar\u0131ma \u0131\u015f\u0131lt\u0131l\u0131 bir g\u00f6r\u00fcn\u00fcm kat\u0131yor. D\u00fc\u011fme kapamas\u0131 pratik kullan\u0131m\u0131n yan\u0131nda zarif bir g\u00f6r\u00fcn\u00fcm sa\u011fl\u0131yor. Y\u0131rtma\u00e7 detaylar\u0131 hareket \u00f6zg\u00fcrl\u00fc\u011f\u00fc sunarken ayn\u0131 zamanda stilinizi g\u00f6zler \u00f6n\u00fcne seriyor. Bu \u00f6zel tuni\u011fimizi topuklu ayakkab\u0131 ve omuz \u00e7anta modelleri ile kombinleyerek stilinize hava katabilirsiniz. D\u00fc\u011fmeli tunik modelleri aras\u0131nda se\u00e7im yaparken fark yaratmak istiyorsan\u0131z ta\u015f detayl\u0131 tuni\u011fimiz tam size g\u00f6re&#8230;<\/p>\n<p>\u2014 Technical Details \u2014<br \/>\nKuma\u015f: Viskon<br \/>\nDesen: Ta\u015fl\u0131<br \/>\nManken \u00d6l\u00e7\u00fcs\u00fc: Boy:170 cm,Gog\u00fcs:86 cm,Bel:64 cm,Basen:95 cm,Kol Boyu:60 cm.<br \/>\nKapama Tarz\u0131: D\u00fc\u011fmeli<br \/>\n\u00dcr\u00fcn Detay\u0131: Y\u0131rtma\u00e7l\u0131<br \/>\nYaka Tipi: G\u00f6mlek Yaka<\/p>\n","protected":false},"excerpt":{"rendered":"<p>BAKIMI: \u00dcr\u00fcn\u00fcm\u00fcz\u00fc tersinden hassas programda tek y\u0131kay\u0131n\u0131z. S\u0131v\u0131 deterjanla y\u0131kamal\u0131 ve d\u00fc\u015f\u00fck devirde s\u0131kma yapmal\u0131s\u0131n\u0131z. Sererek kurutmal\u0131 ve d\u00fc\u015f\u00fck s\u0131cakl\u0131kta \u00fct\u00fc yapmal\u0131s\u0131n\u0131z. ED\u0130T\u00d6R\u00dcN YORUMU: \u015e\u0131kl\u0131\u011f\u0131 do\u011fall\u0131kla bulu\u015fturan ta\u015f \u00e7i\u00e7ek desen bask\u0131l\u0131 tunik klasik zarafeti modern bir stille bulu\u015fturuyor. Omuzdan a\u015fa\u011f\u0131 do\u011fru yerle\u015ftirilen \u00e7i\u00e7ek desenli ta\u015f s\u00fcslemeler tasar\u0131ma \u0131\u015f\u0131lt\u0131l\u0131 bir g\u00f6r\u00fcn\u00fcm kat\u0131yor. D\u00fc\u011fme kapamas\u0131 pratik kullan\u0131m\u0131n [&hellip;]<\/p>\n","protected":false},"featured_media":109011,"comment_status":"open","ping_status":"closed","template":"","meta":[],"product_brand":[],"product_cat":[2050],"product_tag":[6753,6771,6744],"class_list":{"0":"post-109017","1":"product","2":"type-product","3":"status-publish","4":"has-post-thumbnail","6":"product_cat-blazer-ceketler","7":"product_tag-bej","8":"product_tag-gomlek-yaka","9":"product_tag-kadin-modasi","10":"pa_brand-levidor","11":"pa_color-bej","12":"pa_size-4706","13":"pa_size-4711","14":"pa_size-4713","15":"pa_size-4751","16":"pa_size-4749","17":"pa_size-4747","19":"first","20":"outofstock","21":"shipping-taxable","22":"product-type-variable"},"_links":{"self":[{"href":"http:\/\/mod.wisdar.net\/tr\/wp-json\/wp\/v2\/product\/109017","targetHints":{"allow":["GET"]}}],"collection":[{"href":"http:\/\/mod.wisdar.net\/tr\/wp-json\/wp\/v2\/product"}],"about":[{"href":"http:\/\/mod.wisdar.net\/tr\/wp-json\/wp\/v2\/types\/product"}],"replies":[{"embeddable":true,"href":"http:\/\/mod.wisdar.net\/tr\/wp-json\/wp\/v2\/comments?post=109017"}],"wp:featuredmedia":[{"embeddable":true,"href":"http:\/\/mod.wisdar.net\/tr\/wp-json\/wp\/v2\/media\/109011"}],"wp:attachment":[{"href":"http:\/\/mod.wisdar.net\/tr\/wp-json\/wp\/v2\/media?parent=109017"}],"wp:term":[{"taxonomy":"product_brand","embeddable":true,"href":"http:\/\/mod.wisdar.net\/tr\/wp-json\/wp\/v2\/product_brand?post=109017"},{"taxonomy":"product_cat","embeddable":true,"href":"http:\/\/mod.wisdar.net\/tr\/wp-json\/wp\/v2\/product_cat?post=109017"},{"taxonomy":"product_tag","embeddable":true,"href":"http:\/\/mod.wisdar.net\/tr\/wp-json\/wp\/v2\/product_tag?post=109017"}],"curies":[{"name":"wp","href":"https:\/\/api.w.org\/{rel}","templated":true}]}}