{"id":109722,"date":"2026-02-16T20:30:16","date_gmt":"2026-02-16T20:30:16","guid":{"rendered":"https:\/\/modesthanim.com\/product\/fitilli-kadife-pantolon-1-8-yas-lacivert\/"},"modified":"2026-03-06T15:24:12","modified_gmt":"2026-03-06T15:24:12","slug":"fitilli-kadife-pantolon-1-8-yas-lacivert","status":"publish","type":"product","link":"http:\/\/mod.wisdar.net\/tr\/urun\/fitilli-kadife-pantolon-1-8-yas-lacivert\/","title":{"rendered":"Fitilli Kadife Pantolon 1-8 Ya\u015f Lacivert"},"content":{"rendered":"<p>. %80 Polyester %20 Pamuk<\/p>\n<p>. Mevsimlik kal\u0131nl\u0131kta konforlu kuma\u015f<\/p>\n<p>. \u00c7ama\u015f\u0131r makinesinde maksimum 30\u00baC k\u0131sa programda y\u0131kay\u0131n\u0131z<\/p>\n","protected":false},"excerpt":{"rendered":"<p>. %80 Polyester %20 Pamuk . Mevsimlik kal\u0131nl\u0131kta konforlu kuma\u015f . \u00c7ama\u015f\u0131r makinesinde maksimum 30\u00baC k\u0131sa programda y\u0131kay\u0131n\u0131z<\/p>\n","protected":false},"featured_media":109716,"comment_status":"open","ping_status":"closed","template":"","meta":[],"product_brand":[],"product_cat":[8739,8694,8748,8697,8700],"product_tag":[],"class_list":{"0":"post-109722","1":"product","2":"type-product","3":"status-publish","4":"has-post-thumbnail","6":"product_cat-erkek-cocuklar-2-14-yas","7":"product_cat-cocuklar","8":"product_cat-pantolonlar-sortlar","9":"product_cat-yenidogan-0-12-ay","10":"product_cat-yenidogan-giyim","11":"pa_color-lacivert","12":"pa_size-12-18-ay","13":"pa_size-18-24-ay","14":"pa_size-2-3-yas","15":"pa_size-3-4-yas","16":"pa_size-4-5-yas","17":"pa_size-5-6-yas","18":"pa_size-6-7-yas","19":"pa_size-7-8-yas","21":"first","22":"instock","23":"sale","24":"shipping-taxable","25":"purchasable","26":"product-type-variable"},"_links":{"self":[{"href":"http:\/\/mod.wisdar.net\/tr\/wp-json\/wp\/v2\/product\/109722","targetHints":{"allow":["GET"]}}],"collection":[{"href":"http:\/\/mod.wisdar.net\/tr\/wp-json\/wp\/v2\/product"}],"about":[{"href":"http:\/\/mod.wisdar.net\/tr\/wp-json\/wp\/v2\/types\/product"}],"replies":[{"embeddable":true,"href":"http:\/\/mod.wisdar.net\/tr\/wp-json\/wp\/v2\/comments?post=109722"}],"wp:featuredmedia":[{"embeddable":true,"href":"http:\/\/mod.wisdar.net\/tr\/wp-json\/wp\/v2\/media\/109716"}],"wp:attachment":[{"href":"http:\/\/mod.wisdar.net\/tr\/wp-json\/wp\/v2\/media?parent=109722"}],"wp:term":[{"taxonomy":"product_brand","embeddable":true,"href":"http:\/\/mod.wisdar.net\/tr\/wp-json\/wp\/v2\/product_brand?post=109722"},{"taxonomy":"product_cat","embeddable":true,"href":"http:\/\/mod.wisdar.net\/tr\/wp-json\/wp\/v2\/product_cat?post=109722"},{"taxonomy":"product_tag","embeddable":true,"href":"http:\/\/mod.wisdar.net\/tr\/wp-json\/wp\/v2\/product_tag?post=109722"}],"curies":[{"name":"wp","href":"https:\/\/api.w.org\/{rel}","templated":true}]}}