{"id":109867,"date":"2026-02-16T20:33:56","date_gmt":"2026-02-16T20:33:56","guid":{"rendered":"https:\/\/modesthanim.com\/product\/kapsonlu-sweatshirt-takim-1-5-yas-haki-yesil\/"},"modified":"2026-04-09T06:45:17","modified_gmt":"2026-04-09T06:45:17","slug":"kapsonlu-sweatshirt-takim-1-5-yas-haki-yesil","status":"publish","type":"product","link":"http:\/\/mod.wisdar.net\/tr\/urun\/kapsonlu-sweatshirt-takim-1-5-yas-haki-yesil\/","title":{"rendered":"Kap\u015fonlu Sweatshirt Tak\u0131m 1-5 Ya\u015f Haki Ye\u015fil"},"content":{"rendered":"<p>. %97 Pamuk %3 oeko-tex sertifikal\u0131 Elastan<\/p>\n<p>. \u0130\u00e7i kal\u0131n pamuklu, \u015fardonlu kuma\u015ft\u0131r<\/p>\n<p>. So\u011fuk k\u0131\u015f g\u00fcnleri i\u00e7in uygundur<\/p>\n<p>. Nefes alan, yumu\u015fac\u0131k ve saf bir dokuya sahiptir<\/p>\n<p>. \u00c7ama\u015f\u0131r makinesinde maksimum 30\u00baC\u2019lik k\u0131sa programda y\u0131kay\u0131n\u0131z<\/p>\n","protected":false},"excerpt":{"rendered":"<p>. %97 Pamuk %3 oeko-tex sertifikal\u0131 Elastan . \u0130\u00e7i kal\u0131n pamuklu, \u015fardonlu kuma\u015ft\u0131r . So\u011fuk k\u0131\u015f g\u00fcnleri i\u00e7in uygundur . Nefes alan, yumu\u015fac\u0131k ve saf bir dokuya sahiptir . \u00c7ama\u015f\u0131r makinesinde maksimum 30\u00baC\u2019lik k\u0131sa programda y\u0131kay\u0131n\u0131z<\/p>\n","protected":false},"featured_media":109864,"comment_status":"open","ping_status":"closed","template":"","meta":[],"product_brand":[],"product_cat":[8703,8745,8739,8694,8697],"product_tag":[7429],"class_list":{"0":"post-109867","1":"product","2":"type-product","3":"status-publish","4":"has-post-thumbnail","6":"product_cat-bebek-setleri","7":"product_cat-erkek-cocuk-takimlari","8":"product_cat-erkek-cocuklar-2-14-yas","9":"product_cat-cocuklar","10":"product_cat-yenidogan-0-12-ay","11":"product_tag-kapusonlu-sweatshirt","12":"pa_brand-cigit","13":"pa_color-haki-yesil","14":"pa_size-12-18-ay","15":"pa_size-18-24-ay","16":"pa_size-2-3-yas","17":"pa_size-3-4-yas","18":"pa_size-4-5-yas","20":"first","21":"instock","22":"sale","23":"shipping-taxable","24":"purchasable","25":"product-type-variable"},"_links":{"self":[{"href":"http:\/\/mod.wisdar.net\/tr\/wp-json\/wp\/v2\/product\/109867","targetHints":{"allow":["GET"]}}],"collection":[{"href":"http:\/\/mod.wisdar.net\/tr\/wp-json\/wp\/v2\/product"}],"about":[{"href":"http:\/\/mod.wisdar.net\/tr\/wp-json\/wp\/v2\/types\/product"}],"replies":[{"embeddable":true,"href":"http:\/\/mod.wisdar.net\/tr\/wp-json\/wp\/v2\/comments?post=109867"}],"wp:featuredmedia":[{"embeddable":true,"href":"http:\/\/mod.wisdar.net\/tr\/wp-json\/wp\/v2\/media\/109864"}],"wp:attachment":[{"href":"http:\/\/mod.wisdar.net\/tr\/wp-json\/wp\/v2\/media?parent=109867"}],"wp:term":[{"taxonomy":"product_brand","embeddable":true,"href":"http:\/\/mod.wisdar.net\/tr\/wp-json\/wp\/v2\/product_brand?post=109867"},{"taxonomy":"product_cat","embeddable":true,"href":"http:\/\/mod.wisdar.net\/tr\/wp-json\/wp\/v2\/product_cat?post=109867"},{"taxonomy":"product_tag","embeddable":true,"href":"http:\/\/mod.wisdar.net\/tr\/wp-json\/wp\/v2\/product_tag?post=109867"}],"curies":[{"name":"wp","href":"https:\/\/api.w.org\/{rel}","templated":true}]}}