{"id":111074,"date":"2026-02-16T21:11:21","date_gmt":"2026-02-16T21:11:21","guid":{"rendered":"https:\/\/modesthanim.com\/product\/garnili-sweatshirt-takim-2-8-yas-s-vizon\/"},"modified":"2026-03-20T12:31:52","modified_gmt":"2026-03-20T12:31:52","slug":"garnili-sweatshirt-takim-2-8-yas-s-vizon","status":"publish","type":"product","link":"http:\/\/mod.wisdar.net\/tr\/urun\/garnili-sweatshirt-takim-2-8-yas-s-vizon\/","title":{"rendered":"Garnili Sweatshirt Tak\u0131m 2-8 Ya\u015f S Vizon"},"content":{"rendered":"<p>. %90 Pamuk %10 Lyc<\/p>\n<p>. 2 iplik \u015fardonsuz modelimiz<\/p>\n<p>. So\u011fuk k\u0131\u015f g\u00fcnleri i\u00e7in uygundur<\/p>\n<p>. Nefes alan, yumu\u015fac\u0131k ve saf bir dokuya sahiptir<\/p>\n<p>. \u00c7ama\u015f\u0131r makinesinde maksimum 30\u00baC\u2019lik k\u0131sa programda y\u0131kay\u0131n\u0131z<\/p>\n","protected":false},"excerpt":{"rendered":"<p>. %90 Pamuk %10 Lyc . 2 iplik \u015fardonsuz modelimiz . So\u011fuk k\u0131\u015f g\u00fcnleri i\u00e7in uygundur . Nefes alan, yumu\u015fac\u0131k ve saf bir dokuya sahiptir . \u00c7ama\u015f\u0131r makinesinde maksimum 30\u00baC\u2019lik k\u0131sa programda y\u0131kay\u0131n\u0131z<\/p>\n","protected":false},"featured_media":111071,"comment_status":"open","ping_status":"closed","template":"","meta":[],"product_brand":[],"product_cat":[8745,8739,8694],"product_tag":[],"class_list":{"0":"post-111074","1":"product","2":"type-product","3":"status-publish","4":"has-post-thumbnail","6":"product_cat-erkek-cocuk-takimlari","7":"product_cat-erkek-cocuklar-2-14-yas","8":"product_cat-cocuklar","9":"pa_color-s-vizon","10":"pa_size-2-3-yas","11":"pa_size-3-4-yas","12":"pa_size-4-5-yas","13":"pa_size-5-6-yas","14":"pa_size-6-7-yas","15":"pa_size-7-8-yas","17":"first","18":"outofstock","19":"shipping-taxable","20":"product-type-variable"},"_links":{"self":[{"href":"http:\/\/mod.wisdar.net\/tr\/wp-json\/wp\/v2\/product\/111074","targetHints":{"allow":["GET"]}}],"collection":[{"href":"http:\/\/mod.wisdar.net\/tr\/wp-json\/wp\/v2\/product"}],"about":[{"href":"http:\/\/mod.wisdar.net\/tr\/wp-json\/wp\/v2\/types\/product"}],"replies":[{"embeddable":true,"href":"http:\/\/mod.wisdar.net\/tr\/wp-json\/wp\/v2\/comments?post=111074"}],"wp:featuredmedia":[{"embeddable":true,"href":"http:\/\/mod.wisdar.net\/tr\/wp-json\/wp\/v2\/media\/111071"}],"wp:attachment":[{"href":"http:\/\/mod.wisdar.net\/tr\/wp-json\/wp\/v2\/media?parent=111074"}],"wp:term":[{"taxonomy":"product_brand","embeddable":true,"href":"http:\/\/mod.wisdar.net\/tr\/wp-json\/wp\/v2\/product_brand?post=111074"},{"taxonomy":"product_cat","embeddable":true,"href":"http:\/\/mod.wisdar.net\/tr\/wp-json\/wp\/v2\/product_cat?post=111074"},{"taxonomy":"product_tag","embeddable":true,"href":"http:\/\/mod.wisdar.net\/tr\/wp-json\/wp\/v2\/product_tag?post=111074"}],"curies":[{"name":"wp","href":"https:\/\/api.w.org\/{rel}","templated":true}]}}