{"id":111101,"date":"2026-02-16T21:11:40","date_gmt":"2026-02-16T21:11:40","guid":{"rendered":"https:\/\/modesthanim.com\/product\/islem-baskili-esofman-takim-2-7-yas-sutlu-kahve\/"},"modified":"2026-04-01T05:22:30","modified_gmt":"2026-04-01T05:22:30","slug":"islem-baskili-esofman-takim-2-7-yas-sutlu-kahve","status":"publish","type":"product","link":"http:\/\/mod.wisdar.net\/tr\/urun\/islem-baskili-esofman-takim-2-7-yas-sutlu-kahve\/","title":{"rendered":"\u0130\u015flem Bask\u0131l\u0131 E\u015fofman Tak\u0131m 2-7 Ya\u015f S\u00fctl\u00fc Kahve"},"content":{"rendered":"<p>. %95 Pamuk %5 oeko-tex sertifikal\u0131 Elastan<\/p>\n<p>. So\u011fuk k\u0131\u015f g\u00fcnleri i\u00e7in uygundur<\/p>\n<p>. Nefes alan, yumu\u015fac\u0131k ve saf bir dokuya sahiptir<\/p>\n<p>. \u00c7ama\u015f\u0131r makinesinde maksimum 30\u00baC\u2019lik k\u0131sa programda y\u0131kay\u0131n\u0131z<\/p>\n","protected":false},"excerpt":{"rendered":"<p>. %95 Pamuk %5 oeko-tex sertifikal\u0131 Elastan . So\u011fuk k\u0131\u015f g\u00fcnleri i\u00e7in uygundur . Nefes alan, yumu\u015fac\u0131k ve saf bir dokuya sahiptir . \u00c7ama\u015f\u0131r makinesinde maksimum 30\u00baC\u2019lik k\u0131sa programda y\u0131kay\u0131n\u0131z<\/p>\n","protected":false},"featured_media":111096,"comment_status":"open","ping_status":"closed","template":"","meta":[],"product_brand":[],"product_cat":[8745,8739,8694],"product_tag":[9262,9038,9261,9259,9263,9258,5991,9260],"class_list":{"0":"post-111101","1":"product","2":"type-product","3":"status-publish","4":"has-post-thumbnail","6":"product_cat-erkek-cocuk-takimlari","7":"product_cat-erkek-cocuklar-2-14-yas","8":"product_cat-cocuklar","9":"product_tag-boys-tracksuit","10":"product_tag-childrens-clothing","11":"product_tag-cotton-tracksuit","12":"product_tag-embroidered-tracksuit","13":"product_tag-girls-tracksuit","14":"product_tag-kids-tracksuit","15":"product_tag-tracksuit","16":"product_tag-winter-tracksuit","17":"pa_brand-cigit","18":"pa_color-sutlu-kahve","19":"pa_size-2-3-yas","20":"pa_size-3-4-yas","21":"pa_size-4-5-yas","22":"pa_size-5-6-yas","23":"pa_size-6-7-yas","25":"first","26":"instock","27":"sale","28":"shipping-taxable","29":"purchasable","30":"product-type-variable"},"_links":{"self":[{"href":"http:\/\/mod.wisdar.net\/tr\/wp-json\/wp\/v2\/product\/111101","targetHints":{"allow":["GET"]}}],"collection":[{"href":"http:\/\/mod.wisdar.net\/tr\/wp-json\/wp\/v2\/product"}],"about":[{"href":"http:\/\/mod.wisdar.net\/tr\/wp-json\/wp\/v2\/types\/product"}],"replies":[{"embeddable":true,"href":"http:\/\/mod.wisdar.net\/tr\/wp-json\/wp\/v2\/comments?post=111101"}],"wp:featuredmedia":[{"embeddable":true,"href":"http:\/\/mod.wisdar.net\/tr\/wp-json\/wp\/v2\/media\/111096"}],"wp:attachment":[{"href":"http:\/\/mod.wisdar.net\/tr\/wp-json\/wp\/v2\/media?parent=111101"}],"wp:term":[{"taxonomy":"product_brand","embeddable":true,"href":"http:\/\/mod.wisdar.net\/tr\/wp-json\/wp\/v2\/product_brand?post=111101"},{"taxonomy":"product_cat","embeddable":true,"href":"http:\/\/mod.wisdar.net\/tr\/wp-json\/wp\/v2\/product_cat?post=111101"},{"taxonomy":"product_tag","embeddable":true,"href":"http:\/\/mod.wisdar.net\/tr\/wp-json\/wp\/v2\/product_tag?post=111101"}],"curies":[{"name":"wp","href":"https:\/\/api.w.org\/{rel}","templated":true}]}}