{"id":113684,"date":"2026-02-17T08:52:56","date_gmt":"2026-02-17T08:52:56","guid":{"rendered":"https:\/\/modesthanim.com\/product\/oduncu-gomlegi-1-9-yas-mavi-ekose\/"},"modified":"2026-04-11T20:02:38","modified_gmt":"2026-04-11T20:02:38","slug":"oduncu-gomlegi-1-9-yas-mavi-ekose","status":"publish","type":"product","link":"http:\/\/mod.wisdar.net\/tr\/urun\/oduncu-gomlegi-1-9-yas-mavi-ekose\/","title":{"rendered":"Oduncu G\u00f6mle\u011fi 1-9 Ya\u015f Mavi Ekose"},"content":{"rendered":"<p>. %100 pamuktan \u00fcretilmi\u015ftir<\/p>\n<p>. So\u011fuk k\u0131\u015f g\u00fcnleri i\u00e7in uygundur<\/p>\n<p>. Nefes alan, yumu\u015fac\u0131k ve saf bir dokuya sahiptir<\/p>\n<p>. \u00c7ama\u015f\u0131r makinesinde maksimum 30\u00baC\u2019lik k\u0131sa programda y\u0131kay\u0131n\u0131z<\/p>\n","protected":false},"excerpt":{"rendered":"<p>. %100 pamuktan \u00fcretilmi\u015ftir . So\u011fuk k\u0131\u015f g\u00fcnleri i\u00e7in uygundur . Nefes alan, yumu\u015fac\u0131k ve saf bir dokuya sahiptir . \u00c7ama\u015f\u0131r makinesinde maksimum 30\u00baC\u2019lik k\u0131sa programda y\u0131kay\u0131n\u0131z<\/p>\n","protected":false},"featured_media":113681,"comment_status":"open","ping_status":"closed","template":"","meta":[],"product_brand":[],"product_cat":[8739,8694,8742,8697,8700],"product_tag":[7758],"class_list":{"0":"post-113684","1":"product","2":"type-product","3":"status-publish","4":"has-post-thumbnail","6":"product_cat-erkek-cocuklar-2-14-yas","7":"product_cat-cocuklar","8":"product_cat-tisortler-gomlekler","9":"product_cat-yenidogan-0-12-ay","10":"product_cat-yenidogan-giyim","11":"product_tag-kis-giyim","12":"pa_brand-cigit","13":"pa_color-mavi-ekose","14":"pa_size-12-18-ay","15":"pa_size-18-24-ay","16":"pa_size-2-3-yas","17":"pa_size-3-4-yas","18":"pa_size-4-5-yas","19":"pa_size-5-6-yas","20":"pa_size-6-7-yas","21":"pa_size-7-8-yas","22":"pa_size-8-9-yas","24":"first","25":"instock","26":"sale","27":"shipping-taxable","28":"purchasable","29":"product-type-variable"},"_links":{"self":[{"href":"http:\/\/mod.wisdar.net\/tr\/wp-json\/wp\/v2\/product\/113684","targetHints":{"allow":["GET"]}}],"collection":[{"href":"http:\/\/mod.wisdar.net\/tr\/wp-json\/wp\/v2\/product"}],"about":[{"href":"http:\/\/mod.wisdar.net\/tr\/wp-json\/wp\/v2\/types\/product"}],"replies":[{"embeddable":true,"href":"http:\/\/mod.wisdar.net\/tr\/wp-json\/wp\/v2\/comments?post=113684"}],"wp:featuredmedia":[{"embeddable":true,"href":"http:\/\/mod.wisdar.net\/tr\/wp-json\/wp\/v2\/media\/113681"}],"wp:attachment":[{"href":"http:\/\/mod.wisdar.net\/tr\/wp-json\/wp\/v2\/media?parent=113684"}],"wp:term":[{"taxonomy":"product_brand","embeddable":true,"href":"http:\/\/mod.wisdar.net\/tr\/wp-json\/wp\/v2\/product_brand?post=113684"},{"taxonomy":"product_cat","embeddable":true,"href":"http:\/\/mod.wisdar.net\/tr\/wp-json\/wp\/v2\/product_cat?post=113684"},{"taxonomy":"product_tag","embeddable":true,"href":"http:\/\/mod.wisdar.net\/tr\/wp-json\/wp\/v2\/product_tag?post=113684"}],"curies":[{"name":"wp","href":"https:\/\/api.w.org\/{rel}","templated":true}]}}