{"id":115778,"date":"2026-02-17T10:21:57","date_gmt":"2026-02-17T10:21:57","guid":{"rendered":"https:\/\/modesthanim.com\/product\/disney-mickey-minnie-pijama-takimi-fitilli-kaskorse-kisa-kollu-ust-beli-lastikli-uzun-alt-kiz-bebek\/"},"modified":"2026-04-10T16:06:40","modified_gmt":"2026-04-10T16:06:40","slug":"disney-mickey-minnie-pijama-takimi-fitilli-kaskorse-kisa-kollu-ust-beli-lastikli-uzun-alt-kiz-bebek","status":"publish","type":"product","link":"http:\/\/mod.wisdar.net\/tr\/urun\/disney-mickey-minnie-pijama-takimi-fitilli-kaskorse-kisa-kollu-ust-beli-lastikli-uzun-alt-kiz-bebek\/","title":{"rendered":"Disney Mickey &amp; Minnie Pijama Tak\u0131m\u0131 Fitilli Ka\u015fkorse K\u0131sa Kollu \u00dcst Beli Lastikli Uzun Alt K\u0131z Bebek"},"content":{"rendered":"<p>K\u0131z Bebek Disney Mickey &amp; Minnie Pijama Tak\u0131m\u0131, sevimli Mickey ve Minnie karakterleriyle miniklerin favorisi olacak. Fitilli ka\u015fkorse kuma\u015f\u0131, yumu\u015fakl\u0131k ve konfor sunarken, k\u0131sa kollu \u00fcst ve beli lastikli uzun alt, rahat bir uyku deneyimi sa\u011flar. Hem \u015f\u0131k hem de rahat bir se\u00e7enek olarak gece boyunca konforlu bir kullan\u0131m sunar.<\/p>\n","protected":false},"excerpt":{"rendered":"<p>K\u0131z Bebek Disney Mickey &amp; Minnie Pijama Tak\u0131m\u0131, sevimli Mickey ve Minnie karakterleriyle miniklerin favorisi olacak. Fitilli ka\u015fkorse kuma\u015f\u0131, yumu\u015fakl\u0131k ve konfor sunarken, k\u0131sa kollu \u00fcst ve beli lastikli uzun alt, rahat bir uyku deneyimi sa\u011flar. Hem \u015f\u0131k hem de rahat bir se\u00e7enek olarak gece boyunca konforlu bir kullan\u0131m sunar.<\/p>\n","protected":false},"featured_media":115769,"comment_status":"open","ping_status":"closed","template":"","meta":[],"product_brand":[],"product_cat":[8703,8715,8694,8730,8697],"product_tag":[6757],"class_list":{"0":"post-115778","1":"product","2":"type-product","3":"status-publish","4":"has-post-thumbnail","6":"product_cat-bebek-setleri","7":"product_cat-kiz-cocuklari-2-14-yas","8":"product_cat-cocuklar","9":"product_cat-pijama","10":"product_cat-yenidogan-0-12-ay","11":"product_tag-ekru","12":"pa_brand-defacto","13":"pa_color-ekru","14":"pa_size-12-18-ay-86cm","15":"pa_size-18-24-ay-92cm","16":"pa_size-24-36-ay-98-cm","17":"pa_size-3-4-yas-104-cm","18":"pa_size-4-5-yas-110cm","19":"pa_size-5-6-yas-116cm","20":"pa_size-6-9-ay-74cm","21":"pa_size-9-12-ay-80cm","23":"first","24":"outofstock","25":"shipping-taxable","26":"product-type-variable"},"_links":{"self":[{"href":"http:\/\/mod.wisdar.net\/tr\/wp-json\/wp\/v2\/product\/115778","targetHints":{"allow":["GET"]}}],"collection":[{"href":"http:\/\/mod.wisdar.net\/tr\/wp-json\/wp\/v2\/product"}],"about":[{"href":"http:\/\/mod.wisdar.net\/tr\/wp-json\/wp\/v2\/types\/product"}],"replies":[{"embeddable":true,"href":"http:\/\/mod.wisdar.net\/tr\/wp-json\/wp\/v2\/comments?post=115778"}],"wp:featuredmedia":[{"embeddable":true,"href":"http:\/\/mod.wisdar.net\/tr\/wp-json\/wp\/v2\/media\/115769"}],"wp:attachment":[{"href":"http:\/\/mod.wisdar.net\/tr\/wp-json\/wp\/v2\/media?parent=115778"}],"wp:term":[{"taxonomy":"product_brand","embeddable":true,"href":"http:\/\/mod.wisdar.net\/tr\/wp-json\/wp\/v2\/product_brand?post=115778"},{"taxonomy":"product_cat","embeddable":true,"href":"http:\/\/mod.wisdar.net\/tr\/wp-json\/wp\/v2\/product_cat?post=115778"},{"taxonomy":"product_tag","embeddable":true,"href":"http:\/\/mod.wisdar.net\/tr\/wp-json\/wp\/v2\/product_tag?post=115778"}],"curies":[{"name":"wp","href":"https:\/\/api.w.org\/{rel}","templated":true}]}}