{"id":115788,"date":"2026-02-17T10:22:00","date_gmt":"2026-02-17T10:22:00","guid":{"rendered":"https:\/\/modesthanim.com\/product\/%100-pamuklu-pijama-takimi-kiz-bebek\/"},"modified":"2026-04-09T06:23:39","modified_gmt":"2026-04-09T06:23:39","slug":"%100-pamuklu-pijama-takimi-kiz-bebek","status":"publish","type":"product","link":"http:\/\/mod.wisdar.net\/tr\/urun\/%100-pamuklu-pijama-takimi-kiz-bebek\/","title":{"rendered":"%100 Pamuklu Pijama Tak\u0131m\u0131 K\u0131z Bebek"},"content":{"rendered":"<p>Pembe renkte slogan desenli 2&#8217;li k\u0131z bebek pijama tak\u0131m\u0131, ilkbahar\/yaz mevsim ko\u015fullar\u0131 i\u00e7in idealdir. Penye kuma\u015ftan \u00fcretilmi\u015f olan bu pijama tak\u0131m\u0131, rahat ve \u015f\u0131k bir g\u00f6r\u00fcn\u00fcm sunar. K\u0131sa kollu ve regular fit kal\u0131ba sahiptir, ev giyim kategorisinde yer almaktad\u0131r. Temel bir \u00fcr\u00fcn \u00e7e\u015fididir.<\/p>\n<p>\u2014 Technical Details \u2014<br \/>\nDesen: Slogan Desenli<br \/>\nKal\u0131p: Regular F\u0131t<br \/>\nTak\u0131m \u0130\u00e7eri\u011fi: 2&#8217;li<br \/>\nCinsiyet: K\u0131z Bebek<br \/>\nKol Boyu: K\u0131sa Kollu<br \/>\nMarka: Defacto<br \/>\nMen\u015fei: TR<br \/>\n\u00dcr\u00fcn Grubu: K\u0131z Bebek Pijama Tak\u0131m<\/p>\n","protected":false},"excerpt":{"rendered":"<p>Pembe renkte slogan desenli 2&#8217;li k\u0131z bebek pijama tak\u0131m\u0131, ilkbahar\/yaz mevsim ko\u015fullar\u0131 i\u00e7in idealdir. Penye kuma\u015ftan \u00fcretilmi\u015f olan bu pijama tak\u0131m\u0131, rahat ve \u015f\u0131k bir g\u00f6r\u00fcn\u00fcm sunar. K\u0131sa kollu ve regular fit kal\u0131ba sahiptir, ev giyim kategorisinde yer almaktad\u0131r. Temel bir \u00fcr\u00fcn \u00e7e\u015fididir. \u2014 Technical Details \u2014 Desen: Slogan Desenli Kal\u0131p: Regular F\u0131t Tak\u0131m \u0130\u00e7eri\u011fi: [&hellip;]<\/p>\n","protected":false},"featured_media":115771,"comment_status":"open","ping_status":"closed","template":"","meta":[],"product_brand":[],"product_cat":[8703,8715,8694,8730,8697],"product_tag":[9444,9443,9441,9439],"class_list":{"0":"post-115788","1":"product","2":"type-product","3":"status-publish","4":"has-post-thumbnail","6":"product_cat-bebek-setleri","7":"product_cat-kiz-cocuklari-2-14-yas","8":"product_cat-cocuklar","9":"product_cat-pijama","10":"product_cat-yenidogan-0-12-ay","11":"product_tag-100-cotton-pajama-set-baby-girl","12":"product_tag-baby-girl-100-cotton-pajama-set","13":"product_tag-pink-100-cotton-pajama-set-baby-girl","14":"product_tag-pink-baby-girl-100-cotton-pajama-set","15":"pa_brand-defacto","16":"pa_color-pembe","17":"pa_size-12-18-ay-86cm","18":"pa_size-18-24-ay-92cm","19":"pa_size-24-36-ay-98-cm","20":"pa_size-3-4-yas-104-cm","21":"pa_size-4-5-yas-110cm","22":"pa_size-5-6-yas-116cm","23":"pa_size-6-9-ay-74cm","24":"pa_size-9-12-ay-80cm","26":"first","27":"instock","28":"sale","29":"shipping-taxable","30":"purchasable","31":"product-type-variable"},"_links":{"self":[{"href":"http:\/\/mod.wisdar.net\/tr\/wp-json\/wp\/v2\/product\/115788","targetHints":{"allow":["GET"]}}],"collection":[{"href":"http:\/\/mod.wisdar.net\/tr\/wp-json\/wp\/v2\/product"}],"about":[{"href":"http:\/\/mod.wisdar.net\/tr\/wp-json\/wp\/v2\/types\/product"}],"replies":[{"embeddable":true,"href":"http:\/\/mod.wisdar.net\/tr\/wp-json\/wp\/v2\/comments?post=115788"}],"wp:featuredmedia":[{"embeddable":true,"href":"http:\/\/mod.wisdar.net\/tr\/wp-json\/wp\/v2\/media\/115771"}],"wp:attachment":[{"href":"http:\/\/mod.wisdar.net\/tr\/wp-json\/wp\/v2\/media?parent=115788"}],"wp:term":[{"taxonomy":"product_brand","embeddable":true,"href":"http:\/\/mod.wisdar.net\/tr\/wp-json\/wp\/v2\/product_brand?post=115788"},{"taxonomy":"product_cat","embeddable":true,"href":"http:\/\/mod.wisdar.net\/tr\/wp-json\/wp\/v2\/product_cat?post=115788"},{"taxonomy":"product_tag","embeddable":true,"href":"http:\/\/mod.wisdar.net\/tr\/wp-json\/wp\/v2\/product_tag?post=115788"}],"curies":[{"name":"wp","href":"https:\/\/api.w.org\/{rel}","templated":true}]}}