{"id":116038,"date":"2026-02-17T10:25:50","date_gmt":"2026-02-17T10:25:50","guid":{"rendered":"https:\/\/modesthanim.com\/product\/aplike-2li-takim-sweatshirt-esofman-alti-kiz-bebek\/"},"modified":"2026-03-03T11:52:41","modified_gmt":"2026-03-03T11:52:41","slug":"aplike-2li-takim-sweatshirt-esofman-alti-kiz-bebek","status":"publish","type":"product","link":"http:\/\/mod.wisdar.net\/tr\/urun\/aplike-2li-takim-sweatshirt-esofman-alti-kiz-bebek\/","title":{"rendered":"Aplike 2&#8217;li Tak\u0131m Sweatshirt E\u015fofman Alt\u0131 K\u0131z Bebek"},"content":{"rendered":"<p>K\u0131z Bebek Aplike 2\u2019li Tak\u0131m Sweatshirt E\u015fofman Alt\u0131, sevimli aplike detaylar\u0131 ve rahat kesimiyle konforlu bir kullan\u0131m sunar. Yumu\u015fak kuma\u015f\u0131 sayesinde g\u00fcnl\u00fck aktivitelerde bebe\u011finizin \u00f6zg\u00fcrce hareket etmesine yard\u0131mc\u0131 olur.<\/p>\n<p>\u2014 Technical Details \u2014<br \/>\nTak\u0131m \u0130\u00e7eri\u011fi: 2&#8217;li<br \/>\nCinsiyet: K\u0131z Bebek<br \/>\nKal\u0131p: Regular F\u0131t<br \/>\nMen\u015fei: TR<br \/>\n\u00dcr\u00fcn Grubu: K\u0131z Bebek Tak\u0131m \u2013 Set<\/p>\n","protected":false},"excerpt":{"rendered":"<p>K\u0131z Bebek Aplike 2\u2019li Tak\u0131m Sweatshirt E\u015fofman Alt\u0131, sevimli aplike detaylar\u0131 ve rahat kesimiyle konforlu bir kullan\u0131m sunar. Yumu\u015fak kuma\u015f\u0131 sayesinde g\u00fcnl\u00fck aktivitelerde bebe\u011finizin \u00f6zg\u00fcrce hareket etmesine yard\u0131mc\u0131 olur. \u2014 Technical Details \u2014 Tak\u0131m \u0130\u00e7eri\u011fi: 2&#8217;li Cinsiyet: K\u0131z Bebek Kal\u0131p: Regular F\u0131t Men\u015fei: TR \u00dcr\u00fcn Grubu: K\u0131z Bebek Tak\u0131m \u2013 Set<\/p>\n","protected":false},"featured_media":116031,"comment_status":"open","ping_status":"closed","template":"","meta":[],"product_brand":[],"product_cat":[8703,8721,8715,8694,8697],"product_tag":[],"class_list":{"0":"post-116038","1":"product","2":"type-product","3":"status-publish","4":"has-post-thumbnail","6":"product_cat-bebek-setleri","7":"product_cat-kiz-cocuk-takimlari","8":"product_cat-kiz-cocuklari-2-14-yas","9":"product_cat-cocuklar","10":"product_cat-yenidogan-0-12-ay","11":"pa_brand-defacto","12":"pa_color-ekru","13":"pa_size-12-18-ay-86cm","14":"pa_size-18-24-ay-92cm","15":"pa_size-2-3-yas-98cm","16":"pa_size-3-4-yas-104-cm","17":"pa_size-4-5-yas-110cm","18":"pa_size-5-6-yas-116cm","19":"pa_size-9-12-ay-80cm","21":"first","22":"instock","23":"sale","24":"shipping-taxable","25":"purchasable","26":"product-type-variable"},"_links":{"self":[{"href":"http:\/\/mod.wisdar.net\/tr\/wp-json\/wp\/v2\/product\/116038","targetHints":{"allow":["GET"]}}],"collection":[{"href":"http:\/\/mod.wisdar.net\/tr\/wp-json\/wp\/v2\/product"}],"about":[{"href":"http:\/\/mod.wisdar.net\/tr\/wp-json\/wp\/v2\/types\/product"}],"replies":[{"embeddable":true,"href":"http:\/\/mod.wisdar.net\/tr\/wp-json\/wp\/v2\/comments?post=116038"}],"wp:featuredmedia":[{"embeddable":true,"href":"http:\/\/mod.wisdar.net\/tr\/wp-json\/wp\/v2\/media\/116031"}],"wp:attachment":[{"href":"http:\/\/mod.wisdar.net\/tr\/wp-json\/wp\/v2\/media?parent=116038"}],"wp:term":[{"taxonomy":"product_brand","embeddable":true,"href":"http:\/\/mod.wisdar.net\/tr\/wp-json\/wp\/v2\/product_brand?post=116038"},{"taxonomy":"product_cat","embeddable":true,"href":"http:\/\/mod.wisdar.net\/tr\/wp-json\/wp\/v2\/product_cat?post=116038"},{"taxonomy":"product_tag","embeddable":true,"href":"http:\/\/mod.wisdar.net\/tr\/wp-json\/wp\/v2\/product_tag?post=116038"}],"curies":[{"name":"wp","href":"https:\/\/api.w.org\/{rel}","templated":true}]}}