{"id":116048,"date":"2026-02-17T10:25:48","date_gmt":"2026-02-17T10:25:48","guid":{"rendered":"https:\/\/modesthanim.com\/product\/2li-takim-baskili-sweatshirt-tayt-kiz-bebek\/"},"modified":"2026-04-15T20:49:44","modified_gmt":"2026-04-15T20:49:44","slug":"2li-takim-baskili-sweatshirt-tayt-kiz-bebek","status":"publish","type":"product","link":"http:\/\/mod.wisdar.net\/tr\/urun\/2li-takim-baskili-sweatshirt-tayt-kiz-bebek\/","title":{"rendered":"2&#8217;li Tak\u0131m Bask\u0131l\u0131 Sweatshirt Tayt K\u0131z Bebek"},"content":{"rendered":"<p>K\u0131z bebekler i\u00e7in tasarlanan 2\u2019li tak\u0131m, bask\u0131l\u0131 sweatshirt ve tayttan olu\u015fur. Yumu\u015fak ve esnek kuma\u015f\u0131 sayesinde g\u00fcn boyu rahatl\u0131k sunarken, sevimli bask\u0131 detaylar\u0131yla \u015f\u0131k bir g\u00f6r\u00fcn\u00fcm sa\u011flar.<\/p>\n<p>\u2014 Technical Details \u2014<br \/>\nKal\u0131p: Flare F\u0131t<br \/>\nDantel Detay: Dantel Detayl\u0131<br \/>\nTak\u0131m \u0130\u00e7eri\u011fi: 2&#8217;li<br \/>\nRenk: Lacivert<br \/>\nCinsiyet: K\u0131z Bebek<\/p>\n","protected":false},"excerpt":{"rendered":"<p>K\u0131z bebekler i\u00e7in tasarlanan 2\u2019li tak\u0131m, bask\u0131l\u0131 sweatshirt ve tayttan olu\u015fur. Yumu\u015fak ve esnek kuma\u015f\u0131 sayesinde g\u00fcn boyu rahatl\u0131k sunarken, sevimli bask\u0131 detaylar\u0131yla \u015f\u0131k bir g\u00f6r\u00fcn\u00fcm sa\u011flar. \u2014 Technical Details \u2014 Kal\u0131p: Flare F\u0131t Dantel Detay: Dantel Detayl\u0131 Tak\u0131m \u0130\u00e7eri\u011fi: 2&#8217;li Renk: Lacivert Cinsiyet: K\u0131z Bebek<\/p>\n","protected":false},"featured_media":116029,"comment_status":"open","ping_status":"closed","template":"","meta":[],"product_brand":[],"product_cat":[8703,8721,8715,8694,8697],"product_tag":[9453,9451,9449,9447],"class_list":{"0":"post-116048","1":"product","2":"type-product","3":"status-publish","4":"has-post-thumbnail","6":"product_cat-bebek-setleri","7":"product_cat-kiz-cocuk-takimlari","8":"product_cat-kiz-cocuklari-2-14-yas","9":"product_cat-cocuklar","10":"product_cat-yenidogan-0-12-ay","11":"product_tag-2-piece-set-printed-sweatshirt-leggings-baby-girl","12":"product_tag-baby-girl-2-piece-set-printed-sweatshirt-leggings","13":"product_tag-navy-2-piece-set-printed-sweatshirt-leggings-baby-girl","14":"product_tag-navy-baby-girl-2-piece-set-printed-sweatshirt-leggings","15":"pa_brand-defacto","16":"pa_color-lacivert","17":"pa_size-12-18-ay-86cm","18":"pa_size-18-24-ay-92cm","19":"pa_size-2-3-yas-98cm","20":"pa_size-3-4-yas-104-cm","21":"pa_size-4-5-yas-110cm","22":"pa_size-5-6-yas-116cm","23":"pa_size-9-12-ay-80cm","25":"first","26":"instock","27":"sale","28":"shipping-taxable","29":"purchasable","30":"product-type-variable"},"_links":{"self":[{"href":"http:\/\/mod.wisdar.net\/tr\/wp-json\/wp\/v2\/product\/116048","targetHints":{"allow":["GET"]}}],"collection":[{"href":"http:\/\/mod.wisdar.net\/tr\/wp-json\/wp\/v2\/product"}],"about":[{"href":"http:\/\/mod.wisdar.net\/tr\/wp-json\/wp\/v2\/types\/product"}],"replies":[{"embeddable":true,"href":"http:\/\/mod.wisdar.net\/tr\/wp-json\/wp\/v2\/comments?post=116048"}],"wp:featuredmedia":[{"embeddable":true,"href":"http:\/\/mod.wisdar.net\/tr\/wp-json\/wp\/v2\/media\/116029"}],"wp:attachment":[{"href":"http:\/\/mod.wisdar.net\/tr\/wp-json\/wp\/v2\/media?parent=116048"}],"wp:term":[{"taxonomy":"product_brand","embeddable":true,"href":"http:\/\/mod.wisdar.net\/tr\/wp-json\/wp\/v2\/product_brand?post=116048"},{"taxonomy":"product_cat","embeddable":true,"href":"http:\/\/mod.wisdar.net\/tr\/wp-json\/wp\/v2\/product_cat?post=116048"},{"taxonomy":"product_tag","embeddable":true,"href":"http:\/\/mod.wisdar.net\/tr\/wp-json\/wp\/v2\/product_tag?post=116048"}],"curies":[{"name":"wp","href":"https:\/\/api.w.org\/{rel}","templated":true}]}}