{"id":116901,"date":"2026-02-17T12:12:35","date_gmt":"2026-02-17T12:12:35","guid":{"rendered":"https:\/\/modesthanim.com\/product\/beyaz-fiyonk-detayli-kiz-bebek-yurume-oncesi-ayakkabi\/"},"modified":"2026-03-31T01:43:07","modified_gmt":"2026-03-31T01:43:07","slug":"beyaz-fiyonk-detayli-kiz-bebek-yurume-oncesi-ayakkabi","status":"publish","type":"product","link":"http:\/\/mod.wisdar.net\/tr\/urun\/beyaz-fiyonk-detayli-kiz-bebek-yurume-oncesi-ayakkabi\/","title":{"rendered":"Beyaz Fiyonk Detayl\u0131 K\u0131z Bebek Y\u00fcr\u00fcme \u00d6ncesi Ayakkab\u0131"},"content":{"rendered":"<p>LCW STEPS Beyaz Fiyonk Detayl\u0131 K\u0131z Bebek Y\u00fcr\u00fcme \u00d6ncesi Ayakkab\u0131 size \u00f6zel indirim, taksit ve kap\u0131da \u00f6deme avantajlar\u0131yla LCW&#8217;de! Hemen online al\u0131\u015fveri\u015f yap, \u00fcr\u00fcn kap\u0131na gelsin! \u2013 S6FI82Z1-Q6K<\/p>\n<p>\u2014 Technical Details \u2014<br \/>\n\u00dcr\u00fcn Tipi: Y\u00fcr\u00fcme \u00d6ncesi Ayakkab\u0131<br \/>\nCinsiyet: K\u0131z Bebek<br \/>\nDesen: D\u00fcz<br \/>\nBurun \u015eekli: Yuvarlak Burun<br \/>\nAyakkab\u0131 Kapanma \u015eekli: C\u0131rt C\u0131rt<\/p>\n","protected":false},"excerpt":{"rendered":"<p>LCW STEPS Beyaz Fiyonk Detayl\u0131 K\u0131z Bebek Y\u00fcr\u00fcme \u00d6ncesi Ayakkab\u0131 size \u00f6zel indirim, taksit ve kap\u0131da \u00f6deme avantajlar\u0131yla LCW&#8217;de! Hemen online al\u0131\u015fveri\u015f yap, \u00fcr\u00fcn kap\u0131na gelsin! \u2013 S6FI82Z1-Q6K \u2014 Technical Details \u2014 \u00dcr\u00fcn Tipi: Y\u00fcr\u00fcme \u00d6ncesi Ayakkab\u0131 Cinsiyet: K\u0131z Bebek Desen: D\u00fcz Burun \u015eekli: Yuvarlak Burun Ayakkab\u0131 Kapanma \u015eekli: C\u0131rt C\u0131rt<\/p>\n","protected":false},"featured_media":116894,"comment_status":"open","ping_status":"closed","template":"","meta":[],"product_brand":[],"product_cat":[8694,8697,8700],"product_tag":[9483,5692,8928,9492,9490,9491,9493,9488],"class_list":{"0":"post-116901","1":"product","2":"type-product","3":"status-publish","4":"has-post-thumbnail","6":"product_cat-cocuklar","7":"product_cat-yenidogan-0-12-ay","8":"product_cat-yenidogan-giyim","9":"product_tag-baby-shoes","10":"product_tag-bow-detail","11":"product_tag-girl-baby","12":"product_tag-hook-and-loop-closure-2","13":"product_tag-lcw-steps","14":"product_tag-pre-walker","15":"product_tag-round-toe","16":"product_tag-white-shoes","17":"pa_brand-lcw-steps","18":"pa_color-beyaz","19":"pa_size-16-0-3-ay","20":"pa_size-17-3-6-ay","21":"pa_size-18-6-9-ay","22":"pa_size-19-9-12-ay","23":"pa_size-20-12-15-ay","24":"pa_size-21-15-18-ay","26":"first","27":"instock","28":"sale","29":"shipping-taxable","30":"purchasable","31":"product-type-variable"},"_links":{"self":[{"href":"http:\/\/mod.wisdar.net\/tr\/wp-json\/wp\/v2\/product\/116901","targetHints":{"allow":["GET"]}}],"collection":[{"href":"http:\/\/mod.wisdar.net\/tr\/wp-json\/wp\/v2\/product"}],"about":[{"href":"http:\/\/mod.wisdar.net\/tr\/wp-json\/wp\/v2\/types\/product"}],"replies":[{"embeddable":true,"href":"http:\/\/mod.wisdar.net\/tr\/wp-json\/wp\/v2\/comments?post=116901"}],"wp:featuredmedia":[{"embeddable":true,"href":"http:\/\/mod.wisdar.net\/tr\/wp-json\/wp\/v2\/media\/116894"}],"wp:attachment":[{"href":"http:\/\/mod.wisdar.net\/tr\/wp-json\/wp\/v2\/media?parent=116901"}],"wp:term":[{"taxonomy":"product_brand","embeddable":true,"href":"http:\/\/mod.wisdar.net\/tr\/wp-json\/wp\/v2\/product_brand?post=116901"},{"taxonomy":"product_cat","embeddable":true,"href":"http:\/\/mod.wisdar.net\/tr\/wp-json\/wp\/v2\/product_cat?post=116901"},{"taxonomy":"product_tag","embeddable":true,"href":"http:\/\/mod.wisdar.net\/tr\/wp-json\/wp\/v2\/product_tag?post=116901"}],"curies":[{"name":"wp","href":"https:\/\/api.w.org\/{rel}","templated":true}]}}