{"id":117157,"date":"2026-02-17T12:15:00","date_gmt":"2026-02-17T12:15:00","guid":{"rendered":"https:\/\/modesthanim.com\/product\/kahverengi-cirt-cirtli-erkek-bebek-yurume-oncesi-ayakkabi\/"},"modified":"2026-04-14T02:11:32","modified_gmt":"2026-04-14T02:11:32","slug":"kahverengi-cirt-cirtli-erkek-bebek-yurume-oncesi-ayakkabi","status":"publish","type":"product","link":"http:\/\/mod.wisdar.net\/tr\/urun\/kahverengi-cirt-cirtli-erkek-bebek-yurume-oncesi-ayakkabi\/","title":{"rendered":"Kahverengi C\u0131rt C\u0131rtl\u0131 Erkek Bebek Y\u00fcr\u00fcme \u00d6ncesi Ayakkab\u0131"},"content":{"rendered":"<p>LCW STEPS Kahverengi C\u0131rt C\u0131rtl\u0131 Erkek Bebek Y\u00fcr\u00fcme \u00d6ncesi Ayakkab\u0131 size \u00f6zel indirim, taksit ve kap\u0131da \u00f6deme avantajlar\u0131yla LCW&#8217;de! Hemen online al\u0131\u015fveri\u015f yap, \u00fcr\u00fcn kap\u0131na gelsin! \u2013 S6O290Z1-1MW<\/p>\n<p>\u2014 Technical Details \u2014<br \/>\nDesen: D\u00fcz<br \/>\nAyakkab\u0131 Kapanma \u015eekli: C\u0131rt C\u0131rt<br \/>\n\u00dcr\u00fcn Tipi: Y\u00fcr\u00fcme \u00d6ncesi Ayakkab\u0131<br \/>\nCinsiyet: Erkek Bebek<\/p>\n","protected":false},"excerpt":{"rendered":"<p>LCW STEPS Kahverengi C\u0131rt C\u0131rtl\u0131 Erkek Bebek Y\u00fcr\u00fcme \u00d6ncesi Ayakkab\u0131 size \u00f6zel indirim, taksit ve kap\u0131da \u00f6deme avantajlar\u0131yla LCW&#8217;de! Hemen online al\u0131\u015fveri\u015f yap, \u00fcr\u00fcn kap\u0131na gelsin! \u2013 S6O290Z1-1MW \u2014 Technical Details \u2014 Desen: D\u00fcz Ayakkab\u0131 Kapanma \u015eekli: C\u0131rt C\u0131rt \u00dcr\u00fcn Tipi: Y\u00fcr\u00fcme \u00d6ncesi Ayakkab\u0131 Cinsiyet: Erkek Bebek<\/p>\n","protected":false},"featured_media":117152,"comment_status":"open","ping_status":"closed","template":"","meta":[],"product_brand":[],"product_cat":[8694,8697,8700],"product_tag":[9483,9507,9509,9506,9489],"class_list":{"0":"post-117157","1":"product","2":"type-product","3":"status-publish","4":"has-post-thumbnail","6":"product_cat-cocuklar","7":"product_cat-yenidogan-0-12-ay","8":"product_cat-yenidogan-giyim","9":"product_tag-baby-shoes","10":"product_tag-boys-shoes","11":"product_tag-brown-shoes","12":"product_tag-pre-walker-shoes","13":"product_tag-velcro-shoes","14":"pa_brand-lcw-steps","15":"pa_color-kahverengi","16":"pa_size-16-0-3-ay","17":"pa_size-17-3-6-ay","18":"pa_size-18-6-9-ay","19":"pa_size-19-9-12-ay","20":"pa_size-20-12-15-ay","21":"pa_size-21-15-18-ay","23":"first","24":"instock","25":"sale","26":"shipping-taxable","27":"purchasable","28":"product-type-variable"},"_links":{"self":[{"href":"http:\/\/mod.wisdar.net\/tr\/wp-json\/wp\/v2\/product\/117157","targetHints":{"allow":["GET"]}}],"collection":[{"href":"http:\/\/mod.wisdar.net\/tr\/wp-json\/wp\/v2\/product"}],"about":[{"href":"http:\/\/mod.wisdar.net\/tr\/wp-json\/wp\/v2\/types\/product"}],"replies":[{"embeddable":true,"href":"http:\/\/mod.wisdar.net\/tr\/wp-json\/wp\/v2\/comments?post=117157"}],"wp:featuredmedia":[{"embeddable":true,"href":"http:\/\/mod.wisdar.net\/tr\/wp-json\/wp\/v2\/media\/117152"}],"wp:attachment":[{"href":"http:\/\/mod.wisdar.net\/tr\/wp-json\/wp\/v2\/media?parent=117157"}],"wp:term":[{"taxonomy":"product_brand","embeddable":true,"href":"http:\/\/mod.wisdar.net\/tr\/wp-json\/wp\/v2\/product_brand?post=117157"},{"taxonomy":"product_cat","embeddable":true,"href":"http:\/\/mod.wisdar.net\/tr\/wp-json\/wp\/v2\/product_cat?post=117157"},{"taxonomy":"product_tag","embeddable":true,"href":"http:\/\/mod.wisdar.net\/tr\/wp-json\/wp\/v2\/product_tag?post=117157"}],"curies":[{"name":"wp","href":"https:\/\/api.w.org\/{rel}","templated":true}]}}