{"id":117498,"date":"2026-02-17T12:22:06","date_gmt":"2026-02-17T12:22:06","guid":{"rendered":"https:\/\/modesthanim.com\/product\/mavi-desenli-erkek-bebek-soket-corap-5li\/"},"modified":"2026-04-14T02:31:58","modified_gmt":"2026-04-14T02:31:58","slug":"mavi-desenli-erkek-bebek-soket-corap-5li","status":"publish","type":"product","link":"http:\/\/mod.wisdar.net\/tr\/urun\/mavi-desenli-erkek-bebek-soket-corap-5li\/","title":{"rendered":"Mavi Desenli Erkek Bebek Soket \u00c7orap 5&#8217;li"},"content":{"rendered":"<p>LCW baby Mavi Desenli Erkek Bebek Soket \u00c7orap 5&#8217;li, \u00f6zel indirim, taksit ve kap\u0131da \u00f6deme avantajlar\u0131yla LCW&#8217;de! Hemen online al\u0131\u015fveri\u015f yap\u0131n, \u00fcr\u00fcn kap\u0131n\u0131za gelsin! \u2013 S62061Z1-SQ4<\/p>\n<p>\u2014 Teknik Detaylar \u2014<br \/>\nMen\u015fei: \u00c7in, T\u00fcrkiye<br \/>\nSat\u0131c\u0131: LC Waikiki<br \/>\nMarka: LCW baby<br \/>\n\u00dcr\u00fcn Tipi: Soket \u00c7orap<br \/>\nCinsiyet: Erkek Bebek<br \/>\nDesen: Desenli<br \/>\nKal\u0131nl\u0131k: Orta Kal\u0131nl\u0131k<br \/>\nPaket \u0130\u00e7eri\u011fi: 5&#8217;li Paket<br \/>\nMalzeme: Y\u00fcksek Pamuk \u0130\u00e7erir<br \/>\nPar\u00e7a Say\u0131s\u0131: 5 Par\u00e7a<\/p>\n","protected":false},"excerpt":{"rendered":"<p>LCW baby Mavi Desenli Erkek Bebek Soket \u00c7orap 5&#8217;li, \u00f6zel indirim, taksit ve kap\u0131da \u00f6deme avantajlar\u0131yla LCW&#8217;de! Hemen online al\u0131\u015fveri\u015f yap\u0131n, \u00fcr\u00fcn kap\u0131n\u0131za gelsin! \u2013 S62061Z1-SQ4 \u2014 Teknik Detaylar \u2014 Men\u015fei: \u00c7in, T\u00fcrkiye Sat\u0131c\u0131: LC Waikiki Marka: LCW baby \u00dcr\u00fcn Tipi: Soket \u00c7orap Cinsiyet: Erkek Bebek Desen: Desenli Kal\u0131nl\u0131k: Orta Kal\u0131nl\u0131k Paket \u0130\u00e7eri\u011fi: 5&#8217;li Paket [&hellip;]<\/p>\n","protected":false},"featured_media":117495,"comment_status":"open","ping_status":"closed","template":"","meta":[],"product_brand":[],"product_cat":[8739,8757,8694,8697,8700],"product_tag":[9526],"class_list":{"0":"post-117498","1":"product","2":"type-product","3":"status-publish","4":"has-post-thumbnail","6":"product_cat-erkek-cocuklar-2-14-yas","7":"product_cat-ic-giyim","8":"product_cat-cocuklar","9":"product_cat-yenidogan-0-12-ay","10":"product_cat-yenidogan-giyim","11":"product_tag-desenli-erkek-bebek-soket-corap-5li","12":"pa_brand-lcw-baby","13":"pa_color-acik-mavi","14":"pa_size-14-16-0-6-ay","15":"pa_size-17-18-6-12-ay","16":"pa_size-19-22-12-24-ay","17":"pa_size-22-24-24-36-ay","18":"pa_size-23-26-3-4-yas","19":"pa_size-5-6-yas","21":"first","22":"instock","23":"sale","24":"shipping-taxable","25":"purchasable","26":"product-type-variable"},"_links":{"self":[{"href":"http:\/\/mod.wisdar.net\/tr\/wp-json\/wp\/v2\/product\/117498","targetHints":{"allow":["GET"]}}],"collection":[{"href":"http:\/\/mod.wisdar.net\/tr\/wp-json\/wp\/v2\/product"}],"about":[{"href":"http:\/\/mod.wisdar.net\/tr\/wp-json\/wp\/v2\/types\/product"}],"replies":[{"embeddable":true,"href":"http:\/\/mod.wisdar.net\/tr\/wp-json\/wp\/v2\/comments?post=117498"}],"wp:featuredmedia":[{"embeddable":true,"href":"http:\/\/mod.wisdar.net\/tr\/wp-json\/wp\/v2\/media\/117495"}],"wp:attachment":[{"href":"http:\/\/mod.wisdar.net\/tr\/wp-json\/wp\/v2\/media?parent=117498"}],"wp:term":[{"taxonomy":"product_brand","embeddable":true,"href":"http:\/\/mod.wisdar.net\/tr\/wp-json\/wp\/v2\/product_brand?post=117498"},{"taxonomy":"product_cat","embeddable":true,"href":"http:\/\/mod.wisdar.net\/tr\/wp-json\/wp\/v2\/product_cat?post=117498"},{"taxonomy":"product_tag","embeddable":true,"href":"http:\/\/mod.wisdar.net\/tr\/wp-json\/wp\/v2\/product_tag?post=117498"}],"curies":[{"name":"wp","href":"https:\/\/api.w.org\/{rel}","templated":true}]}}