{"id":117523,"date":"2026-02-17T12:22:21","date_gmt":"2026-02-17T12:22:21","guid":{"rendered":"https:\/\/modesthanim.com\/product\/ekru-basic-erkek-bebek-soket-corap-3lu\/"},"modified":"2026-04-07T02:21:52","modified_gmt":"2026-04-07T02:21:52","slug":"ekru-basic-erkek-bebek-soket-corap-3lu","status":"publish","type":"product","link":"http:\/\/mod.wisdar.net\/tr\/urun\/ekru-basic-erkek-bebek-soket-corap-3lu\/","title":{"rendered":"Ekru Basic Erkek Bebek Soket \u00c7orap 3&#8217;l\u00fc"},"content":{"rendered":"<p>LCW baby Ekru Basic Erkek Bebek Soket \u00c7orap 3&#8217;l\u00fc size \u00f6zel indirim, taksit ve kap\u0131da \u00f6deme avantajlar\u0131yla LCW&#8217;de! Hemen online al\u0131\u015fveri\u015f yap, \u00fcr\u00fcn kap\u0131na gelsin! \u2013 S62049Z1-D5H<\/p>\n<p>\u2014 Technical Details \u2014<br \/>\nMen\u015fei: \u00c7in,Turk\u0131ye<br \/>\nSat\u0131c\u0131: LC Waikiki<br \/>\nMarka: LCW baby<br \/>\n\u00dcr\u00fcn Tipi: Soket \u00c7orap<br \/>\nCinsiyet: Erkek Bebek<br \/>\nDesen: D\u00fcz<br \/>\nKal\u0131nl\u0131k: Orta Kal\u0131nl\u0131k<br \/>\nPaket \u0130\u00e7eri\u011fi: 3&#8217;l\u00fc Paket<br \/>\nMalzeme: Y\u00fcksek Pamuk \u0130\u00e7erir<br \/>\nPar\u00e7a Say\u0131s\u0131: 3 Par\u00e7a<\/p>\n","protected":false},"excerpt":{"rendered":"<p>LCW baby Ekru Basic Erkek Bebek Soket \u00c7orap 3&#8217;l\u00fc size \u00f6zel indirim, taksit ve kap\u0131da \u00f6deme avantajlar\u0131yla LCW&#8217;de! Hemen online al\u0131\u015fveri\u015f yap, \u00fcr\u00fcn kap\u0131na gelsin! \u2013 S62049Z1-D5H \u2014 Technical Details \u2014 Men\u015fei: \u00c7in,Turk\u0131ye Sat\u0131c\u0131: LC Waikiki Marka: LCW baby \u00dcr\u00fcn Tipi: Soket \u00c7orap Cinsiyet: Erkek Bebek Desen: D\u00fcz Kal\u0131nl\u0131k: Orta Kal\u0131nl\u0131k Paket \u0130\u00e7eri\u011fi: 3&#8217;l\u00fc Paket [&hellip;]<\/p>\n","protected":false},"featured_media":117521,"comment_status":"open","ping_status":"closed","template":"","meta":[],"product_brand":[],"product_cat":[8694,8697,8700],"product_tag":[9529,9518,9525,9528,9530,8834,9527],"class_list":{"0":"post-117523","1":"product","2":"type-product","3":"status-publish","4":"has-post-thumbnail","6":"product_cat-cocuklar","7":"product_cat-yenidogan-0-12-ay","8":"product_cat-yenidogan-giyim","9":"product_tag-3-pack-socks","10":"product_tag-ankle-socks","11":"product_tag-baby-socks","12":"product_tag-beige-socks","13":"product_tag-cotton-socks","14":"product_tag-lcw-baby","15":"product_tag-mens-baby-socks","16":"pa_brand-lcw-baby","17":"pa_color-ekru-melanj","18":"pa_size-14-0-3-ay","19":"pa_size-15-16-3-6-ay","20":"pa_size-17-18-6-12-ay","22":"first","23":"instock","24":"sale","25":"shipping-taxable","26":"purchasable","27":"product-type-variable"},"_links":{"self":[{"href":"http:\/\/mod.wisdar.net\/tr\/wp-json\/wp\/v2\/product\/117523","targetHints":{"allow":["GET"]}}],"collection":[{"href":"http:\/\/mod.wisdar.net\/tr\/wp-json\/wp\/v2\/product"}],"about":[{"href":"http:\/\/mod.wisdar.net\/tr\/wp-json\/wp\/v2\/types\/product"}],"replies":[{"embeddable":true,"href":"http:\/\/mod.wisdar.net\/tr\/wp-json\/wp\/v2\/comments?post=117523"}],"wp:featuredmedia":[{"embeddable":true,"href":"http:\/\/mod.wisdar.net\/tr\/wp-json\/wp\/v2\/media\/117521"}],"wp:attachment":[{"href":"http:\/\/mod.wisdar.net\/tr\/wp-json\/wp\/v2\/media?parent=117523"}],"wp:term":[{"taxonomy":"product_brand","embeddable":true,"href":"http:\/\/mod.wisdar.net\/tr\/wp-json\/wp\/v2\/product_brand?post=117523"},{"taxonomy":"product_cat","embeddable":true,"href":"http:\/\/mod.wisdar.net\/tr\/wp-json\/wp\/v2\/product_cat?post=117523"},{"taxonomy":"product_tag","embeddable":true,"href":"http:\/\/mod.wisdar.net\/tr\/wp-json\/wp\/v2\/product_tag?post=117523"}],"curies":[{"name":"wp","href":"https:\/\/api.w.org\/{rel}","templated":true}]}}