{"id":117614,"date":"2026-02-17T18:03:18","date_gmt":"2026-02-17T18:03:18","guid":{"rendered":"https:\/\/modesthanim.com\/product\/senem-kazak-bordo-2\/"},"modified":"2026-04-10T22:34:22","modified_gmt":"2026-04-10T22:34:22","slug":"senem-kazak-bordo-2","status":"publish","type":"product","link":"http:\/\/mod.wisdar.net\/tr\/urun\/senem-kazak-bordo-2\/","title":{"rendered":"Senem Kazak Bordo"},"content":{"rendered":"<p>Kazak 1.S\u0131n\u0131f Triko Kuma\u015ft\u0131r<br \/>\nKazak D\u00fc\u015f\u00fck Omuzuludur.<br \/>\nKazak Kollar\u0131 Geni\u015ftir<br \/>\nBoy: 50cm<\/p>\n","protected":false},"excerpt":{"rendered":"<p>Kazak 1.S\u0131n\u0131f Triko Kuma\u015ft\u0131r Kazak D\u00fc\u015f\u00fck Omuzuludur. Kazak Kollar\u0131 Geni\u015ftir Boy: 50cm<\/p>\n","protected":false},"featured_media":117612,"comment_status":"open","ping_status":"closed","template":"","meta":[],"product_brand":[],"product_cat":[1927],"product_tag":[7150,8303],"class_list":{"0":"post-117614","1":"product","2":"type-product","3":"status-publish","4":"has-post-thumbnail","6":"product_cat-hoodies-sweatshirtler","7":"product_tag-bordo","8":"product_tag-dusuk-omuz","9":"pa_brand-butikkolik","10":"pa_color-bebe-mavisi","11":"pa_color-kahverengi","12":"pa_color-krem","13":"pa_color-siyah","14":"pa_size-std-38-44","16":"first","17":"instock","18":"shipping-taxable","19":"purchasable","20":"product-type-variable"},"_links":{"self":[{"href":"http:\/\/mod.wisdar.net\/tr\/wp-json\/wp\/v2\/product\/117614","targetHints":{"allow":["GET"]}}],"collection":[{"href":"http:\/\/mod.wisdar.net\/tr\/wp-json\/wp\/v2\/product"}],"about":[{"href":"http:\/\/mod.wisdar.net\/tr\/wp-json\/wp\/v2\/types\/product"}],"replies":[{"embeddable":true,"href":"http:\/\/mod.wisdar.net\/tr\/wp-json\/wp\/v2\/comments?post=117614"}],"wp:featuredmedia":[{"embeddable":true,"href":"http:\/\/mod.wisdar.net\/tr\/wp-json\/wp\/v2\/media\/117612"}],"wp:attachment":[{"href":"http:\/\/mod.wisdar.net\/tr\/wp-json\/wp\/v2\/media?parent=117614"}],"wp:term":[{"taxonomy":"product_brand","embeddable":true,"href":"http:\/\/mod.wisdar.net\/tr\/wp-json\/wp\/v2\/product_brand?post=117614"},{"taxonomy":"product_cat","embeddable":true,"href":"http:\/\/mod.wisdar.net\/tr\/wp-json\/wp\/v2\/product_cat?post=117614"},{"taxonomy":"product_tag","embeddable":true,"href":"http:\/\/mod.wisdar.net\/tr\/wp-json\/wp\/v2\/product_tag?post=117614"}],"curies":[{"name":"wp","href":"https:\/\/api.w.org\/{rel}","templated":true}]}}