{"id":117713,"date":"2026-02-17T18:04:56","date_gmt":"2026-02-17T18:04:56","guid":{"rendered":"https:\/\/modesthanim.com\/product\/senem-kazak-bebe-mavisi-2\/"},"modified":"2026-02-19T23:11:18","modified_gmt":"2026-02-19T23:11:18","slug":"senem-kazak-bebe-mavisi-2","status":"publish","type":"product","link":"http:\/\/mod.wisdar.net\/tr\/urun\/senem-kazak-bebe-mavisi-2\/","title":{"rendered":"Senem Kazak Bebe Mavisi"},"content":{"rendered":"<p>Kazak, birinci s\u0131n\u0131f triko kuma\u015ftan \u00fcretilmi\u015ftir.<br \/>\nD\u00fc\u015f\u00fck omuz tasar\u0131m\u0131na sahiptir.<br \/>\nGeni\u015f kollu yap\u0131s\u0131yla konfor sunar.<br \/>\nBoy: 50 cm<\/p>\n","protected":false},"excerpt":{"rendered":"<p>Kazak, birinci s\u0131n\u0131f triko kuma\u015ftan \u00fcretilmi\u015ftir. D\u00fc\u015f\u00fck omuz tasar\u0131m\u0131na sahiptir. Geni\u015f kollu yap\u0131s\u0131yla konfor sunar. Boy: 50 cm<\/p>\n","protected":false},"featured_media":117710,"comment_status":"open","ping_status":"closed","template":"","meta":[],"product_brand":[],"product_cat":[1927],"product_tag":[],"class_list":{"0":"post-117713","1":"product","2":"type-product","3":"status-publish","4":"has-post-thumbnail","6":"product_cat-hoodies-sweatshirtler","7":"pa_brand-butikkolik","8":"pa_color-bebe-mavisi","9":"pa_size-std-38-44","11":"first","12":"instock","13":"shipping-taxable","14":"purchasable","15":"product-type-variable"},"_links":{"self":[{"href":"http:\/\/mod.wisdar.net\/tr\/wp-json\/wp\/v2\/product\/117713","targetHints":{"allow":["GET"]}}],"collection":[{"href":"http:\/\/mod.wisdar.net\/tr\/wp-json\/wp\/v2\/product"}],"about":[{"href":"http:\/\/mod.wisdar.net\/tr\/wp-json\/wp\/v2\/types\/product"}],"replies":[{"embeddable":true,"href":"http:\/\/mod.wisdar.net\/tr\/wp-json\/wp\/v2\/comments?post=117713"}],"wp:featuredmedia":[{"embeddable":true,"href":"http:\/\/mod.wisdar.net\/tr\/wp-json\/wp\/v2\/media\/117710"}],"wp:attachment":[{"href":"http:\/\/mod.wisdar.net\/tr\/wp-json\/wp\/v2\/media?parent=117713"}],"wp:term":[{"taxonomy":"product_brand","embeddable":true,"href":"http:\/\/mod.wisdar.net\/tr\/wp-json\/wp\/v2\/product_brand?post=117713"},{"taxonomy":"product_cat","embeddable":true,"href":"http:\/\/mod.wisdar.net\/tr\/wp-json\/wp\/v2\/product_cat?post=117713"},{"taxonomy":"product_tag","embeddable":true,"href":"http:\/\/mod.wisdar.net\/tr\/wp-json\/wp\/v2\/product_tag?post=117713"}],"curies":[{"name":"wp","href":"https:\/\/api.w.org\/{rel}","templated":true}]}}