{"id":117864,"date":"2026-02-17T18:07:42","date_gmt":"2026-02-17T18:07:42","guid":{"rendered":"https:\/\/modesthanim.com\/product\/siyah-kapusonlu-kadin-emzirme-sweatshirt\/"},"modified":"2026-03-27T03:14:12","modified_gmt":"2026-03-27T03:14:12","slug":"siyah-kapusonlu-kadin-emzirme-sweatshirt","status":"publish","type":"product","link":"http:\/\/mod.wisdar.net\/tr\/urun\/siyah-kapusonlu-kadin-emzirme-sweatshirt\/","title":{"rendered":"Siyah Kapu\u015fonlu Kad\u0131n Emzirme Sweatshirt"},"content":{"rendered":"<p>\u00b7Ana kuma\u015f: %95 Pamuk %5 Elastan dan \u00fcretilmi\u015ftir.<\/p>\n<p>\u00b7Spor \u015f\u0131k ve pratik tasar\u0131ml\u0131 sweatshirt \u00fcn \u00f6n k\u0131sm\u0131nda her iki g\u00f6\u011f\u00fcs b\u00f6lgesinde bulunan emzirmeye yard\u0131mc\u0131 b\u00f6lme ile g\u00fcnl\u00fck hayat\u0131n\u0131zda bebe\u011finizi kolayl\u0131kla emzirilebilirsiniz ve emzirme d\u00f6nemi sonras\u0131nda da normal sweatshirt olarak kullanabilirsiniz.<\/p>\n<p>\u00b7Yumu\u015fak kuma\u015f dokusu ile rahat bir kal\u0131ba sahiptir.<\/p>\n<p>\u00b7Beden se\u00e7iminiz i\u00e7in; boyunuz a\u011f\u0131rl\u0131\u011f\u0131n\u0131z ve ka\u00e7\u0131nc\u0131 ayda oldu\u011funuza ba\u011fl\u0131 olarak de\u011fi\u015fkenlik g\u00f6sterece\u011finden tam bedeninizi alman\u0131z tavsiye edilir fakat ara bedenseniz bir b\u00fcy\u00fck beden alman\u0131z tavsiye edilir.<\/p>\n","protected":false},"excerpt":{"rendered":"<p>\u00b7Ana kuma\u015f: %95 Pamuk %5 Elastan dan \u00fcretilmi\u015ftir. \u00b7Spor \u015f\u0131k ve pratik tasar\u0131ml\u0131 sweatshirt \u00fcn \u00f6n k\u0131sm\u0131nda her iki g\u00f6\u011f\u00fcs b\u00f6lgesinde bulunan emzirmeye yard\u0131mc\u0131 b\u00f6lme ile g\u00fcnl\u00fck hayat\u0131n\u0131zda bebe\u011finizi kolayl\u0131kla emzirilebilirsiniz ve emzirme d\u00f6nemi sonras\u0131nda da normal sweatshirt olarak kullanabilirsiniz. \u00b7Yumu\u015fak kuma\u015f dokusu ile rahat bir kal\u0131ba sahiptir. \u00b7Beden se\u00e7iminiz i\u00e7in; boyunuz a\u011f\u0131rl\u0131\u011f\u0131n\u0131z ve ka\u00e7\u0131nc\u0131 [&hellip;]<\/p>\n","protected":false},"featured_media":117861,"comment_status":"open","ping_status":"closed","template":"","meta":[],"product_brand":[],"product_cat":[8763,8772],"product_tag":[7429],"class_list":{"0":"post-117864","1":"product","2":"type-product","3":"status-publish","4":"has-post-thumbnail","6":"product_cat-hamilelik-urunleri","7":"product_cat-pijama-takimlari","8":"product_tag-kapusonlu-sweatshirt","9":"pa_color-beyaz-baskili","10":"pa_color-ekru","11":"pa_color-siyah","12":"pa_size-l","13":"pa_size-m","14":"pa_size-s","15":"pa_size-xl","17":"first","18":"outofstock","19":"shipping-taxable","20":"product-type-variable"},"_links":{"self":[{"href":"http:\/\/mod.wisdar.net\/tr\/wp-json\/wp\/v2\/product\/117864","targetHints":{"allow":["GET"]}}],"collection":[{"href":"http:\/\/mod.wisdar.net\/tr\/wp-json\/wp\/v2\/product"}],"about":[{"href":"http:\/\/mod.wisdar.net\/tr\/wp-json\/wp\/v2\/types\/product"}],"replies":[{"embeddable":true,"href":"http:\/\/mod.wisdar.net\/tr\/wp-json\/wp\/v2\/comments?post=117864"}],"wp:featuredmedia":[{"embeddable":true,"href":"http:\/\/mod.wisdar.net\/tr\/wp-json\/wp\/v2\/media\/117861"}],"wp:attachment":[{"href":"http:\/\/mod.wisdar.net\/tr\/wp-json\/wp\/v2\/media?parent=117864"}],"wp:term":[{"taxonomy":"product_brand","embeddable":true,"href":"http:\/\/mod.wisdar.net\/tr\/wp-json\/wp\/v2\/product_brand?post=117864"},{"taxonomy":"product_cat","embeddable":true,"href":"http:\/\/mod.wisdar.net\/tr\/wp-json\/wp\/v2\/product_cat?post=117864"},{"taxonomy":"product_tag","embeddable":true,"href":"http:\/\/mod.wisdar.net\/tr\/wp-json\/wp\/v2\/product_tag?post=117864"}],"curies":[{"name":"wp","href":"https:\/\/api.w.org\/{rel}","templated":true}]}}