{"id":118031,"date":"2026-02-17T18:11:19","date_gmt":"2026-02-17T18:11:19","guid":{"rendered":"https:\/\/modesthanim.com\/product\/senem-kazak-siyah-2\/"},"modified":"2026-04-10T22:41:10","modified_gmt":"2026-04-10T22:41:10","slug":"senem-kazak-siyah-2","status":"publish","type":"product","link":"http:\/\/mod.wisdar.net\/tr\/urun\/senem-kazak-siyah-2\/","title":{"rendered":"Senem Kazak Siyah"},"content":{"rendered":"<p>Kazak 1.S\u0131n\u0131f Triko Kuma\u015ft\u0131r<br \/>\nKazak D\u00fc\u015f\u00fck Omuzuludur.<br \/>\nKazak Kollar\u0131 Geni\u015ftir<br \/>\nBoy: 50cm<\/p>\n","protected":false},"excerpt":{"rendered":"<p>Kazak 1.S\u0131n\u0131f Triko Kuma\u015ft\u0131r Kazak D\u00fc\u015f\u00fck Omuzuludur. Kazak Kollar\u0131 Geni\u015ftir Boy: 50cm<\/p>\n","protected":false},"featured_media":118028,"comment_status":"open","ping_status":"closed","template":"","meta":[],"product_brand":[],"product_cat":[1927],"product_tag":[7804,8303,7419,7074],"class_list":{"0":"post-118031","1":"product","2":"type-product","3":"status-publish","4":"has-post-thumbnail","6":"product_cat-hoodies-sweatshirtler","7":"product_tag-bol-kol","8":"product_tag-dusuk-omuz","9":"product_tag-gunluk","10":"product_tag-siyah","11":"pa_brand-butikkolik","12":"pa_color-bebe-mavisi","13":"pa_color-bordo","14":"pa_color-kahverengi","15":"pa_color-krem","16":"pa_color-siyah","17":"pa_size-std-38-44","19":"first","20":"instock","21":"shipping-taxable","22":"purchasable","23":"product-type-variable"},"_links":{"self":[{"href":"http:\/\/mod.wisdar.net\/tr\/wp-json\/wp\/v2\/product\/118031","targetHints":{"allow":["GET"]}}],"collection":[{"href":"http:\/\/mod.wisdar.net\/tr\/wp-json\/wp\/v2\/product"}],"about":[{"href":"http:\/\/mod.wisdar.net\/tr\/wp-json\/wp\/v2\/types\/product"}],"replies":[{"embeddable":true,"href":"http:\/\/mod.wisdar.net\/tr\/wp-json\/wp\/v2\/comments?post=118031"}],"wp:featuredmedia":[{"embeddable":true,"href":"http:\/\/mod.wisdar.net\/tr\/wp-json\/wp\/v2\/media\/118028"}],"wp:attachment":[{"href":"http:\/\/mod.wisdar.net\/tr\/wp-json\/wp\/v2\/media?parent=118031"}],"wp:term":[{"taxonomy":"product_brand","embeddable":true,"href":"http:\/\/mod.wisdar.net\/tr\/wp-json\/wp\/v2\/product_brand?post=118031"},{"taxonomy":"product_cat","embeddable":true,"href":"http:\/\/mod.wisdar.net\/tr\/wp-json\/wp\/v2\/product_cat?post=118031"},{"taxonomy":"product_tag","embeddable":true,"href":"http:\/\/mod.wisdar.net\/tr\/wp-json\/wp\/v2\/product_tag?post=118031"}],"curies":[{"name":"wp","href":"https:\/\/api.w.org\/{rel}","templated":true}]}}