{"id":119568,"date":"2026-02-17T21:09:44","date_gmt":"2026-02-17T21:09:44","guid":{"rendered":"https:\/\/modesthanim.com\/product\/bebetto-erkek-tshirt-sort-ayi-baskili-dugmeli-hello-bisiklet-yaka-kisa-paca-kisa-kol\/"},"modified":"2026-04-10T16:15:52","modified_gmt":"2026-04-10T16:15:52","slug":"bebetto-erkek-tshirt-sort-ayi-baskili-dugmeli-hello-bisiklet-yaka-kisa-paca-kisa-kol","status":"publish","type":"product","link":"http:\/\/mod.wisdar.net\/tr\/urun\/bebetto-erkek-tshirt-sort-ayi-baskili-dugmeli-hello-bisiklet-yaka-kisa-paca-kisa-kol\/","title":{"rendered":"Bebetto, Erkek, Tshirt-\u015eort, Ay\u0131 Bask\u0131l\u0131, D\u00fc\u011fmeli, Hello, Bisiklet Yaka, K\u0131sa Pa\u00e7a, K\u0131sa Kol"},"content":{"rendered":"<p>Bebetto&#8217;nun \u201cHello\u201d temal\u0131 erkek bebek ti\u015f\u00f6rt-\u015fort tak\u0131m\u0131, bisiklet yaka ve k\u0131sa kol \u00fcst tasar\u0131m\u0131 ile yaz aylar\u0131nda ferah bir kullan\u0131m sunarken, reglan pa\u00e7al\u0131 alt par\u00e7as\u0131yla g\u00fcnl\u00fck konforu destekler. %100 pamuk s\u00fcprem kuma\u015ftan \u00fcretilmi\u015f olan bu model, yumu\u015fak dokusu ve nefes alabilir yap\u0131s\u0131yla bebeklerin hassas cildine uygundur. Normal kal\u0131b\u0131 sayesinde rahat hareket imk\u00e2n\u0131 sa\u011flayan tak\u0131m, 1. aydan 12. aya kadar beden se\u00e7enekleriyle ebeveynlerin tercihine sunulmaktad\u0131r. Sitemizdeki t\u00fcm \u00e7o\u00e7uk ti\u015f\u00f6rtlerine buradan ula\u015fabilirsiniz. Bebetto Erkek Bebek Yenido\u011fan Hello Tshirt-\u015eort S\u00fcprem Bisiklet Yaka K\u0131sa Kol Re\u00e7me Pa\u00e7a \u00d6zellikler: \u00dcr\u00fcn Grubu: Bebek Tshirt \u015eort Tak\u0131m Yaka Tipi: Bisiklet Yaka Kol Tipi: K\u0131sa Kol Pa\u00e7a Tipi: Re\u00e7me Kullan\u0131m Tipi: G\u00fcnl\u00fck Kullan\u0131m Kal\u0131p: Normal Kal\u0131p Kuma\u015f: %100 Pamuk Yumu\u015fak kuma\u015f dokusu ve rahat kal\u0131ba sahiptir.<\/p>\n<p>\u2014 Technical Details \u2014<br \/>\nTema: Hello<br \/>\n\u00dcr\u00fcn Grubu: TKM-Tshirt-\u015eort<br \/>\nCinsiyet: E<br \/>\nTak\u0131m \/ Tekil: Tak\u0131m<br \/>\nTak\u0131m \u0130\u00e7eri\u011fi: \u015eort, Tshirt<br \/>\nFit: Standart<br \/>\nMalzeme T\u00fcr\u00fc: \u00d6rme<br \/>\nBa\u011flama Tipi: D\u00fc\u011fmeli<br \/>\nYaka Tipi: Bisiklet Yaka<br \/>\nGrafik Temas\u0131: Ay\u0131 Bask\u0131l\u0131<br \/>\nMen\u015fei: T\u00fcrkiye<br \/>\nGrafik Detay: Bask\u0131<\/p>\n","protected":false},"excerpt":{"rendered":"<p>Bebetto&#8217;nun \u201cHello\u201d temal\u0131 erkek bebek ti\u015f\u00f6rt-\u015fort tak\u0131m\u0131, bisiklet yaka ve k\u0131sa kol \u00fcst tasar\u0131m\u0131 ile yaz aylar\u0131nda ferah bir kullan\u0131m sunarken, reglan pa\u00e7al\u0131 alt par\u00e7as\u0131yla g\u00fcnl\u00fck konforu destekler. %100 pamuk s\u00fcprem kuma\u015ftan \u00fcretilmi\u015f olan bu model, yumu\u015fak dokusu ve nefes alabilir yap\u0131s\u0131yla bebeklerin hassas cildine uygundur. Normal kal\u0131b\u0131 sayesinde rahat hareket imk\u00e2n\u0131 sa\u011flayan tak\u0131m, 1. [&hellip;]<\/p>\n","protected":false},"featured_media":119561,"comment_status":"open","ping_status":"closed","template":"","meta":[],"product_brand":[],"product_cat":[8703,8694,8697],"product_tag":[8023,7801,6916,7488],"class_list":{"0":"post-119568","1":"product","2":"type-product","3":"status-publish","4":"has-post-thumbnail","6":"product_cat-bebek-setleri","7":"product_cat-cocuklar","8":"product_cat-yenidogan-0-12-ay","9":"product_tag-bisiklet-yaka","10":"product_tag-dugmeli","11":"product_tag-elastik-manset","12":"product_tag-pamuk","13":"pa_brand-bebetto","14":"pa_color-mint","15":"pa_size-1-3-ay","16":"pa_size-3-6-ay","17":"pa_size-6-9-ay","18":"pa_size-9-12-ay-2","19":"pa_size-9-12-ay","21":"first","22":"outofstock","23":"shipping-taxable","24":"product-type-variable"},"_links":{"self":[{"href":"http:\/\/mod.wisdar.net\/tr\/wp-json\/wp\/v2\/product\/119568","targetHints":{"allow":["GET"]}}],"collection":[{"href":"http:\/\/mod.wisdar.net\/tr\/wp-json\/wp\/v2\/product"}],"about":[{"href":"http:\/\/mod.wisdar.net\/tr\/wp-json\/wp\/v2\/types\/product"}],"replies":[{"embeddable":true,"href":"http:\/\/mod.wisdar.net\/tr\/wp-json\/wp\/v2\/comments?post=119568"}],"wp:featuredmedia":[{"embeddable":true,"href":"http:\/\/mod.wisdar.net\/tr\/wp-json\/wp\/v2\/media\/119561"}],"wp:attachment":[{"href":"http:\/\/mod.wisdar.net\/tr\/wp-json\/wp\/v2\/media?parent=119568"}],"wp:term":[{"taxonomy":"product_brand","embeddable":true,"href":"http:\/\/mod.wisdar.net\/tr\/wp-json\/wp\/v2\/product_brand?post=119568"},{"taxonomy":"product_cat","embeddable":true,"href":"http:\/\/mod.wisdar.net\/tr\/wp-json\/wp\/v2\/product_cat?post=119568"},{"taxonomy":"product_tag","embeddable":true,"href":"http:\/\/mod.wisdar.net\/tr\/wp-json\/wp\/v2\/product_tag?post=119568"}],"curies":[{"name":"wp","href":"https:\/\/api.w.org\/{rel}","templated":true}]}}