{"id":119771,"date":"2026-02-17T21:19:16","date_gmt":"2026-02-17T21:19:16","guid":{"rendered":"https:\/\/modesthanim.com\/product\/yenidogan-kiz-bebek-kisa-tulum-recme-kahverengi\/"},"modified":"2026-04-02T19:56:35","modified_gmt":"2026-04-02T19:56:35","slug":"yenidogan-kiz-bebek-kisa-tulum-recme-kahverengi","status":"publish","type":"product","link":"http:\/\/mod.wisdar.net\/tr\/urun\/yenidogan-kiz-bebek-kisa-tulum-recme-kahverengi\/","title":{"rendered":"Yenido\u011fan K\u0131z Bebek K\u0131sa Tulum Re\u00e7me Kahverengi"},"content":{"rendered":"<p>Bebbek Yenido\u011fan, Kahverengi, Yenido\u011fan<\/p>\n<p>\u00dcr\u00fcn Grubu: Bebek Tulumlar\u0131<br \/>\nSezon: \u0130lkbahar-Yaz<br \/>\nYaka Tipi: Bisiklet Yaka<br \/>\nKol Boyu: K\u0131sa Kol<br \/>\nKullan\u0131m Tipi: G\u00fcnl\u00fck Kullan\u0131m<br \/>\nKal\u0131p: Normal Kal\u0131p<br \/>\nKuma\u015f: %100 Pamuk<br \/>\nYumu\u015fak kuma\u015f dokusu ve rahat kal\u0131ba sahiptir.<br \/>\n30 derecede y\u0131kanabilir.<\/p>\n<p>G\u00dcVENLE G\u0130YD\u0130R\u0130N! ebebek tekstil \u00fcr\u00fcnleri bebe\u011finizin g\u00fcvenli\u011fi i\u00e7in kimyasal i\u00e7eriklere kar\u015f\u0131 test edilmi\u015ftir. Bebe\u011finiz i\u00e7in risk olu\u015fturabilecek yutulabilir k\u00fc\u00e7\u00fck par\u00e7alar ve keskin kenarl\u0131 materyaller kullan\u0131lmamaktad\u0131r. Kullan\u0131m s\u0131ras\u0131nda tehlikeli olabilecek uzunlukta ba\u011fc\u0131k ve kordonlar kullan\u0131lmamaktad\u0131r.<\/p>\n<p>\u00dcr\u00fcn \u00d6zellikleri<br \/>\n\u00dcr\u00fcn Grubu: TLM-K\u0131sa Tulum<br \/>\nCinsiyet: K<br \/>\nMalzeme T\u00fcr\u00fc: \u00d6rme<\/p>\n<p>\u2014 Technical Details \u2014<br \/>\npattern: Yenido\u011fan Tulum<br \/>\ngender: K<br \/>\nmaterial_type: \u00d6rme<br \/>\nproduct_group: TLM-K\u0131sa Tulum<br \/>\nseason: \u0130lkbahar-Yaz<br \/>\ncollar_type: Bisiklet Yaka<br \/>\nsleeve_length: K\u0131sa Kol<br \/>\nusage_type: G\u00fcnl\u00fck Kullan\u0131m<br \/>\nfit: Normal Kal\u0131p<br \/>\nwash_temperature: 30 derecede y\u0131kanabilir<\/p>\n","protected":false},"excerpt":{"rendered":"<p>Bebbek Yenido\u011fan, Kahverengi, Yenido\u011fan \u00dcr\u00fcn Grubu: Bebek Tulumlar\u0131 Sezon: \u0130lkbahar-Yaz Yaka Tipi: Bisiklet Yaka Kol Boyu: K\u0131sa Kol Kullan\u0131m Tipi: G\u00fcnl\u00fck Kullan\u0131m Kal\u0131p: Normal Kal\u0131p Kuma\u015f: %100 Pamuk Yumu\u015fak kuma\u015f dokusu ve rahat kal\u0131ba sahiptir. 30 derecede y\u0131kanabilir. G\u00dcVENLE G\u0130YD\u0130R\u0130N! ebebek tekstil \u00fcr\u00fcnleri bebe\u011finizin g\u00fcvenli\u011fi i\u00e7in kimyasal i\u00e7eriklere kar\u015f\u0131 test edilmi\u015ftir. Bebe\u011finiz i\u00e7in risk olu\u015fturabilecek [&hellip;]<\/p>\n","protected":false},"featured_media":119764,"comment_status":"open","ping_status":"closed","template":"","meta":[],"product_brand":[],"product_cat":[8694,8706,8697],"product_tag":[8110,7354,7488],"class_list":{"0":"post-119771","1":"product","2":"type-product","3":"status-publish","4":"has-post-thumbnail","6":"product_cat-cocuklar","7":"product_cat-tulum","8":"product_cat-yenidogan-0-12-ay","9":"product_tag-bisiklet-yaka-2","10":"product_tag-gunluk-giyim-2","11":"product_tag-pamuk","12":"pa_brand-bebbek","13":"pa_color-kahverengi","14":"pa_size-3-ay","15":"pa_size-6-ay","16":"pa_size-9-ay","17":"pa_size-yenidogan","19":"first","20":"instock","21":"sale","22":"shipping-taxable","23":"purchasable","24":"product-type-variable"},"_links":{"self":[{"href":"http:\/\/mod.wisdar.net\/tr\/wp-json\/wp\/v2\/product\/119771","targetHints":{"allow":["GET"]}}],"collection":[{"href":"http:\/\/mod.wisdar.net\/tr\/wp-json\/wp\/v2\/product"}],"about":[{"href":"http:\/\/mod.wisdar.net\/tr\/wp-json\/wp\/v2\/types\/product"}],"replies":[{"embeddable":true,"href":"http:\/\/mod.wisdar.net\/tr\/wp-json\/wp\/v2\/comments?post=119771"}],"wp:featuredmedia":[{"embeddable":true,"href":"http:\/\/mod.wisdar.net\/tr\/wp-json\/wp\/v2\/media\/119764"}],"wp:attachment":[{"href":"http:\/\/mod.wisdar.net\/tr\/wp-json\/wp\/v2\/media?parent=119771"}],"wp:term":[{"taxonomy":"product_brand","embeddable":true,"href":"http:\/\/mod.wisdar.net\/tr\/wp-json\/wp\/v2\/product_brand?post=119771"},{"taxonomy":"product_cat","embeddable":true,"href":"http:\/\/mod.wisdar.net\/tr\/wp-json\/wp\/v2\/product_cat?post=119771"},{"taxonomy":"product_tag","embeddable":true,"href":"http:\/\/mod.wisdar.net\/tr\/wp-json\/wp\/v2\/product_tag?post=119771"}],"curies":[{"name":"wp","href":"https:\/\/api.w.org\/{rel}","templated":true}]}}