{"id":120357,"date":"2026-02-18T11:22:06","date_gmt":"2026-02-18T11:22:06","guid":{"rendered":"https:\/\/modesthanim.com\/product\/yenidogan-kiz-bebek-sweatshirt-hirka-alt-3lu-takim-interlok-cute-duck-bisiklet-yaka-uzun-kol-somon\/"},"modified":"2026-04-10T23:51:25","modified_gmt":"2026-04-10T23:51:25","slug":"yenidogan-kiz-bebek-sweatshirt-hirka-alt-3lu-takim-interlok-cute-duck-bisiklet-yaka-uzun-kol-somon","status":"publish","type":"product","link":"http:\/\/mod.wisdar.net\/tr\/urun\/yenidogan-kiz-bebek-sweatshirt-hirka-alt-3lu-takim-interlok-cute-duck-bisiklet-yaka-uzun-kol-somon\/","title":{"rendered":"Yenido\u011fan K\u0131z Bebek Sweatshirt-H\u0131rka-Alt 3l\u00fc Tak\u0131m \u0130nterlok Cute Duck Bisiklet Yaka Uzun Kol Somon"},"content":{"rendered":"<p>\u00dcr\u00fcn Grubu: Bebek Alt \u00dcst Tak\u0131m<br \/>\nKol Boyu: Uzun Kol<br \/>\nYaka Tipi: Bisiklet Yaka<br \/>\nPa\u00e7a Tipi: Patiksiz<br \/>\nSezon: \u0130lkbahar-Yaz<br \/>\nKullan\u0131m Tipi: G\u00fcnl\u00fck Kullan\u0131m<br \/>\nKal\u0131p: Normal Kal\u0131p<br \/>\nKuma\u015f: H\u0131rka %100 Pamuk, Tayt %95 Pamuk %5 Elastan<br \/>\nYumu\u015fak kuma\u015f dokusu ve rahat kal\u0131ba sahiptir.<br \/>\n30 derecede y\u0131kanabilir.<br \/>\nG\u00dcVENLE G\u0130YD\u0130R\u0130N! ebebek tekstil \u00fcr\u00fcnleri bebe\u011finizin g\u00fcvenli\u011fi i\u00e7in kimyasal i\u00e7eriklere kar\u015f\u0131 test edilmi\u015ftir. Bebe\u011finiz i\u00e7in risk olu\u015fturabilecek yutulabilir k\u00fc\u00e7\u00fck par\u00e7alar ve keskin kenarl\u0131 materyaller kullan\u0131lmamaktad\u0131r. Kullan\u0131m s\u0131ras\u0131nda tehlikeli olabilecek uzunlukta ba\u011fc\u0131k ve kordonlar kullan\u0131lmamaktad\u0131r.<\/p>\n<p>\u2014 Technical Details \u2014<br \/>\nTema: Cute Duck<br \/>\n\u00dcr\u00fcn Grubu: TKM-Sweatshirt-H\u0131rka-Patiksiz Alt<br \/>\nCinsiyet: K<br \/>\nYaka Tipi: Bisiklet Yaka<br \/>\nMen\u015fei: T\u00fcrkiye<\/p>\n","protected":false},"excerpt":{"rendered":"<p>\u00dcr\u00fcn Grubu: Bebek Alt \u00dcst Tak\u0131m Kol Boyu: Uzun Kol Yaka Tipi: Bisiklet Yaka Pa\u00e7a Tipi: Patiksiz Sezon: \u0130lkbahar-Yaz Kullan\u0131m Tipi: G\u00fcnl\u00fck Kullan\u0131m Kal\u0131p: Normal Kal\u0131p Kuma\u015f: H\u0131rka %100 Pamuk, Tayt %95 Pamuk %5 Elastan Yumu\u015fak kuma\u015f dokusu ve rahat kal\u0131ba sahiptir. 30 derecede y\u0131kanabilir. G\u00dcVENLE G\u0130YD\u0130R\u0130N! ebebek tekstil \u00fcr\u00fcnleri bebe\u011finizin g\u00fcvenli\u011fi i\u00e7in kimyasal i\u00e7eriklere [&hellip;]<\/p>\n","protected":false},"featured_media":120352,"comment_status":"open","ping_status":"closed","template":"","meta":[],"product_brand":[],"product_cat":[8703,8694,8697],"product_tag":[7308,7422,7480],"class_list":{"0":"post-120357","1":"product","2":"type-product","3":"status-publish","4":"has-post-thumbnail","6":"product_cat-bebek-setleri","7":"product_cat-cocuklar","8":"product_cat-yenidogan-0-12-ay","9":"product_tag-hirka","10":"product_tag-sweatshirt","11":"product_tag-tayt","12":"pa_brand-bebetto","13":"pa_color-somon","14":"pa_size-1-yas","15":"pa_size-3-ay","16":"pa_size-6-ay","17":"pa_size-9-ay","19":"first","20":"outofstock","21":"shipping-taxable","22":"product-type-variable"},"_links":{"self":[{"href":"http:\/\/mod.wisdar.net\/tr\/wp-json\/wp\/v2\/product\/120357","targetHints":{"allow":["GET"]}}],"collection":[{"href":"http:\/\/mod.wisdar.net\/tr\/wp-json\/wp\/v2\/product"}],"about":[{"href":"http:\/\/mod.wisdar.net\/tr\/wp-json\/wp\/v2\/types\/product"}],"replies":[{"embeddable":true,"href":"http:\/\/mod.wisdar.net\/tr\/wp-json\/wp\/v2\/comments?post=120357"}],"wp:featuredmedia":[{"embeddable":true,"href":"http:\/\/mod.wisdar.net\/tr\/wp-json\/wp\/v2\/media\/120352"}],"wp:attachment":[{"href":"http:\/\/mod.wisdar.net\/tr\/wp-json\/wp\/v2\/media?parent=120357"}],"wp:term":[{"taxonomy":"product_brand","embeddable":true,"href":"http:\/\/mod.wisdar.net\/tr\/wp-json\/wp\/v2\/product_brand?post=120357"},{"taxonomy":"product_cat","embeddable":true,"href":"http:\/\/mod.wisdar.net\/tr\/wp-json\/wp\/v2\/product_cat?post=120357"},{"taxonomy":"product_tag","embeddable":true,"href":"http:\/\/mod.wisdar.net\/tr\/wp-json\/wp\/v2\/product_tag?post=120357"}],"curies":[{"name":"wp","href":"https:\/\/api.w.org\/{rel}","templated":true}]}}