{"id":120395,"date":"2026-02-18T11:22:57","date_gmt":"2026-02-18T11:22:57","guid":{"rendered":"https:\/\/modesthanim.com\/product\/bebetto-kiz-patikli-tulum-cicek-baskili-citcitli-petite-fleurs-firfirli-yaka-uzun-paca-uzun-kol\/"},"modified":"2026-04-10T16:37:28","modified_gmt":"2026-04-10T16:37:28","slug":"bebetto-kiz-patikli-tulum-cicek-baskili-citcitli-petite-fleurs-firfirli-yaka-uzun-paca-uzun-kol","status":"publish","type":"product","link":"http:\/\/mod.wisdar.net\/tr\/urun\/bebetto-kiz-patikli-tulum-cicek-baskili-citcitli-petite-fleurs-firfirli-yaka-uzun-paca-uzun-kol\/","title":{"rendered":"Bebetto, K\u0131z, Patikli Tulum, \u00c7i\u00e7ek Bask\u0131l\u0131, \u00c7\u0131t\u00e7\u0131tl\u0131, Petite Fleurs, F\u0131rf\u0131rl\u0131 Yaka, Uzun Pa\u00e7a, Uzun Kol"},"content":{"rendered":"<p>Bebetto Petite Fleurs patikli tulum, zarif \u00e7i\u00e7ek bask\u0131lar\u0131 ve f\u0131rf\u0131rl\u0131 yaka detay\u0131yla k\u0131z bebekler i\u00e7in \u015f\u0131k ve sevimli bir g\u00f6r\u00fcn\u00fcm sunar. \u00c7\u0131t\u00e7\u0131tl\u0131 yap\u0131s\u0131 sayesinde kolay giydirilirken, uzun kol ve patikli tasar\u0131m\u0131yla g\u00fcnl\u00fck kullan\u0131mda pratiklik sa\u011flar.<\/p>\n<p>\u2014 Technical Details \u2014<br \/>\nTema: Petite Fleurs<br \/>\n\u00dcr\u00fcn Grubu: Yenido\u011fan Tulum<br \/>\nCinsiyet: K<br \/>\nTak\u0131m \/ Tekil: Tekil<br \/>\nFit: Standart<br \/>\nMalzeme T\u00fcr\u00fc: \u00d6rme<br \/>\nBa\u011flama Tipi: \u00c7\u0131t\u00e7\u0131tl\u0131<br \/>\nYaka Tipi: F\u0131rf\u0131rl\u0131 Yaka<br \/>\nGrafik Temas\u0131: \u00c7i\u00e7ek Bask\u0131l\u0131<br \/>\nMen\u015fei: T\u00fcrkiye<br \/>\nKol Tipi: Uzun Kol<br \/>\nPa\u00e7a Tipi: Patikli<br \/>\nKullan\u0131m Tipi: G\u00fcnl\u00fck Kullan\u0131m<br \/>\nKal\u0131p: Normal Kal\u0131p<\/p>\n","protected":false},"excerpt":{"rendered":"<p>Bebetto Petite Fleurs patikli tulum, zarif \u00e7i\u00e7ek bask\u0131lar\u0131 ve f\u0131rf\u0131rl\u0131 yaka detay\u0131yla k\u0131z bebekler i\u00e7in \u015f\u0131k ve sevimli bir g\u00f6r\u00fcn\u00fcm sunar. \u00c7\u0131t\u00e7\u0131tl\u0131 yap\u0131s\u0131 sayesinde kolay giydirilirken, uzun kol ve patikli tasar\u0131m\u0131yla g\u00fcnl\u00fck kullan\u0131mda pratiklik sa\u011flar. \u2014 Technical Details \u2014 Tema: Petite Fleurs \u00dcr\u00fcn Grubu: Yenido\u011fan Tulum Cinsiyet: K Tak\u0131m \/ Tekil: Tekil Fit: Standart Malzeme [&hellip;]<\/p>\n","protected":false},"featured_media":120388,"comment_status":"open","ping_status":"closed","template":"","meta":[],"product_brand":[],"product_cat":[8694,8706,8697],"product_tag":[7244,6770],"class_list":{"0":"post-120395","1":"product","2":"type-product","3":"status-publish","4":"has-post-thumbnail","6":"product_cat-cocuklar","7":"product_cat-tulum","8":"product_cat-yenidogan-0-12-ay","9":"product_tag-citcit-kapama","10":"product_tag-gunluk-giyim","11":"pa_brand-bebetto","12":"pa_color-ekru","13":"pa_size-0-1-ay","14":"pa_size-1-3-ay","15":"pa_size-3-6-ay","16":"pa_size-6-9-ay","18":"first","19":"outofstock","20":"shipping-taxable","21":"product-type-variable"},"_links":{"self":[{"href":"http:\/\/mod.wisdar.net\/tr\/wp-json\/wp\/v2\/product\/120395","targetHints":{"allow":["GET"]}}],"collection":[{"href":"http:\/\/mod.wisdar.net\/tr\/wp-json\/wp\/v2\/product"}],"about":[{"href":"http:\/\/mod.wisdar.net\/tr\/wp-json\/wp\/v2\/types\/product"}],"replies":[{"embeddable":true,"href":"http:\/\/mod.wisdar.net\/tr\/wp-json\/wp\/v2\/comments?post=120395"}],"wp:featuredmedia":[{"embeddable":true,"href":"http:\/\/mod.wisdar.net\/tr\/wp-json\/wp\/v2\/media\/120388"}],"wp:attachment":[{"href":"http:\/\/mod.wisdar.net\/tr\/wp-json\/wp\/v2\/media?parent=120395"}],"wp:term":[{"taxonomy":"product_brand","embeddable":true,"href":"http:\/\/mod.wisdar.net\/tr\/wp-json\/wp\/v2\/product_brand?post=120395"},{"taxonomy":"product_cat","embeddable":true,"href":"http:\/\/mod.wisdar.net\/tr\/wp-json\/wp\/v2\/product_cat?post=120395"},{"taxonomy":"product_tag","embeddable":true,"href":"http:\/\/mod.wisdar.net\/tr\/wp-json\/wp\/v2\/product_tag?post=120395"}],"curies":[{"name":"wp","href":"https:\/\/api.w.org\/{rel}","templated":true}]}}