{"id":120435,"date":"2026-02-18T11:23:46","date_gmt":"2026-02-18T11:23:46","guid":{"rendered":"https:\/\/modesthanim.com\/product\/kiz-patiksiz-tulum-kiz-bebek\/"},"modified":"2026-02-19T23:34:12","modified_gmt":"2026-02-19T23:34:12","slug":"kiz-patiksiz-tulum-kiz-bebek","status":"publish","type":"product","link":"http:\/\/mod.wisdar.net\/tr\/urun\/kiz-patiksiz-tulum-kiz-bebek\/","title":{"rendered":"K\u0131z Patiksiz Tulum K\u0131z Bebek"},"content":{"rendered":"<p>Cassiope K\u0131z Patiksiz Tu, Mor, Yenido\u011fan<\/p>\n<p>\u00dcr\u00fcn Grubu: Bebek Tulum<br \/>\nYaka Tipi: Bisiklet Yaka<br \/>\nKol Tipi: Uzun Kol<br \/>\nPa\u00e7a Tipi: Patiksiz<br \/>\nKullan\u0131m Tipi: G\u00fcnl\u00fck Kullan\u0131m<br \/>\nKal\u0131p: Normal Kal\u0131p<br \/>\nAna Kuma\u015f: %100 Pamuk<br \/>\nYumu\u015fak kuma\u015f dokusu ve rahat kal\u0131ba sahiptir.<br \/>\n30 derecede y\u0131kanabilir.<\/p>\n<p>G\u00dcVENLE G\u0130YD\u0130R\u0130N! ebebek tekstil \u00fcr\u00fcnleri bebe\u011finizin g\u00fcvenli\u011fi i\u00e7in kimyasal i\u00e7eriklere kar\u015f\u0131 test edilmi\u015ftir. Bebe\u011finiz i\u00e7in risk olu\u015fturabilecek yutulabilir k\u00fc\u00e7\u00fck par\u00e7alar ve keskin kenarl\u0131 materyaller kullan\u0131lmamaktad\u0131r. Kullan\u0131m s\u0131ras\u0131nda tehlikeli olabilecek uzunlukta ba\u011fc\u0131k ve kordonlar kullan\u0131lmamaktad\u0131r.<\/p>\n<p>\u2014 Technical Details \u2014<br \/>\n\u00dcr\u00fcn Grubu: TLM-Patiksiz Tulum<br \/>\nCinsiyet: K<br \/>\nMalzeme T\u00fcr\u00fc: \u00d6rme<br \/>\nYaka Tipi: Bisiklet Yaka<br \/>\nMen\u015fei: T\u00fcrkiye<\/p>\n","protected":false},"excerpt":{"rendered":"<p>Cassiope K\u0131z Patiksiz Tu, Mor, Yenido\u011fan \u00dcr\u00fcn Grubu: Bebek Tulum Yaka Tipi: Bisiklet Yaka Kol Tipi: Uzun Kol Pa\u00e7a Tipi: Patiksiz Kullan\u0131m Tipi: G\u00fcnl\u00fck Kullan\u0131m Kal\u0131p: Normal Kal\u0131p Ana Kuma\u015f: %100 Pamuk Yumu\u015fak kuma\u015f dokusu ve rahat kal\u0131ba sahiptir. 30 derecede y\u0131kanabilir. G\u00dcVENLE G\u0130YD\u0130R\u0130N! ebebek tekstil \u00fcr\u00fcnleri bebe\u011finizin g\u00fcvenli\u011fi i\u00e7in kimyasal i\u00e7eriklere kar\u015f\u0131 test edilmi\u015ftir. [&hellip;]<\/p>\n","protected":false},"featured_media":120428,"comment_status":"open","ping_status":"closed","template":"","meta":[],"product_brand":[],"product_cat":[8694,8706,8697,8700],"product_tag":[8117,7354,7488],"class_list":{"0":"post-120435","1":"product","2":"type-product","3":"status-publish","4":"has-post-thumbnail","6":"product_cat-cocuklar","7":"product_cat-tulum","8":"product_cat-yenidogan-0-12-ay","9":"product_cat-yenidogan-giyim","10":"product_tag-bogazli-2","11":"product_tag-gunluk-giyim-2","12":"product_tag-pamuk","13":"pa_color-somon","15":"first","16":"outofstock","17":"shipping-taxable","18":"product-type-variable"},"_links":{"self":[{"href":"http:\/\/mod.wisdar.net\/tr\/wp-json\/wp\/v2\/product\/120435","targetHints":{"allow":["GET"]}}],"collection":[{"href":"http:\/\/mod.wisdar.net\/tr\/wp-json\/wp\/v2\/product"}],"about":[{"href":"http:\/\/mod.wisdar.net\/tr\/wp-json\/wp\/v2\/types\/product"}],"replies":[{"embeddable":true,"href":"http:\/\/mod.wisdar.net\/tr\/wp-json\/wp\/v2\/comments?post=120435"}],"wp:featuredmedia":[{"embeddable":true,"href":"http:\/\/mod.wisdar.net\/tr\/wp-json\/wp\/v2\/media\/120428"}],"wp:attachment":[{"href":"http:\/\/mod.wisdar.net\/tr\/wp-json\/wp\/v2\/media?parent=120435"}],"wp:term":[{"taxonomy":"product_brand","embeddable":true,"href":"http:\/\/mod.wisdar.net\/tr\/wp-json\/wp\/v2\/product_brand?post=120435"},{"taxonomy":"product_cat","embeddable":true,"href":"http:\/\/mod.wisdar.net\/tr\/wp-json\/wp\/v2\/product_cat?post=120435"},{"taxonomy":"product_tag","embeddable":true,"href":"http:\/\/mod.wisdar.net\/tr\/wp-json\/wp\/v2\/product_tag?post=120435"}],"curies":[{"name":"wp","href":"https:\/\/api.w.org\/{rel}","templated":true}]}}