{"id":120483,"date":"2026-02-18T11:24:49","date_gmt":"2026-02-18T11:24:49","guid":{"rendered":"https:\/\/modesthanim.com\/product\/bebetto-kiz-tulum-sapka-citcitli-ceremony-firfirli-yaka-uzun-uzun-kol\/"},"modified":"2026-03-27T04:31:19","modified_gmt":"2026-03-27T04:31:19","slug":"bebetto-kiz-tulum-sapka-citcitli-ceremony-firfirli-yaka-uzun-uzun-kol","status":"publish","type":"product","link":"http:\/\/mod.wisdar.net\/tr\/urun\/bebetto-kiz-tulum-sapka-citcitli-ceremony-firfirli-yaka-uzun-uzun-kol\/","title":{"rendered":"Bebetto, K\u0131z, Tulum-\u015eapka, \u00c7\u0131t\u00e7\u0131tl\u0131, Ceremony, F\u0131rf\u0131rl\u0131 Yaka, Uzun, Uzun Kol"},"content":{"rendered":"<p>Bebetto, Yenido\u011fan, Cere, Ekru, 0 \u2013 1 Ay<\/p>\n<p>\u00dcr\u00fcn Grubu: Bebek Tulum \u015eapka<br \/>\nYaka Tipi: F\u0131rf\u0131rl\u0131 Yaka<br \/>\nKol Tipi: Uzun Kol<br \/>\nPa\u00e7a Tipi: Patikli<br \/>\nKuma\u015f: %100 Pamuk<br \/>\nKullan\u0131m Tipi: G\u00fcnl\u00fck Kullan\u0131m<br \/>\nKal\u0131p: Normal Kal\u0131p<br \/>\nYumu\u015fak kuma\u015f dokusu ve rahat kal\u0131ba sahiptir.<br \/>\n30 derecede y\u0131kanabilir.<\/p>\n<p>\u00dcr\u00fcn \u00d6zellikleri:<br \/>\nTema: Ceremony<br \/>\n\u00dcr\u00fcn Grubu: TLM-Tulum-\u015eapka<br \/>\nCinsiyet: K<br \/>\nTak\u0131m \/ Tekil: Set<br \/>\nTak\u0131m \u0130\u00e7eri\u011fi: \u015eapka, Tulum<br \/>\nFit: Standart<br \/>\nMalzeme T\u00fcr\u00fc: \u00d6rme<br \/>\nBa\u011flama Tipi: \u00c7\u0131t\u00e7\u0131tl\u0131<br \/>\nYaka Tipi: F\u0131rf\u0131rl\u0131 Yaka<br \/>\nMen\u015fei: T\u00fcrkiye<br \/>\nGrafik Detay: Nak\u0131\u015f<\/p>\n<p>\u2014 Technical Details \u2014<br \/>\npattern: Yenido\u011fan Tulum<br \/>\ngender: K<br \/>\nset_type: Set<br \/>\nset_contents: \u015eapka, Tulum<br \/>\nfit: Standart<br \/>\nmaterial_type: \u00d6rme<br \/>\nclosure_type: \u00c7\u0131t\u00e7\u0131tl\u0131<br \/>\ncollar_type: F\u0131rf\u0131rl\u0131 Yaka<br \/>\norigin: T\u00fcrkiye<br \/>\ngraphic_detail: Nak\u0131\u015f<br \/>\ntheme: Ceremony<br \/>\nproduct_group: TLM-Tulum-\u015eapka<br \/>\nsleeve_type: Uzun Kol<br \/>\nleg_type: Patikli<br \/>\nusage_type: G\u00fcnl\u00fck Kullan\u0131m<br \/>\npattern_type: Normal Kal\u0131p<br \/>\ncare_instructions: 30 derecede y\u0131kanabilir<\/p>\n","protected":false},"excerpt":{"rendered":"<p>Bebetto, Yenido\u011fan, Cere, Ekru, 0 \u2013 1 Ay \u00dcr\u00fcn Grubu: Bebek Tulum \u015eapka Yaka Tipi: F\u0131rf\u0131rl\u0131 Yaka Kol Tipi: Uzun Kol Pa\u00e7a Tipi: Patikli Kuma\u015f: %100 Pamuk Kullan\u0131m Tipi: G\u00fcnl\u00fck Kullan\u0131m Kal\u0131p: Normal Kal\u0131p Yumu\u015fak kuma\u015f dokusu ve rahat kal\u0131ba sahiptir. 30 derecede y\u0131kanabilir. \u00dcr\u00fcn \u00d6zellikleri: Tema: Ceremony \u00dcr\u00fcn Grubu: TLM-Tulum-\u015eapka Cinsiyet: K Tak\u0131m \/ [&hellip;]<\/p>\n","protected":false},"featured_media":120469,"comment_status":"open","ping_status":"closed","template":"","meta":[],"product_brand":[],"product_cat":[8709,8694,8706,8697],"product_tag":[7244,6757,7488],"class_list":{"0":"post-120483","1":"product","2":"type-product","3":"status-publish","4":"has-post-thumbnail","6":"product_cat-bodyler-tulumlar","7":"product_cat-cocuklar","8":"product_cat-tulum","9":"product_cat-yenidogan-0-12-ay","10":"product_tag-citcit-kapama","11":"product_tag-ekru","12":"product_tag-pamuk","13":"pa_color-ekru","14":"pa_size-0-1-ay","15":"pa_size-1-3-ay","16":"pa_size-3-6-ay","17":"pa_size-6-9-ay","19":"first","20":"instock","21":"sale","22":"shipping-taxable","23":"purchasable","24":"product-type-variable"},"_links":{"self":[{"href":"http:\/\/mod.wisdar.net\/tr\/wp-json\/wp\/v2\/product\/120483","targetHints":{"allow":["GET"]}}],"collection":[{"href":"http:\/\/mod.wisdar.net\/tr\/wp-json\/wp\/v2\/product"}],"about":[{"href":"http:\/\/mod.wisdar.net\/tr\/wp-json\/wp\/v2\/types\/product"}],"replies":[{"embeddable":true,"href":"http:\/\/mod.wisdar.net\/tr\/wp-json\/wp\/v2\/comments?post=120483"}],"wp:featuredmedia":[{"embeddable":true,"href":"http:\/\/mod.wisdar.net\/tr\/wp-json\/wp\/v2\/media\/120469"}],"wp:attachment":[{"href":"http:\/\/mod.wisdar.net\/tr\/wp-json\/wp\/v2\/media?parent=120483"}],"wp:term":[{"taxonomy":"product_brand","embeddable":true,"href":"http:\/\/mod.wisdar.net\/tr\/wp-json\/wp\/v2\/product_brand?post=120483"},{"taxonomy":"product_cat","embeddable":true,"href":"http:\/\/mod.wisdar.net\/tr\/wp-json\/wp\/v2\/product_cat?post=120483"},{"taxonomy":"product_tag","embeddable":true,"href":"http:\/\/mod.wisdar.net\/tr\/wp-json\/wp\/v2\/product_tag?post=120483"}],"curies":[{"name":"wp","href":"https:\/\/api.w.org\/{rel}","templated":true}]}}