{"id":120561,"date":"2026-02-18T11:26:41","date_gmt":"2026-02-18T11:26:41","guid":{"rendered":"https:\/\/modesthanim.com\/product\/little-life-erkek-bebek-5li-aski-hastane-cikisi-zarf-yaka\/"},"modified":"2026-04-15T21:44:39","modified_gmt":"2026-04-15T21:44:39","slug":"little-life-erkek-bebek-5li-aski-hastane-cikisi-zarf-yaka","status":"publish","type":"product","link":"http:\/\/mod.wisdar.net\/tr\/urun\/little-life-erkek-bebek-5li-aski-hastane-cikisi-zarf-yaka\/","title":{"rendered":"Little Life Erkek Bebek 5li Ask\u0131 Hastane \u00c7\u0131k\u0131\u015f\u0131 Zarf Yaka"},"content":{"rendered":"<p>Little Life, A\u00e7\u0131k Kahverengi, Yenido\u011fan<\/p>\n<p>\u00dcr\u00fcn Grubu: Bebek Yenido\u011fan Hastane \u00c7\u0131k\u0131\u015f<br \/>\nYaka Tipi: Zarf Yaka<br \/>\nKol Tipi: Uzun Kol<br \/>\nPa\u00e7a Tipi: Patikli<br \/>\nKullan\u0131m Tipi: G\u00fcnl\u00fck Kullan\u0131m<br \/>\nKal\u0131p: Normal Kal\u0131p<br \/>\nKuma\u015f: %100 Pamuk<br \/>\nYumu\u015fak kuma\u015f dokusu ve rahat kal\u0131ba sahiptir.<br \/>\n30 derecede y\u0131kanabilir.<\/p>\n<p>G\u00dcVENLE G\u0130YD\u0130R\u0130N! ebebek tekstil \u00fcr\u00fcnleri bebe\u011finizin g\u00fcvenli\u011fi i\u00e7in kimyasal i\u00e7eriklere kar\u015f\u0131 test edilmi\u015ftir. Bebe\u011finiz i\u00e7in risk olu\u015fturabilecek yutulabilir k\u00fc\u00e7\u00fck par\u00e7alar ve keskin kenarl\u0131 materyaller kullan\u0131lmamaktad\u0131r. Kullan\u0131m s\u0131ras\u0131nda tehlikeli olabilecek uzunlukta ba\u011fc\u0131k ve kordonlar kullan\u0131lmamaktad\u0131r.<\/p>\n<p>\u00dcr\u00fcn \u00d6zellikleri:<br \/>\n\u00dcr\u00fcn Grubu: SET-5li Ask\u0131 Hastane \u00c7\u0131k\u0131\u015f\u0131<br \/>\nCinsiyet: E<br \/>\nMalzeme T\u00fcr\u00fc: \u00d6rme<br \/>\nYaka Tipi: Zarf Yaka<br \/>\nMen\u015fei: T\u00fcrkiye<\/p>\n<p>\u2014 Technical Details \u2014<br \/>\npattern: Yenido\u011fan Hastane \u00c7\u0131k\u0131\u015f\u0131<br \/>\ncollar_type: Zarf Yaka<br \/>\nsleeve_type: Uzun Kol<br \/>\nleg_type: Patikli<br \/>\nusage_type: G\u00fcnl\u00fck Kullan\u0131m<br \/>\nfit: Normal Kal\u0131p<br \/>\ngender: E<br \/>\nmaterial_type: \u00d6rme<br \/>\norigin: T\u00fcrkiye<br \/>\nproduct_group: SET-5li Ask\u0131 Hastane \u00c7\u0131k\u0131\u015f\u0131<\/p>\n","protected":false},"excerpt":{"rendered":"<p>Little Life, A\u00e7\u0131k Kahverengi, Yenido\u011fan \u00dcr\u00fcn Grubu: Bebek Yenido\u011fan Hastane \u00c7\u0131k\u0131\u015f Yaka Tipi: Zarf Yaka Kol Tipi: Uzun Kol Pa\u00e7a Tipi: Patikli Kullan\u0131m Tipi: G\u00fcnl\u00fck Kullan\u0131m Kal\u0131p: Normal Kal\u0131p Kuma\u015f: %100 Pamuk Yumu\u015fak kuma\u015f dokusu ve rahat kal\u0131ba sahiptir. 30 derecede y\u0131kanabilir. G\u00dcVENLE G\u0130YD\u0130R\u0130N! ebebek tekstil \u00fcr\u00fcnleri bebe\u011finizin g\u00fcvenli\u011fi i\u00e7in kimyasal i\u00e7eriklere kar\u015f\u0131 test edilmi\u015ftir. [&hellip;]<\/p>\n","protected":false},"featured_media":120549,"comment_status":"open","ping_status":"closed","template":"","meta":[],"product_brand":[],"product_cat":[8703,8694,8697,8700],"product_tag":[7488,6751],"class_list":{"0":"post-120561","1":"product","2":"type-product","3":"status-publish","4":"has-post-thumbnail","6":"product_cat-bebek-setleri","7":"product_cat-cocuklar","8":"product_cat-yenidogan-0-12-ay","9":"product_cat-yenidogan-giyim","10":"product_tag-pamuk","11":"product_tag-rahat","12":"pa_brand-little-life","13":"pa_color-acik-kahverengi","14":"pa_size-yenidogan","16":"first","17":"outofstock","18":"shipping-taxable","19":"product-type-variable"},"_links":{"self":[{"href":"http:\/\/mod.wisdar.net\/tr\/wp-json\/wp\/v2\/product\/120561","targetHints":{"allow":["GET"]}}],"collection":[{"href":"http:\/\/mod.wisdar.net\/tr\/wp-json\/wp\/v2\/product"}],"about":[{"href":"http:\/\/mod.wisdar.net\/tr\/wp-json\/wp\/v2\/types\/product"}],"replies":[{"embeddable":true,"href":"http:\/\/mod.wisdar.net\/tr\/wp-json\/wp\/v2\/comments?post=120561"}],"wp:featuredmedia":[{"embeddable":true,"href":"http:\/\/mod.wisdar.net\/tr\/wp-json\/wp\/v2\/media\/120549"}],"wp:attachment":[{"href":"http:\/\/mod.wisdar.net\/tr\/wp-json\/wp\/v2\/media?parent=120561"}],"wp:term":[{"taxonomy":"product_brand","embeddable":true,"href":"http:\/\/mod.wisdar.net\/tr\/wp-json\/wp\/v2\/product_brand?post=120561"},{"taxonomy":"product_cat","embeddable":true,"href":"http:\/\/mod.wisdar.net\/tr\/wp-json\/wp\/v2\/product_cat?post=120561"},{"taxonomy":"product_tag","embeddable":true,"href":"http:\/\/mod.wisdar.net\/tr\/wp-json\/wp\/v2\/product_tag?post=120561"}],"curies":[{"name":"wp","href":"https:\/\/api.w.org\/{rel}","templated":true}]}}