{"id":120565,"date":"2026-02-18T11:26:42","date_gmt":"2026-02-18T11:26:42","guid":{"rendered":"https:\/\/modesthanim.com\/product\/bebetto-erkek-hirka-patikli-alt-citcitli-little-boss-gomlek-yaka-uzun-paca-uzun-kol\/"},"modified":"2026-04-10T16:09:24","modified_gmt":"2026-04-10T16:09:24","slug":"bebetto-erkek-hirka-patikli-alt-citcitli-little-boss-gomlek-yaka-uzun-paca-uzun-kol","status":"publish","type":"product","link":"http:\/\/mod.wisdar.net\/tr\/urun\/bebetto-erkek-hirka-patikli-alt-citcitli-little-boss-gomlek-yaka-uzun-paca-uzun-kol\/","title":{"rendered":"Bebetto, Erkek, H\u0131rka-Patikli Alt, \u00c7\u0131t\u00e7\u0131tl\u0131, Little Boss, G\u00f6mlek Yaka, Uzun Pa\u00e7a, Uzun Kol"},"content":{"rendered":"<p>Bebetto Little Boss erkek yenido\u011fan h\u0131rka\u2013patikli alt seti, g\u00f6mlek yakal\u0131 ve \u00e7\u0131t\u00e7\u0131tl\u0131 tasar\u0131m\u0131yla \u015f\u0131k bir g\u00f6r\u00fcn\u00fcm sunarken g\u00fcnl\u00fck kullan\u0131mda pratiklik sa\u011flar. %100 pamuk yap\u0131s\u0131 ve yumu\u015fak dokusu sayesinde bebe\u011finizin hassas cildine nazik bir konfor sunar ve ilk g\u00fcnden itibaren g\u00fcvenle kullan\u0131labilir.<\/p>\n<p>\u00dcr\u00fcn Grubu: Yenido\u011fan Tak\u0131m<br \/>\nYaka Tipi: G\u00f6mlek Yaka<br \/>\nKol Tipi: Uzun Kol<br \/>\nPa\u00e7a Tipi: Patikli<br \/>\nKullan\u0131m Tipi: G\u00fcnl\u00fck Kullan\u0131m<br \/>\nKal\u0131p: Normal Kal\u0131p<br \/>\nKuma\u015f: %100 Pamuk<br \/>\nYumu\u015fak kuma\u015f dokusu ve rahat kal\u0131ba sahiptir.<br \/>\n30 derecede y\u0131kanabilir.<\/p>\n<p>\u2014 Technical Details \u2014<br \/>\nTema: Little Boss<br \/>\n\u00dcr\u00fcn Grubu: HPA-H\u0131rka-Patikli Alt<br \/>\nCinsiyet: E<br \/>\nTak\u0131m \/ Tekil: Tak\u0131m<br \/>\nTak\u0131m \u0130\u00e7eri\u011fi: Z\u0131b\u0131n, Patikli Alt<br \/>\nFit: Standart<br \/>\nMalzeme T\u00fcr\u00fc: \u00d6rme<br \/>\nBa\u011flama Tipi: \u00c7\u0131t\u00e7\u0131tl\u0131<br \/>\nYaka Tipi: G\u00f6mlek Yaka<br \/>\nMen\u015fei: T\u00fcrkiye<br \/>\nGrafik Detay: Nak\u0131\u015f<\/p>\n","protected":false},"excerpt":{"rendered":"<p>Bebetto Little Boss erkek yenido\u011fan h\u0131rka\u2013patikli alt seti, g\u00f6mlek yakal\u0131 ve \u00e7\u0131t\u00e7\u0131tl\u0131 tasar\u0131m\u0131yla \u015f\u0131k bir g\u00f6r\u00fcn\u00fcm sunarken g\u00fcnl\u00fck kullan\u0131mda pratiklik sa\u011flar. %100 pamuk yap\u0131s\u0131 ve yumu\u015fak dokusu sayesinde bebe\u011finizin hassas cildine nazik bir konfor sunar ve ilk g\u00fcnden itibaren g\u00fcvenle kullan\u0131labilir. \u00dcr\u00fcn Grubu: Yenido\u011fan Tak\u0131m Yaka Tipi: G\u00f6mlek Yaka Kol Tipi: Uzun Kol Pa\u00e7a Tipi: [&hellip;]<\/p>\n","protected":false},"featured_media":120552,"comment_status":"open","ping_status":"closed","template":"","meta":[],"product_brand":[],"product_cat":[8703,8694,8697],"product_tag":[9719,9720,8896,9685,9723,9722],"class_list":{"0":"post-120565","1":"product","2":"type-product","3":"status-publish","4":"has-post-thumbnail","6":"product_cat-bebek-setleri","7":"product_cat-cocuklar","8":"product_cat-yenidogan-0-12-ay","9":"product_tag-boys-newborn-set","10":"product_tag-cardigan-bootie-set","11":"product_tag-cotton-baby-clothes","12":"product_tag-little-boss-theme","13":"product_tag-newborn-gift","14":"product_tag-snap-button-clothing","15":"pa_brand-bebetto","16":"pa_color-bej","17":"pa_size-0-1-ay","18":"pa_size-1-3-ay","19":"pa_size-3-6-ay","20":"pa_size-6-9-ay","22":"first","23":"outofstock","24":"shipping-taxable","25":"product-type-variable"},"_links":{"self":[{"href":"http:\/\/mod.wisdar.net\/tr\/wp-json\/wp\/v2\/product\/120565","targetHints":{"allow":["GET"]}}],"collection":[{"href":"http:\/\/mod.wisdar.net\/tr\/wp-json\/wp\/v2\/product"}],"about":[{"href":"http:\/\/mod.wisdar.net\/tr\/wp-json\/wp\/v2\/types\/product"}],"replies":[{"embeddable":true,"href":"http:\/\/mod.wisdar.net\/tr\/wp-json\/wp\/v2\/comments?post=120565"}],"wp:featuredmedia":[{"embeddable":true,"href":"http:\/\/mod.wisdar.net\/tr\/wp-json\/wp\/v2\/media\/120552"}],"wp:attachment":[{"href":"http:\/\/mod.wisdar.net\/tr\/wp-json\/wp\/v2\/media?parent=120565"}],"wp:term":[{"taxonomy":"product_brand","embeddable":true,"href":"http:\/\/mod.wisdar.net\/tr\/wp-json\/wp\/v2\/product_brand?post=120565"},{"taxonomy":"product_cat","embeddable":true,"href":"http:\/\/mod.wisdar.net\/tr\/wp-json\/wp\/v2\/product_cat?post=120565"},{"taxonomy":"product_tag","embeddable":true,"href":"http:\/\/mod.wisdar.net\/tr\/wp-json\/wp\/v2\/product_tag?post=120565"}],"curies":[{"name":"wp","href":"https:\/\/api.w.org\/{rel}","templated":true}]}}