{"id":120615,"date":"2026-02-18T11:27:54","date_gmt":"2026-02-18T11:27:54","guid":{"rendered":"https:\/\/modesthanim.com\/product\/yenidogan-erkek-bebek-kisa-tulum-interlok-bisiklet-yaka-kisa-kol-recme-acik-mavi\/"},"modified":"2026-04-03T23:01:53","modified_gmt":"2026-04-03T23:01:53","slug":"yenidogan-erkek-bebek-kisa-tulum-interlok-bisiklet-yaka-kisa-kol-recme-acik-mavi","status":"publish","type":"product","link":"http:\/\/mod.wisdar.net\/tr\/urun\/yenidogan-erkek-bebek-kisa-tulum-interlok-bisiklet-yaka-kisa-kol-recme-acik-mavi\/","title":{"rendered":"Yenido\u011fan Erkek Bebek K\u0131sa Tulum \u0130nterlok Bisiklet Yaka K\u0131sa Kol Re\u00e7me A\u00e7\u0131k Mavi"},"content":{"rendered":"<p>Little Life Yenido\u011fan Erkek Bebek K\u0131sa Tulum \u0130nterlok Bisiklet Yaka K\u0131sa Kol Re\u00e7me<\/p>\n<p>Bu erkek bebek tulumu, %100 pamuk kuma\u015ftan \u00fcretilmi\u015ftir. Pamuk kuma\u015f olmas\u0131 sebebiyle hem sa\u011fl\u0131kl\u0131 hem de rahat bir kullan\u0131ma sahiptir. Yumu\u015fakl\u0131\u011f\u0131, nefes alan kuma\u015f\u0131 ve kolay giyilmesi ile bebe\u011finiz i\u00e7in ideal bir \u00fcr\u00fcnd\u00fcr. Yenge\u00e7 desenli ve \u00e7\u0131t\u00e7\u0131tl\u0131 tulumdur. Yenido\u011fan,3 ayl\u0131k, 6 ayl\u0131k ve 9 ayl\u0131k bebekler i\u00e7in bedenleri mevcuttur. Yeni do\u011fan bedeni do\u011fumdan itibaren kullanabilirsiniz.<\/p>\n<p>Sitemizdeki t\u00fcm yenido\u011fan \u00e7\u0131t\u00e7\u0131tl\u0131 erkek bebek tulumlar\u0131 buradan ula\u015fabilirsiniz.<\/p>\n<p>Little Life Yenido\u011fan Erkek Bebek K\u0131sa Tulum \u0130nterlok Bisiklet Yaka K\u0131sa Kol Re\u00e7me \u00d6zellikler:<\/p>\n<p>\u2013 \u00dcr\u00fcn Grubu: Yenido\u011fan Tulum<br \/>\n\u2013 Yaka Tipi: Bisiklet Yaka<br \/>\n\u2013 Kol Tipi: K\u0131sa Kol<br \/>\n\u2013 Pa\u00e7a Tipi: Re\u00e7me<br \/>\n\u2013 Pa\u00e7a Boyu: K\u0131sa<br \/>\n\u2013 Sezon: \u0130lkbahar-Yaz<br \/>\n\u2013 Kullan\u0131m Tipi: G\u00fcnl\u00fck Kullan\u0131m<br \/>\n\u2013 Kal\u0131p: Normal Kal\u0131p<br \/>\n\u2013 Kuma\u015f: %100 Pamuk<br \/>\n\u2013 Yumu\u015fak kuma\u015f dokusu ve rahat kal\u0131ba sahiptir.<br \/>\n\u2013 30 derecede y\u0131kanabilir.<\/p>\n<p>G\u00dcVENLE G\u0130YD\u0130R\u0130N! ebebek tekstil \u00fcr\u00fcnleri bebe\u011finizin g\u00fcvenli\u011fi i\u00e7in kimyasal i\u00e7eriklere kar\u015f\u0131 test edilmi\u015ftir. Bebe\u011finiz i\u00e7in risk olu\u015fturabilecek yutulabilir k\u00fc\u00e7\u00fck par\u00e7alar ve keskin kenarl\u0131 materyaller kullan\u0131lmamaktad\u0131r. Kullan\u0131m s\u0131ras\u0131nda tehlikeli olabilecek uzunlukta ba\u011fc\u0131k ve kordonlar kullan\u0131lmamaktad\u0131r.<\/p>\n<p>\u2014 Technical Details \u2014<br \/>\n\u00dcr\u00fcn Grubu: TLM-K\u0131sa Tulum<br \/>\nCinsiyet: E<br \/>\nTak\u0131m \/ Tekil: Tekil<br \/>\nFit: Standart<br \/>\nMalzeme T\u00fcr\u00fc: \u00d6rme<br \/>\nBa\u011flama Tipi: \u00c7\u0131t\u00e7\u0131tl\u0131<br \/>\nYaka Tipi: Bisiklet Yaka<br \/>\nGrafik Temas\u0131: Hayvan Bask\u0131l\u0131<br \/>\nMen\u015fei: T\u00fcrkiye<br \/>\nGrafik Detay: Bask\u0131<\/p>\n","protected":false},"excerpt":{"rendered":"<p>Little Life Yenido\u011fan Erkek Bebek K\u0131sa Tulum \u0130nterlok Bisiklet Yaka K\u0131sa Kol Re\u00e7me Bu erkek bebek tulumu, %100 pamuk kuma\u015ftan \u00fcretilmi\u015ftir. Pamuk kuma\u015f olmas\u0131 sebebiyle hem sa\u011fl\u0131kl\u0131 hem de rahat bir kullan\u0131ma sahiptir. Yumu\u015fakl\u0131\u011f\u0131, nefes alan kuma\u015f\u0131 ve kolay giyilmesi ile bebe\u011finiz i\u00e7in ideal bir \u00fcr\u00fcnd\u00fcr. Yenge\u00e7 desenli ve \u00e7\u0131t\u00e7\u0131tl\u0131 tulumdur. Yenido\u011fan,3 ayl\u0131k, 6 ayl\u0131k [&hellip;]<\/p>\n","protected":false},"featured_media":120606,"comment_status":"open","ping_status":"closed","template":"","meta":[],"product_brand":[],"product_cat":[8694,8706,8697],"product_tag":[7244,7354,7488],"class_list":{"0":"post-120615","1":"product","2":"type-product","3":"status-publish","4":"has-post-thumbnail","6":"product_cat-cocuklar","7":"product_cat-tulum","8":"product_cat-yenidogan-0-12-ay","9":"product_tag-citcit-kapama","10":"product_tag-gunluk-giyim-2","11":"product_tag-pamuk","12":"pa_brand-little-life","13":"pa_color-acik-mavi","14":"pa_size-3-ay","15":"pa_size-6-ay","16":"pa_size-9-ay","17":"pa_size-yenidogan","19":"first","20":"outofstock","21":"shipping-taxable","22":"product-type-variable"},"_links":{"self":[{"href":"http:\/\/mod.wisdar.net\/tr\/wp-json\/wp\/v2\/product\/120615","targetHints":{"allow":["GET"]}}],"collection":[{"href":"http:\/\/mod.wisdar.net\/tr\/wp-json\/wp\/v2\/product"}],"about":[{"href":"http:\/\/mod.wisdar.net\/tr\/wp-json\/wp\/v2\/types\/product"}],"replies":[{"embeddable":true,"href":"http:\/\/mod.wisdar.net\/tr\/wp-json\/wp\/v2\/comments?post=120615"}],"wp:featuredmedia":[{"embeddable":true,"href":"http:\/\/mod.wisdar.net\/tr\/wp-json\/wp\/v2\/media\/120606"}],"wp:attachment":[{"href":"http:\/\/mod.wisdar.net\/tr\/wp-json\/wp\/v2\/media?parent=120615"}],"wp:term":[{"taxonomy":"product_brand","embeddable":true,"href":"http:\/\/mod.wisdar.net\/tr\/wp-json\/wp\/v2\/product_brand?post=120615"},{"taxonomy":"product_cat","embeddable":true,"href":"http:\/\/mod.wisdar.net\/tr\/wp-json\/wp\/v2\/product_cat?post=120615"},{"taxonomy":"product_tag","embeddable":true,"href":"http:\/\/mod.wisdar.net\/tr\/wp-json\/wp\/v2\/product_tag?post=120615"}],"curies":[{"name":"wp","href":"https:\/\/api.w.org\/{rel}","templated":true}]}}