{"id":120651,"date":"2026-02-18T11:29:21","date_gmt":"2026-02-18T11:29:21","guid":{"rendered":"https:\/\/modesthanim.com\/product\/midimod-unisex-welsoft-patikli-tulum-hayvan-baskili-fermuarli-kapusonlu-uzun-paca-uzun-kol\/"},"modified":"2026-02-20T18:05:08","modified_gmt":"2026-02-20T18:05:08","slug":"midimod-unisex-welsoft-patikli-tulum-hayvan-baskili-fermuarli-kapusonlu-uzun-paca-uzun-kol","status":"publish","type":"product","link":"http:\/\/mod.wisdar.net\/tr\/urun\/midimod-unisex-welsoft-patikli-tulum-hayvan-baskili-fermuarli-kapusonlu-uzun-paca-uzun-kol\/","title":{"rendered":"Midimod Unisex Welsoft Patikli Tulum Hayvan Bask\u0131l\u0131 Fermuarl\u0131 Kap\u00fc\u015fonlu Uzun Pa\u00e7a Uzun Kol"},"content":{"rendered":"<p>Midimod Yenido\u011fan Unisex Welsoft Patikli Tulum Fermuarl\u0131 Kap\u00fc\u015fonlu Uzun Kol<\/p>\n<p>%100 polyester d\u0131\u015f kuma\u015f ve i\u00e7 astar olarak kullan\u0131lan %100 pamuk malzeme, bebe\u011finizin cildine nazik\u00e7e dokunur. Bu bebek tulumu, s\u0131cak tutma ve nefes alabilirlik a\u00e7\u0131s\u0131ndan m\u00fckemmel bir denge sa\u011flar. \u00dczerindeki panda fig\u00fcr\u00fc ve tasar\u0131m\u0131 ile bebe\u011finize e\u011flenceli bir g\u00f6r\u00fcn\u00fcm sunarken, pratik fermuarl\u0131 kapan\u0131\u015f sayesinde giydirme i\u015flemi de olduk\u00e7a kolayd\u0131r.<\/p>\n<p>Sitemizdeki t\u00fcm yenido\u011fan bebek tulumlar\u0131na buradan ula\u015fabilirsiniz.<\/p>\n<p>Midimod Yenido\u011fan Unisex Welsoft Patikli Tulum Fermuarl\u0131 Kap\u00fc\u015fonlu Uzun Kol \u00d6zellikler:<\/p>\n<p>\u2013 \u00dcr\u00fcn Grubu: Bebek Patiksiz Tulum<br \/>\n\u2013 Yaka Tipi: Kap\u00fc\u015fonlu<br \/>\n\u2013 Kol Tipi: Uzun Kol<br \/>\n\u2013 Pa\u00e7a Tipi: Patikli<br \/>\n\u2013 Kullan\u0131m Tipi: G\u00fcnl\u00fck Kullan\u0131m<br \/>\n\u2013 Kal\u0131p: Normal Kal\u0131p<br \/>\n\u2013 Kuma\u015f: Ana Kuma\u015f: % 100 PolyesterAstar : % 100 Pamuk<br \/>\n\u2013 Yumu\u015fak kuma\u015f dokusu ve rahat kal\u0131ba sahiptir.<br \/>\n\u2013 30 derecede y\u0131kanabilir.<\/p>\n<p>G\u00dcVENLE G\u0130YD\u0130R\u0130N! ebebek tekstil \u00fcr\u00fcnleri bebe\u011finizin g\u00fcvenli\u011fi i\u00e7in kimyasal i\u00e7eriklere kar\u015f\u0131 test edilmi\u015ftir. Bebe\u011finiz i\u00e7in risk olu\u015fturabilecek yutulabilir k\u00fc\u00e7\u00fck par\u00e7alar ve keskin kenarl\u0131 materyaller kullan\u0131lmamaktad\u0131r. Kullan\u0131m s\u0131ras\u0131nda tehlikeli olabilecek uzunlukta ba\u011fc\u0131k ve kordonlar kullan\u0131lmamaktad\u0131r.<\/p>\n<p>\u2014 Technical Details \u2014<br \/>\n\u00dcr\u00fcn Grubu: TLM-Welsoft Patikli Tulum<br \/>\nCinsiyet: U<br \/>\nTak\u0131m \/ Tekil: Tekil<br \/>\nFit: Standart<br \/>\nMalzeme T\u00fcr\u00fc: \u00d6rme<br \/>\nAstar: Astar<br \/>\nBa\u011flama Tipi: Fermuarl\u0131<br \/>\nYaka Tipi: Kap\u00fc\u015fonlu<br \/>\nGrafik Temas\u0131: Hayvan Bask\u0131l\u0131<br \/>\nMen\u015fei: T\u00fcrkiye<br \/>\nGrafik Detay: Nak\u0131\u015f<\/p>\n","protected":false},"excerpt":{"rendered":"<p>Midimod Yenido\u011fan Unisex Welsoft Patikli Tulum Fermuarl\u0131 Kap\u00fc\u015fonlu Uzun Kol %100 polyester d\u0131\u015f kuma\u015f ve i\u00e7 astar olarak kullan\u0131lan %100 pamuk malzeme, bebe\u011finizin cildine nazik\u00e7e dokunur. Bu bebek tulumu, s\u0131cak tutma ve nefes alabilirlik a\u00e7\u0131s\u0131ndan m\u00fckemmel bir denge sa\u011flar. \u00dczerindeki panda fig\u00fcr\u00fc ve tasar\u0131m\u0131 ile bebe\u011finize e\u011flenceli bir g\u00f6r\u00fcn\u00fcm sunarken, pratik fermuarl\u0131 kapan\u0131\u015f sayesinde giydirme [&hellip;]<\/p>\n","protected":false},"featured_media":120641,"comment_status":"open","ping_status":"closed","template":"","meta":[],"product_brand":[],"product_cat":[8694,8706,8697],"product_tag":[7000],"class_list":{"0":"post-120651","1":"product","2":"type-product","3":"status-publish","4":"has-post-thumbnail","6":"product_cat-cocuklar","7":"product_cat-tulum","8":"product_cat-yenidogan-0-12-ay","9":"product_tag-fermuarli-kapama","10":"pa_brand-midimod","11":"pa_color-acik-mavi","12":"pa_color-ekru","13":"pa_color-gul-kurusu","14":"pa_color-mavi","15":"pa_color-pembe","16":"pa_color-siyah","17":"pa_color-yesil","18":"pa_size-0-1-ay-2","19":"pa_size-1-yas","20":"pa_size-yenidogan","22":"first","23":"outofstock","24":"shipping-taxable","25":"product-type-variable"},"_links":{"self":[{"href":"http:\/\/mod.wisdar.net\/tr\/wp-json\/wp\/v2\/product\/120651","targetHints":{"allow":["GET"]}}],"collection":[{"href":"http:\/\/mod.wisdar.net\/tr\/wp-json\/wp\/v2\/product"}],"about":[{"href":"http:\/\/mod.wisdar.net\/tr\/wp-json\/wp\/v2\/types\/product"}],"replies":[{"embeddable":true,"href":"http:\/\/mod.wisdar.net\/tr\/wp-json\/wp\/v2\/comments?post=120651"}],"wp:featuredmedia":[{"embeddable":true,"href":"http:\/\/mod.wisdar.net\/tr\/wp-json\/wp\/v2\/media\/120641"}],"wp:attachment":[{"href":"http:\/\/mod.wisdar.net\/tr\/wp-json\/wp\/v2\/media?parent=120651"}],"wp:term":[{"taxonomy":"product_brand","embeddable":true,"href":"http:\/\/mod.wisdar.net\/tr\/wp-json\/wp\/v2\/product_brand?post=120651"},{"taxonomy":"product_cat","embeddable":true,"href":"http:\/\/mod.wisdar.net\/tr\/wp-json\/wp\/v2\/product_cat?post=120651"},{"taxonomy":"product_tag","embeddable":true,"href":"http:\/\/mod.wisdar.net\/tr\/wp-json\/wp\/v2\/product_tag?post=120651"}],"curies":[{"name":"wp","href":"https:\/\/api.w.org\/{rel}","templated":true}]}}