{"id":120682,"date":"2026-02-18T11:30:02","date_gmt":"2026-02-18T11:30:02","guid":{"rendered":"https:\/\/modesthanim.com\/product\/bebetto-erkek-patikli-tulum-marin-baskili-citcitli-palm-in-the-sea-bisiklet-yaka-uzun-paca-uzun-kol\/"},"modified":"2026-04-10T16:38:15","modified_gmt":"2026-04-10T16:38:15","slug":"bebetto-erkek-patikli-tulum-marin-baskili-citcitli-palm-in-the-sea-bisiklet-yaka-uzun-paca-uzun-kol","status":"publish","type":"product","link":"http:\/\/mod.wisdar.net\/tr\/urun\/bebetto-erkek-patikli-tulum-marin-baskili-citcitli-palm-in-the-sea-bisiklet-yaka-uzun-paca-uzun-kol\/","title":{"rendered":"Bebetto, Erkek, Patikli Tulum, Marin Bask\u0131l\u0131, \u00c7\u0131t\u00e7\u0131tl\u0131, Palm in the Sea, Bisiklet Yaka, Uzun Pa\u00e7a, Uzun Kol"},"content":{"rendered":"<p>Bebetto Yenido\u011fan Palm, Mavi, 0 \u2013 1 Ay<br \/>\nBebetto erkek bebek patikli tulum, %100 pamuk kuma\u015f\u0131 sayesinde bebe\u011fin cildine yumu\u015fak ve nefes alabilen bir konfor sunar. Marin bask\u0131l\u0131 \u201cPalm in the Sea\u201d tasar\u0131m\u0131, bisiklet yaka formu ile uzun kol ve uzun pa\u00e7a yap\u0131s\u0131 sayesinde g\u00fcn boyu rahatl\u0131k sa\u011flar. \u00c7\u0131t\u00e7\u0131tl\u0131 yap\u0131s\u0131 ile kolay giydirilen bu bebek tulumu, g\u00fcnl\u00fck kullan\u0131m i\u00e7in ideal bir tercihtir.<br \/>\n\u00dcr\u00fcn Grubu: Yenido\u011fan Tulum<br \/>\nYaka Tipi: Bisiklet Yaka<br \/>\nKol Tipi: Uzun Kol<br \/>\nPa\u00e7a Tipi: Patikli<br \/>\nKuma\u015f Tipi: Pamuklu<br \/>\nKullan\u0131m Tipi: G\u00fcnl\u00fck Kullan\u0131m<br \/>\nKal\u0131p: Normal Kal\u0131p<br \/>\nKuma\u015f: %100 Pamuk<br \/>\nYumu\u015fak kuma\u015f dokusu ve rahat kal\u0131ba sahiptir.<br \/>\n30 derecede y\u0131kanabilir.<br \/>\nTema: Palm in the Sea<br \/>\n\u00dcr\u00fcn Grubu: PTT-Patikli Tulum<br \/>\nCinsiyet: E<br \/>\nTak\u0131m \/ Tekil: Tekil<br \/>\nTak\u0131m \u0130\u00e7eri\u011fi: Eldiven, \u015eapka, Z\u0131b\u0131n, Patikli Alt, Yaka \u00d6nl\u00fc\u011f\u00fc<br \/>\nFit: Standart<br \/>\nMalzeme T\u00fcr\u00fc: \u00d6rme<br \/>\nBa\u011flama Tipi: \u00c7\u0131t\u00e7\u0131tl\u0131<br \/>\nYaka Tipi: Bisiklet Yaka<br \/>\nGrafik Temas\u0131: Marin Bask\u0131l\u0131<br \/>\nMen\u015fei: T\u00fcrkiye<br \/>\nGrafik Detay: 3D<\/p>\n<p>\u2014 Technical Details \u2014<br \/>\npattern: Yenido\u011fan Tulum<br \/>\nyaka_tipi: Bisiklet Yaka<br \/>\nkol_tipi: Uzun Kol<br \/>\npaca_tipi: Patikli<br \/>\nkumas_tipi: Pamuklu<br \/>\nkullanim_tipi: G\u00fcnl\u00fck Kullan\u0131m<br \/>\nkalip: Normal Kal\u0131p<br \/>\ntema: Palm in the Sea<br \/>\ncinsiyet: E<br \/>\ntakim_tekil: Tekil<br \/>\ntakim_icerigi: Eldiven, \u015eapka, Z\u0131b\u0131n, Patikli Alt, Yaka \u00d6nl\u00fc\u011f\u00fc<br \/>\nfit: Standart<br \/>\nmalzeme_turu: \u00d6rme<br \/>\nbaglama_tipi: \u00c7\u0131t\u00e7\u0131tl\u0131<br \/>\ngrafik_temasi: Marin Bask\u0131l\u0131<br \/>\nmensei: T\u00fcrkiye<br \/>\ngrafik_detay: 3D<\/p>\n","protected":false},"excerpt":{"rendered":"<p>Bebetto Yenido\u011fan Palm, Mavi, 0 \u2013 1 Ay Bebetto erkek bebek patikli tulum, %100 pamuk kuma\u015f\u0131 sayesinde bebe\u011fin cildine yumu\u015fak ve nefes alabilen bir konfor sunar. Marin bask\u0131l\u0131 \u201cPalm in the Sea\u201d tasar\u0131m\u0131, bisiklet yaka formu ile uzun kol ve uzun pa\u00e7a yap\u0131s\u0131 sayesinde g\u00fcn boyu rahatl\u0131k sa\u011flar. \u00c7\u0131t\u00e7\u0131tl\u0131 yap\u0131s\u0131 ile kolay giydirilen bu bebek [&hellip;]<\/p>\n","protected":false},"featured_media":120675,"comment_status":"open","ping_status":"closed","template":"","meta":[],"product_brand":[],"product_cat":[8694,8706,8697],"product_tag":[7244,7354,7488],"class_list":{"0":"post-120682","1":"product","2":"type-product","3":"status-publish","4":"has-post-thumbnail","6":"product_cat-cocuklar","7":"product_cat-tulum","8":"product_cat-yenidogan-0-12-ay","9":"product_tag-citcit-kapama","10":"product_tag-gunluk-giyim-2","11":"product_tag-pamuk","12":"pa_brand-bebetto","13":"pa_color-mavi","14":"pa_size-0-1-ay","15":"pa_size-1-3-ay","16":"pa_size-3-6-ay","17":"pa_size-6-9-ay","19":"first","20":"outofstock","21":"shipping-taxable","22":"product-type-variable"},"_links":{"self":[{"href":"http:\/\/mod.wisdar.net\/tr\/wp-json\/wp\/v2\/product\/120682","targetHints":{"allow":["GET"]}}],"collection":[{"href":"http:\/\/mod.wisdar.net\/tr\/wp-json\/wp\/v2\/product"}],"about":[{"href":"http:\/\/mod.wisdar.net\/tr\/wp-json\/wp\/v2\/types\/product"}],"replies":[{"embeddable":true,"href":"http:\/\/mod.wisdar.net\/tr\/wp-json\/wp\/v2\/comments?post=120682"}],"wp:featuredmedia":[{"embeddable":true,"href":"http:\/\/mod.wisdar.net\/tr\/wp-json\/wp\/v2\/media\/120675"}],"wp:attachment":[{"href":"http:\/\/mod.wisdar.net\/tr\/wp-json\/wp\/v2\/media?parent=120682"}],"wp:term":[{"taxonomy":"product_brand","embeddable":true,"href":"http:\/\/mod.wisdar.net\/tr\/wp-json\/wp\/v2\/product_brand?post=120682"},{"taxonomy":"product_cat","embeddable":true,"href":"http:\/\/mod.wisdar.net\/tr\/wp-json\/wp\/v2\/product_cat?post=120682"},{"taxonomy":"product_tag","embeddable":true,"href":"http:\/\/mod.wisdar.net\/tr\/wp-json\/wp\/v2\/product_tag?post=120682"}],"curies":[{"name":"wp","href":"https:\/\/api.w.org\/{rel}","templated":true}]}}