{"id":120745,"date":"2026-02-18T11:31:08","date_gmt":"2026-02-18T11:31:08","guid":{"rendered":"https:\/\/modesthanim.com\/product\/yenidogan-kiz-bebek-bluz-etek-2li-takim-interlok-bisiklet-yaka-uzun-kol-pembe\/"},"modified":"2026-04-02T21:51:40","modified_gmt":"2026-04-02T21:51:40","slug":"yenidogan-kiz-bebek-bluz-etek-2li-takim-interlok-bisiklet-yaka-uzun-kol-pembe","status":"publish","type":"product","link":"http:\/\/mod.wisdar.net\/tr\/urun\/yenidogan-kiz-bebek-bluz-etek-2li-takim-interlok-bisiklet-yaka-uzun-kol-pembe\/","title":{"rendered":"Yenido\u011fan K\u0131z Bebek Bluz-Etek 2li Tak\u0131m \u0130nterlok Bisiklet Yaka Uzun Kol Pembe"},"content":{"rendered":"<p>Little Life Yenido\u011fan K\u0131z B, Pembe, 3 Ay<\/p>\n<p>\u00dcr\u00fcn Grubu: Bebek Bluz Etek Tak\u0131m<br \/>\nYaka Tipi: Bisiklet Yaka<br \/>\nKol Boyu: Uzun Kol<br \/>\nKullan\u0131m Tipi: G\u00fcnl\u00fck Kullan\u0131m<br \/>\nKal\u0131p: Normal Kal\u0131p<br \/>\nKuma\u015f: %100 Pamuk<br \/>\nYumu\u015fak kuma\u015f dokusu ve rahat kal\u0131ba sahiptir.<br \/>\n30 derecede y\u0131kanabilir.<br \/>\nG\u00dcVENLE G\u0130YD\u0130R\u0130N! ebebek tekstil \u00fcr\u00fcnleri bebe\u011finizin g\u00fcvenli\u011fi i\u00e7in kimyasal i\u00e7eriklere kar\u015f\u0131 test edilmi\u015ftir. Bebe\u011finiz i\u00e7in risk olu\u015fturabilecek yutulabilir k\u00fc\u00e7\u00fck par\u00e7alar ve keskin kenarl\u0131 materyaller kullan\u0131lmamaktad\u0131r. Kullan\u0131m s\u0131ras\u0131nda tehlikeli olabilecek uzunlukta ba\u011fc\u0131k ve kordonlar kullan\u0131lmamaktad\u0131r.<\/p>\n<p>\u2014 Technical Details \u2014<br \/>\n\u00dcr\u00fcn Grubu: TKM-Bluz-Etek<br \/>\nCinsiyet: K<br \/>\nMalzeme T\u00fcr\u00fc: \u00d6rme<br \/>\nYaka Tipi: Bisiklet Yaka<br \/>\nMen\u015fei: T\u00fcrkiye<\/p>\n","protected":false},"excerpt":{"rendered":"<p>Little Life Yenido\u011fan K\u0131z B, Pembe, 3 Ay \u00dcr\u00fcn Grubu: Bebek Bluz Etek Tak\u0131m Yaka Tipi: Bisiklet Yaka Kol Boyu: Uzun Kol Kullan\u0131m Tipi: G\u00fcnl\u00fck Kullan\u0131m Kal\u0131p: Normal Kal\u0131p Kuma\u015f: %100 Pamuk Yumu\u015fak kuma\u015f dokusu ve rahat kal\u0131ba sahiptir. 30 derecede y\u0131kanabilir. G\u00dcVENLE G\u0130YD\u0130R\u0130N! ebebek tekstil \u00fcr\u00fcnleri bebe\u011finizin g\u00fcvenli\u011fi i\u00e7in kimyasal i\u00e7eriklere kar\u015f\u0131 test edilmi\u015ftir. [&hellip;]<\/p>\n","protected":false},"featured_media":120732,"comment_status":"open","ping_status":"closed","template":"","meta":[],"product_brand":[],"product_cat":[8703,8709,8694,8697],"product_tag":[7354,7488,7744,6768],"class_list":{"0":"post-120745","1":"product","2":"type-product","3":"status-publish","4":"has-post-thumbnail","6":"product_cat-bebek-setleri","7":"product_cat-bodyler-tulumlar","8":"product_cat-cocuklar","9":"product_cat-yenidogan-0-12-ay","10":"product_tag-gunluk-giyim-2","11":"product_tag-pamuk","12":"product_tag-pembe","13":"product_tag-uzun-kol","14":"pa_brand-little-life","15":"pa_color-antrasit-melanj","16":"pa_color-beyaz","17":"pa_color-ekru","18":"pa_color-gri","19":"pa_color-gul-kurusu","20":"pa_color-pembe","21":"pa_size-1-yas","22":"pa_size-3-ay","23":"pa_size-6-ay","24":"pa_size-9-ay","25":"pa_size-yenidogan","27":"first","28":"outofstock","29":"shipping-taxable","30":"product-type-variable"},"_links":{"self":[{"href":"http:\/\/mod.wisdar.net\/tr\/wp-json\/wp\/v2\/product\/120745","targetHints":{"allow":["GET"]}}],"collection":[{"href":"http:\/\/mod.wisdar.net\/tr\/wp-json\/wp\/v2\/product"}],"about":[{"href":"http:\/\/mod.wisdar.net\/tr\/wp-json\/wp\/v2\/types\/product"}],"replies":[{"embeddable":true,"href":"http:\/\/mod.wisdar.net\/tr\/wp-json\/wp\/v2\/comments?post=120745"}],"wp:featuredmedia":[{"embeddable":true,"href":"http:\/\/mod.wisdar.net\/tr\/wp-json\/wp\/v2\/media\/120732"}],"wp:attachment":[{"href":"http:\/\/mod.wisdar.net\/tr\/wp-json\/wp\/v2\/media?parent=120745"}],"wp:term":[{"taxonomy":"product_brand","embeddable":true,"href":"http:\/\/mod.wisdar.net\/tr\/wp-json\/wp\/v2\/product_brand?post=120745"},{"taxonomy":"product_cat","embeddable":true,"href":"http:\/\/mod.wisdar.net\/tr\/wp-json\/wp\/v2\/product_cat?post=120745"},{"taxonomy":"product_tag","embeddable":true,"href":"http:\/\/mod.wisdar.net\/tr\/wp-json\/wp\/v2\/product_tag?post=120745"}],"curies":[{"name":"wp","href":"https:\/\/api.w.org\/{rel}","templated":true}]}}