{"id":120752,"date":"2026-02-18T11:31:10","date_gmt":"2026-02-18T11:31:10","guid":{"rendered":"https:\/\/modesthanim.com\/product\/bebetto-kiz-sweatshirt-patiksiz-alt-cicek-baskili-house-of-birds-firfirli-yaka-uzun-paca-uzun-kol\/"},"modified":"2026-04-10T16:09:53","modified_gmt":"2026-04-10T16:09:53","slug":"bebetto-kiz-sweatshirt-patiksiz-alt-cicek-baskili-house-of-birds-firfirli-yaka-uzun-paca-uzun-kol","status":"publish","type":"product","link":"http:\/\/mod.wisdar.net\/tr\/urun\/bebetto-kiz-sweatshirt-patiksiz-alt-cicek-baskili-house-of-birds-firfirli-yaka-uzun-paca-uzun-kol\/","title":{"rendered":"Bebetto, K\u0131z, Sweatshirt-Patiksiz Alt, \u00c7i\u00e7ek Bask\u0131l\u0131, House Of Birds, F\u0131rf\u0131rl\u0131 Yaka, Uzun Pa\u00e7a, Uzun Kol"},"content":{"rendered":"<p>Bebetto K\u0131z Bebek House Of Birds Yenido\u011fan Sweatshirt-Patiksiz Alt Tak\u0131m, yenido\u011fandan itibaren 12. aya kadar kullan\u0131ma uygundur. F\u0131rf\u0131rl\u0131 yaka ve uzun kollu tasar\u0131m\u0131yla g\u00fcnl\u00fck kullan\u0131m i\u00e7in ideal olan bu set, patiksiz pa\u00e7a yap\u0131s\u0131yla bebe\u011finizin hareket \u00f6zg\u00fcrl\u00fc\u011f\u00fcn\u00fc destekler. Normal kal\u0131pta \u00fcretilen \u00fcr\u00fcn, %92 pamuk ve %8 elastan kar\u0131\u015f\u0131m\u0131 kuma\u015f\u0131 sayesinde yumu\u015fak, esnek ve cilt dostudur. Rahat kal\u0131b\u0131 sayesinde konforlu bir kullan\u0131m sunar.<\/p>\n<p>\u2014 Technical Details \u2014<br \/>\nTema: House Of Birds<br \/>\n\u00dcr\u00fcn Grubu: TKM-Sweatshirt-Patiksiz Alt<br \/>\nCinsiyet: K<br \/>\nTak\u0131m \/ Tekil: Tak\u0131m<br \/>\nTak\u0131m \u0130\u00e7eri\u011fi: Sweatshirt, Patiksiz Alt<br \/>\nFit: Standart<br \/>\nMalzeme T\u00fcr\u00fc: \u00d6rme<br \/>\nYaka Tipi: F\u0131rf\u0131rl\u0131 Yaka<br \/>\nGrafik Temas\u0131: \u00c7i\u00e7ek Bask\u0131l\u0131<br \/>\nMen\u015fei: T\u00fcrkiye<\/p>\n","protected":false},"excerpt":{"rendered":"<p>Bebetto K\u0131z Bebek House Of Birds Yenido\u011fan Sweatshirt-Patiksiz Alt Tak\u0131m, yenido\u011fandan itibaren 12. aya kadar kullan\u0131ma uygundur. F\u0131rf\u0131rl\u0131 yaka ve uzun kollu tasar\u0131m\u0131yla g\u00fcnl\u00fck kullan\u0131m i\u00e7in ideal olan bu set, patiksiz pa\u00e7a yap\u0131s\u0131yla bebe\u011finizin hareket \u00f6zg\u00fcrl\u00fc\u011f\u00fcn\u00fc destekler. Normal kal\u0131pta \u00fcretilen \u00fcr\u00fcn, %92 pamuk ve %8 elastan kar\u0131\u015f\u0131m\u0131 kuma\u015f\u0131 sayesinde yumu\u015fak, esnek ve cilt dostudur. Rahat [&hellip;]<\/p>\n","protected":false},"featured_media":120735,"comment_status":"open","ping_status":"closed","template":"","meta":[],"product_brand":[],"product_cat":[8703,8694,8697],"product_tag":[7425,6876],"class_list":{"0":"post-120752","1":"product","2":"type-product","3":"status-publish","4":"has-post-thumbnail","6":"product_cat-bebek-setleri","7":"product_cat-cocuklar","8":"product_cat-yenidogan-0-12-ay","9":"product_tag-pamuk-karisimi","10":"product_tag-rahat-kesim","11":"pa_brand-bebetto","12":"pa_color-somon","13":"pa_size-1-3-ay","14":"pa_size-3-6-ay","15":"pa_size-6-9-ay","16":"pa_size-9-12-ay-2","17":"pa_size-9-12-ay","19":"first","20":"outofstock","21":"shipping-taxable","22":"product-type-variable"},"_links":{"self":[{"href":"http:\/\/mod.wisdar.net\/tr\/wp-json\/wp\/v2\/product\/120752","targetHints":{"allow":["GET"]}}],"collection":[{"href":"http:\/\/mod.wisdar.net\/tr\/wp-json\/wp\/v2\/product"}],"about":[{"href":"http:\/\/mod.wisdar.net\/tr\/wp-json\/wp\/v2\/types\/product"}],"replies":[{"embeddable":true,"href":"http:\/\/mod.wisdar.net\/tr\/wp-json\/wp\/v2\/comments?post=120752"}],"wp:featuredmedia":[{"embeddable":true,"href":"http:\/\/mod.wisdar.net\/tr\/wp-json\/wp\/v2\/media\/120735"}],"wp:attachment":[{"href":"http:\/\/mod.wisdar.net\/tr\/wp-json\/wp\/v2\/media?parent=120752"}],"wp:term":[{"taxonomy":"product_brand","embeddable":true,"href":"http:\/\/mod.wisdar.net\/tr\/wp-json\/wp\/v2\/product_brand?post=120752"},{"taxonomy":"product_cat","embeddable":true,"href":"http:\/\/mod.wisdar.net\/tr\/wp-json\/wp\/v2\/product_cat?post=120752"},{"taxonomy":"product_tag","embeddable":true,"href":"http:\/\/mod.wisdar.net\/tr\/wp-json\/wp\/v2\/product_tag?post=120752"}],"curies":[{"name":"wp","href":"https:\/\/api.w.org\/{rel}","templated":true}]}}