{"id":120845,"date":"2026-02-18T11:38:01","date_gmt":"2026-02-18T11:38:01","guid":{"rendered":"https:\/\/modesthanim.com\/product\/bebetto-erkek-bebek-patikli-tulum-citcitli-baby-king-polo-yaka-uzun-paca-uzun-kol\/"},"modified":"2026-04-10T16:05:49","modified_gmt":"2026-04-10T16:05:49","slug":"bebetto-erkek-bebek-patikli-tulum-citcitli-baby-king-polo-yaka-uzun-paca-uzun-kol","status":"publish","type":"product","link":"http:\/\/mod.wisdar.net\/tr\/urun\/bebetto-erkek-bebek-patikli-tulum-citcitli-baby-king-polo-yaka-uzun-paca-uzun-kol\/","title":{"rendered":"Bebetto Erkek Bebek Patikli Tulum \u00c7\u0131t\u00e7\u0131tl\u0131 Baby King Polo Yaka Uzun Pa\u00e7a Uzun Kol"},"content":{"rendered":"<p>Bebetto Erkek Bebek Yenido\u011fan Patikli Tulum Baby King \u00c7\u0131t\u00e7\u0131tl\u0131 Polo Yaka Uzun Kol Patikli Pa\u00e7a<\/p>\n<p>Bu \u00fcr\u00fcn, polo yaka, uzun kollu ve patikli modelde olup, g\u00fcnl\u00fck kullan\u0131m i\u00e7in idealdir. Yumu\u015fak kuma\u015f dokusu ve rahat kal\u0131b\u0131 ile konfor sunar. Ana kuma\u015f\u0131 %100 pamuk olup, Fermuarl\u0131 kapanma \u00f6zelli\u011fi bulunur ve Yenido\u011fandan 9 aya kadar olan beden se\u00e7enekleri mevcuttur.<\/p>\n<p>Sitemizdeki t\u00fcm erkek bebek yenido\u011fan patikli tulum buradan ula\u015fabilirsiniz.<\/p>\n<p>Bebetto Erkek Bebek Yenido\u011fan Patikli Tulum Baby King \u00c7\u0131t\u00e7\u0131tl\u0131 Polo Yaka Uzun Kol Patikli Pa\u00e7a \u00d6zellikler:<\/p>\n<p>\u2013 \u00dcr\u00fcn Grubu: Bebek Patikli Tulum<br \/>\n\u2013 Yaka Tipi: Polo Yaka<br \/>\n\u2013 Kol Tipi: Uzun Kol<br \/>\n\u2013 Pa\u00e7a Tipi: Patikli<br \/>\n\u2013 Kal\u0131p: Normal Kal\u0131p<br \/>\n\u2013 Ana Kuma\u015f: Ana Kuma\u015f %100 Pamuk<br \/>\n\u2013 Yumu\u015fak kuma\u015f dokusu ve rahat kal\u0131ba sahiptir.<br \/>\n\u2013 30 derecede y\u0131kanabilir.<\/p>\n<p>G\u00dcVENLE G\u0130YD\u0130R\u0130N! ebebek tekstil \u00fcr\u00fcnleri bebe\u011finizin g\u00fcvenli\u011fi i\u00e7in kimyasal i\u00e7eriklere kar\u015f\u0131 test edilmi\u015ftir. Bebe\u011finiz i\u00e7in risk olu\u015fturabilecek yutulabilir k\u00fc\u00e7\u00fck par\u00e7alar ve keskin kenarl\u0131 materyaller kullan\u0131lmamaktad\u0131r. Kullan\u0131m s\u0131ras\u0131nda tehlikeli olabilecek uzunlukta ba\u011fc\u0131k ve kordonlar kullan\u0131lmamaktad\u0131r.<\/p>\n<p>\u2014 Technical Details \u2014<br \/>\nTema: Baby King<br \/>\n\u00dcr\u00fcn Grubu: PTT-Patikli Tulum<br \/>\nCinsiyet: E<br \/>\nTak\u0131m \/ Tekil: Tekil<br \/>\nFit: Standart<br \/>\nMalzeme T\u00fcr\u00fc: \u00d6rme<br \/>\nBa\u011flama Tipi: \u00c7\u0131t\u00e7\u0131tl\u0131<br \/>\nYaka Tipi: Polo Yaka<br \/>\nMen\u015fei: T\u00fcrkiye<\/p>\n","protected":false},"excerpt":{"rendered":"<p>Bebetto Erkek Bebek Yenido\u011fan Patikli Tulum Baby King \u00c7\u0131t\u00e7\u0131tl\u0131 Polo Yaka Uzun Kol Patikli Pa\u00e7a Bu \u00fcr\u00fcn, polo yaka, uzun kollu ve patikli modelde olup, g\u00fcnl\u00fck kullan\u0131m i\u00e7in idealdir. Yumu\u015fak kuma\u015f dokusu ve rahat kal\u0131b\u0131 ile konfor sunar. Ana kuma\u015f\u0131 %100 pamuk olup, Fermuarl\u0131 kapanma \u00f6zelli\u011fi bulunur ve Yenido\u011fandan 9 aya kadar olan beden se\u00e7enekleri [&hellip;]<\/p>\n","protected":false},"featured_media":120838,"comment_status":"open","ping_status":"closed","template":"","meta":[],"product_brand":[],"product_cat":[8709,8694,8706,8697],"product_tag":[7913,7488],"class_list":{"0":"post-120845","1":"product","2":"type-product","3":"status-publish","4":"has-post-thumbnail","6":"product_cat-bodyler-tulumlar","7":"product_cat-cocuklar","8":"product_cat-tulum","9":"product_cat-yenidogan-0-12-ay","10":"product_tag-bogazli","11":"product_tag-pamuk","12":"pa_brand-bebetto","13":"pa_color-bej","14":"pa_size-0-1-ay","15":"pa_size-1-3-ay","16":"pa_size-3-6-ay","17":"pa_size-6-9-ay","19":"first","20":"outofstock","21":"shipping-taxable","22":"product-type-variable"},"_links":{"self":[{"href":"http:\/\/mod.wisdar.net\/tr\/wp-json\/wp\/v2\/product\/120845","targetHints":{"allow":["GET"]}}],"collection":[{"href":"http:\/\/mod.wisdar.net\/tr\/wp-json\/wp\/v2\/product"}],"about":[{"href":"http:\/\/mod.wisdar.net\/tr\/wp-json\/wp\/v2\/types\/product"}],"replies":[{"embeddable":true,"href":"http:\/\/mod.wisdar.net\/tr\/wp-json\/wp\/v2\/comments?post=120845"}],"wp:featuredmedia":[{"embeddable":true,"href":"http:\/\/mod.wisdar.net\/tr\/wp-json\/wp\/v2\/media\/120838"}],"wp:attachment":[{"href":"http:\/\/mod.wisdar.net\/tr\/wp-json\/wp\/v2\/media?parent=120845"}],"wp:term":[{"taxonomy":"product_brand","embeddable":true,"href":"http:\/\/mod.wisdar.net\/tr\/wp-json\/wp\/v2\/product_brand?post=120845"},{"taxonomy":"product_cat","embeddable":true,"href":"http:\/\/mod.wisdar.net\/tr\/wp-json\/wp\/v2\/product_cat?post=120845"},{"taxonomy":"product_tag","embeddable":true,"href":"http:\/\/mod.wisdar.net\/tr\/wp-json\/wp\/v2\/product_tag?post=120845"}],"curies":[{"name":"wp","href":"https:\/\/api.w.org\/{rel}","templated":true}]}}