{"id":120922,"date":"2026-02-18T11:39:56","date_gmt":"2026-02-18T11:39:56","guid":{"rendered":"https:\/\/modesthanim.com\/product\/bebetto-erkek-tshirt-patiksiz-alt-marin-baskili-citcitli-palm-in-the-sea-bisiklet-yaka-uzun-paca-kisa-kol\/"},"modified":"2026-04-10T16:15:06","modified_gmt":"2026-04-10T16:15:06","slug":"bebetto-erkek-tshirt-patiksiz-alt-marin-baskili-citcitli-palm-in-the-sea-bisiklet-yaka-uzun-paca-kisa-kol","status":"publish","type":"product","link":"http:\/\/mod.wisdar.net\/tr\/urun\/bebetto-erkek-tshirt-patiksiz-alt-marin-baskili-citcitli-palm-in-the-sea-bisiklet-yaka-uzun-paca-kisa-kol\/","title":{"rendered":"Bebetto, Erkek, Tshirt-Patiksiz Alt, Marin Bask\u0131l\u0131, \u00c7\u0131t\u00e7\u0131tl\u0131, Palm in the Sea, Bisiklet Yaka, Uzun Pa\u00e7a, K\u0131sa Kol"},"content":{"rendered":"<p>Bebetto erkek bebek ti\u015f\u00f6rt ve patiksiz alt tak\u0131m\u0131, %100 pamuk kuma\u015f\u0131 sayesinde yumu\u015fak ve nefes alabilen bir kullan\u0131m sunar. Marin bask\u0131l\u0131 \u201cPalm in the Sea\u201d tasar\u0131ma sahip bisiklet yaka ti\u015f\u00f6rt, k\u0131sa kol ve \u00e7\u0131t\u00e7\u0131tl\u0131 yap\u0131s\u0131 ile pratiklik sa\u011flarken, uzun pa\u00e7a patiksiz alt g\u00fcn boyu konfor sunar. G\u00fcnl\u00fck kullan\u0131m i\u00e7in ideal olan bu bebek tak\u0131m\u0131, rahatl\u0131\u011f\u0131 ve \u015f\u0131k g\u00f6r\u00fcn\u00fcm\u00fc bir arada sunar. Yumu\u015fak kuma\u015f dokusu ve rahat kal\u0131ba sahiptir. 30 derecede y\u0131kanabilir.<\/p>\n<p>\u2014 Technical Details \u2014<br \/>\nTema: Palm in the Sea<br \/>\n\u00dcr\u00fcn Grubu: Yenido\u011fan Tak\u0131m<br \/>\nCinsiyet: E<br \/>\nTak\u0131m \/ Tekil: Tak\u0131m<br \/>\nTak\u0131m \u0130\u00e7eri\u011fi: Tshirt, Patiksiz Alt<br \/>\nFit: Standart<br \/>\nMalzeme T\u00fcr\u00fc: \u00d6rme<br \/>\nBa\u011flama Tipi: \u00c7\u0131t\u00e7\u0131tl\u0131<br \/>\nYaka Tipi: Bisiklet Yaka<br \/>\nGrafik Temas\u0131: Marin Bask\u0131l\u0131<br \/>\nMen\u015fei: T\u00fcrkiye<br \/>\nGrafik Detay: 3D<br \/>\nKol Tipi: K\u0131sa Kol<br \/>\nPa\u00e7a Tipi: Patiksiz<br \/>\nKuma\u015f Tipi: Pamuklu<br \/>\nKullan\u0131m Tipi: G\u00fcnl\u00fck Kullan\u0131m<br \/>\nKal\u0131p: Normal Kal\u0131p<\/p>\n","protected":false},"excerpt":{"rendered":"<p>Bebetto erkek bebek ti\u015f\u00f6rt ve patiksiz alt tak\u0131m\u0131, %100 pamuk kuma\u015f\u0131 sayesinde yumu\u015fak ve nefes alabilen bir kullan\u0131m sunar. Marin bask\u0131l\u0131 \u201cPalm in the Sea\u201d tasar\u0131ma sahip bisiklet yaka ti\u015f\u00f6rt, k\u0131sa kol ve \u00e7\u0131t\u00e7\u0131tl\u0131 yap\u0131s\u0131 ile pratiklik sa\u011flarken, uzun pa\u00e7a patiksiz alt g\u00fcn boyu konfor sunar. G\u00fcnl\u00fck kullan\u0131m i\u00e7in ideal olan bu bebek tak\u0131m\u0131, rahatl\u0131\u011f\u0131 [&hellip;]<\/p>\n","protected":false},"featured_media":120915,"comment_status":"open","ping_status":"closed","template":"","meta":[],"product_brand":[],"product_cat":[8703,8694,8697],"product_tag":[7244,7354],"class_list":{"0":"post-120922","1":"product","2":"type-product","3":"status-publish","4":"has-post-thumbnail","6":"product_cat-bebek-setleri","7":"product_cat-cocuklar","8":"product_cat-yenidogan-0-12-ay","9":"product_tag-citcit-kapama","10":"product_tag-gunluk-giyim-2","11":"pa_brand-bebetto","12":"pa_color-petrol","13":"pa_size-1-3-ay","14":"pa_size-3-6-ay","15":"pa_size-6-9-ay","16":"pa_size-9-12-ay-2","17":"pa_size-9-12-ay","19":"first","20":"outofstock","21":"shipping-taxable","22":"product-type-variable"},"_links":{"self":[{"href":"http:\/\/mod.wisdar.net\/tr\/wp-json\/wp\/v2\/product\/120922","targetHints":{"allow":["GET"]}}],"collection":[{"href":"http:\/\/mod.wisdar.net\/tr\/wp-json\/wp\/v2\/product"}],"about":[{"href":"http:\/\/mod.wisdar.net\/tr\/wp-json\/wp\/v2\/types\/product"}],"replies":[{"embeddable":true,"href":"http:\/\/mod.wisdar.net\/tr\/wp-json\/wp\/v2\/comments?post=120922"}],"wp:featuredmedia":[{"embeddable":true,"href":"http:\/\/mod.wisdar.net\/tr\/wp-json\/wp\/v2\/media\/120915"}],"wp:attachment":[{"href":"http:\/\/mod.wisdar.net\/tr\/wp-json\/wp\/v2\/media?parent=120922"}],"wp:term":[{"taxonomy":"product_brand","embeddable":true,"href":"http:\/\/mod.wisdar.net\/tr\/wp-json\/wp\/v2\/product_brand?post=120922"},{"taxonomy":"product_cat","embeddable":true,"href":"http:\/\/mod.wisdar.net\/tr\/wp-json\/wp\/v2\/product_cat?post=120922"},{"taxonomy":"product_tag","embeddable":true,"href":"http:\/\/mod.wisdar.net\/tr\/wp-json\/wp\/v2\/product_tag?post=120922"}],"curies":[{"name":"wp","href":"https:\/\/api.w.org\/{rel}","templated":true}]}}