{"id":120969,"date":"2026-02-18T11:42:09","date_gmt":"2026-02-18T11:42:09","guid":{"rendered":"https:\/\/modesthanim.com\/product\/bebetto-kiz-5li-aski-hastane-cikisi-citcitli-ceremony-firfirli-yaka-uzun-paca-uzun-kol\/"},"modified":"2026-04-10T16:16:01","modified_gmt":"2026-04-10T16:16:01","slug":"bebetto-kiz-5li-aski-hastane-cikisi-citcitli-ceremony-firfirli-yaka-uzun-paca-uzun-kol","status":"publish","type":"product","link":"http:\/\/mod.wisdar.net\/tr\/urun\/bebetto-kiz-5li-aski-hastane-cikisi-citcitli-ceremony-firfirli-yaka-uzun-paca-uzun-kol\/","title":{"rendered":"Bebetto, K\u0131z, 5li Ask\u0131 Hastane \u00c7\u0131k\u0131\u015f\u0131, \u00c7\u0131t\u00e7\u0131tl\u0131, Ceremony, F\u0131rf\u0131rl\u0131 Yaka, Uzun Pa\u00e7a, Uzun Kol"},"content":{"rendered":"<p>Bebetto K\u0131z Bebek Yenido\u011fan Ceremony 5\u2019li Ask\u0131l\u0131 Hastane \u00c7\u0131k\u0131\u015f\u0131 Seti, yenido\u011fan d\u00f6neminden itibaren kullan\u0131ma uygundur. F\u0131rf\u0131rl\u0131 yaka ve uzun kollu tasar\u0131m\u0131yla bebe\u011finizi tam anlam\u0131yla sararken, patikli pa\u00e7a yap\u0131s\u0131 minik ayaklar\u0131n\u0131 s\u0131cak tutar. G\u00fcnl\u00fck kullan\u0131m i\u00e7in ideal olan bu set, normal kal\u0131pta tasarlanm\u0131\u015ft\u0131r. %100 pamuk interlok kuma\u015ftan \u00fcretilmi\u015f olup yumu\u015fak dokusu sayesinde bebe\u011finizin hassas cildiyle uyumludur. Rahat kal\u0131b\u0131 ile konfor sa\u011flar.<\/p>\n<p>Sitemizdeki t\u00fcm bebek hastane \u00e7\u0131k\u0131\u015f\u0131 buradan ula\u015fabilirsiniz.<\/p>\n<p>Bebetto K\u0131z Bebek Yenido\u011fan Ceremony 5li Ask\u0131 Hastane \u00c7\u0131k\u0131\u015f\u0131 \u0130nterlok F\u0131rf\u0131rl\u0131 Yaka Uzun Kol Patikli \u00d6zellikler:<br \/>\n\u2013 \u00dcr\u00fcn Grubu: Bebek 5&#8217;li Yenido\u011fan Hastane \u00c7\u0131k\u0131\u015f<br \/>\n\u2013 Yaka Tipi: F\u0131rf\u0131rl\u0131 Yaka<br \/>\n\u2013 Kol Tipi: Uzun Kol<br \/>\n\u2013 Pa\u00e7a Tipi: Patikli<br \/>\n\u2013 Kullan\u0131m Tipi: G\u00fcnl\u00fck Kullan\u0131m<br \/>\n\u2013 Kal\u0131p: Normal Kal\u0131p<br \/>\n\u2013 Kuma\u015f: %100 Pamuk<br \/>\n\u2013 Yumu\u015fak kuma\u015f dokusu ve rahat kal\u0131ba sahiptir.<br \/>\n\u2013 30 derecede y\u0131kanabilir.<\/p>\n<p>\u2014 Technical Details \u2014<br \/>\nTema: Ceremony<br \/>\n\u00dcr\u00fcn Grubu: SET-5li Ask\u0131 Hastane \u00c7\u0131k\u0131\u015f\u0131<br \/>\nCinsiyet: K<br \/>\nTak\u0131m \/ Tekil: Set<br \/>\nTak\u0131m \u0130\u00e7eri\u011fi: Eldiven, \u015eapka, Z\u0131b\u0131n, Patikli Alt, Yaka \u00d6nl\u00fc\u011f\u00fc<br \/>\nFit: Standart<br \/>\nMalzeme T\u00fcr\u00fc: \u00d6rme<br \/>\nBa\u011flama Tipi: \u00c7\u0131t\u00e7\u0131tl\u0131<br \/>\nYaka Tipi: F\u0131rf\u0131rl\u0131 Yaka<br \/>\nMen\u015fei: T\u00fcrkiye<br \/>\nGrafik Detay: Nak\u0131\u015f<\/p>\n","protected":false},"excerpt":{"rendered":"<p>Bebetto K\u0131z Bebek Yenido\u011fan Ceremony 5\u2019li Ask\u0131l\u0131 Hastane \u00c7\u0131k\u0131\u015f\u0131 Seti, yenido\u011fan d\u00f6neminden itibaren kullan\u0131ma uygundur. F\u0131rf\u0131rl\u0131 yaka ve uzun kollu tasar\u0131m\u0131yla bebe\u011finizi tam anlam\u0131yla sararken, patikli pa\u00e7a yap\u0131s\u0131 minik ayaklar\u0131n\u0131 s\u0131cak tutar. G\u00fcnl\u00fck kullan\u0131m i\u00e7in ideal olan bu set, normal kal\u0131pta tasarlanm\u0131\u015ft\u0131r. %100 pamuk interlok kuma\u015ftan \u00fcretilmi\u015f olup yumu\u015fak dokusu sayesinde bebe\u011finizin hassas cildiyle uyumludur. [&hellip;]<\/p>\n","protected":false},"featured_media":120961,"comment_status":"open","ping_status":"closed","template":"","meta":[],"product_brand":[],"product_cat":[8703,8694,8697],"product_tag":[7244],"class_list":{"0":"post-120969","1":"product","2":"type-product","3":"status-publish","4":"has-post-thumbnail","6":"product_cat-bebek-setleri","7":"product_cat-cocuklar","8":"product_cat-yenidogan-0-12-ay","9":"product_tag-citcit-kapama","10":"pa_brand-bebetto","11":"pa_color-ekru","12":"pa_size-yenidogan","14":"first","15":"outofstock","16":"shipping-taxable","17":"product-type-variable"},"_links":{"self":[{"href":"http:\/\/mod.wisdar.net\/tr\/wp-json\/wp\/v2\/product\/120969","targetHints":{"allow":["GET"]}}],"collection":[{"href":"http:\/\/mod.wisdar.net\/tr\/wp-json\/wp\/v2\/product"}],"about":[{"href":"http:\/\/mod.wisdar.net\/tr\/wp-json\/wp\/v2\/types\/product"}],"replies":[{"embeddable":true,"href":"http:\/\/mod.wisdar.net\/tr\/wp-json\/wp\/v2\/comments?post=120969"}],"wp:featuredmedia":[{"embeddable":true,"href":"http:\/\/mod.wisdar.net\/tr\/wp-json\/wp\/v2\/media\/120961"}],"wp:attachment":[{"href":"http:\/\/mod.wisdar.net\/tr\/wp-json\/wp\/v2\/media?parent=120969"}],"wp:term":[{"taxonomy":"product_brand","embeddable":true,"href":"http:\/\/mod.wisdar.net\/tr\/wp-json\/wp\/v2\/product_brand?post=120969"},{"taxonomy":"product_cat","embeddable":true,"href":"http:\/\/mod.wisdar.net\/tr\/wp-json\/wp\/v2\/product_cat?post=120969"},{"taxonomy":"product_tag","embeddable":true,"href":"http:\/\/mod.wisdar.net\/tr\/wp-json\/wp\/v2\/product_tag?post=120969"}],"curies":[{"name":"wp","href":"https:\/\/api.w.org\/{rel}","templated":true}]}}