{"id":121004,"date":"2026-02-18T11:43:15","date_gmt":"2026-02-18T11:43:15","guid":{"rendered":"https:\/\/modesthanim.com\/product\/yenidogan-unisex-bebek-kisa-tulum-interlok-organic-sleepy-cat-indigo\/"},"modified":"2026-04-10T16:37:53","modified_gmt":"2026-04-10T16:37:53","slug":"yenidogan-unisex-bebek-kisa-tulum-interlok-organic-sleepy-cat-indigo","status":"publish","type":"product","link":"http:\/\/mod.wisdar.net\/tr\/urun\/yenidogan-unisex-bebek-kisa-tulum-interlok-organic-sleepy-cat-indigo\/","title":{"rendered":"Yenido\u011fan Unisex Bebek K\u0131sa Tulum \u0130nterlok Organic Sleepy Cat \u0130ndigo"},"content":{"rendered":"<p>Bebetto Yenido\u011fan Organic, \u0130ndigo, 6 Ay<\/p>\n<p>\u00dcr\u00fcn Grubu: Patiksiz Tulum<br \/>\nPa\u00e7a Tipi: Patiksiz<br \/>\nKullan\u0131m Tipi: G\u00fcnl\u00fck Kullan\u0131m<br \/>\nKal\u0131p: Normal Kal\u0131p<br \/>\nKuma\u015f: %100 Pamuk<br \/>\nYumu\u015fak kuma\u015f dokusu ve rahat kal\u0131ba sahiptir.<br \/>\n30 derecede y\u0131kanabilir.<\/p>\n<p>G\u00dcVENLE G\u0130YD\u0130R\u0130N! ebebek tekstil \u00fcr\u00fcnleri bebe\u011finizin g\u00fcvenli\u011fi i\u00e7in kimyasal i\u00e7eriklere kar\u015f\u0131 test edilmi\u015ftir. Bebe\u011finiz i\u00e7in risk olu\u015fturabilecek yutulabilir k\u00fc\u00e7\u00fck par\u00e7alar ve keskin kenarl\u0131 materyaller kullan\u0131lmamaktad\u0131r. Kullan\u0131m s\u0131ras\u0131nda tehlikeli olabilecek uzunlukta ba\u011fc\u0131k ve kordonlar kullan\u0131lmamaktad\u0131r.<\/p>\n<p>\u00dcr\u00fcn \u00d6zellikleri<br \/>\nTema: Organic Sleepy Cat<br \/>\n\u00dcr\u00fcn Grubu: TLM-K\u0131sa Tulum<br \/>\nCinsiyet: U<br \/>\nMalzeme T\u00fcr\u00fc: \u00d6rme<br \/>\nMen\u015fei: T\u00fcrkiye<\/p>\n<p>\u2014 Technical Details \u2014<br \/>\npattern: Yenido\u011fan Tulum<br \/>\ntheme: Organic Sleepy Cat<br \/>\nproduct_group: TLM-K\u0131sa Tulum<br \/>\ngender: U<br \/>\nmaterial_type: \u00d6rme<br \/>\norigin: T\u00fcrkiye<\/p>\n","protected":false},"excerpt":{"rendered":"<p>Bebetto Yenido\u011fan Organic, \u0130ndigo, 6 Ay \u00dcr\u00fcn Grubu: Patiksiz Tulum Pa\u00e7a Tipi: Patiksiz Kullan\u0131m Tipi: G\u00fcnl\u00fck Kullan\u0131m Kal\u0131p: Normal Kal\u0131p Kuma\u015f: %100 Pamuk Yumu\u015fak kuma\u015f dokusu ve rahat kal\u0131ba sahiptir. 30 derecede y\u0131kanabilir. G\u00dcVENLE G\u0130YD\u0130R\u0130N! ebebek tekstil \u00fcr\u00fcnleri bebe\u011finizin g\u00fcvenli\u011fi i\u00e7in kimyasal i\u00e7eriklere kar\u015f\u0131 test edilmi\u015ftir. Bebe\u011finiz i\u00e7in risk olu\u015fturabilecek yutulabilir k\u00fc\u00e7\u00fck par\u00e7alar ve keskin [&hellip;]<\/p>\n","protected":false},"featured_media":120997,"comment_status":"open","ping_status":"closed","template":"","meta":[],"product_brand":[],"product_cat":[8694,8706,8697],"product_tag":[7354,4998,7488,6751],"class_list":{"0":"post-121004","1":"product","2":"type-product","3":"status-publish","4":"has-post-thumbnail","6":"product_cat-cocuklar","7":"product_cat-tulum","8":"product_cat-yenidogan-0-12-ay","9":"product_tag-gunluk-giyim-2","10":"product_tag-indigo","11":"product_tag-pamuk","12":"product_tag-rahat","13":"pa_brand-bebetto","14":"pa_color-indigo","15":"pa_size-1-yas","16":"pa_size-3-ay","17":"pa_size-6-ay","18":"pa_size-9-ay","20":"first","21":"outofstock","22":"shipping-taxable","23":"product-type-variable"},"_links":{"self":[{"href":"http:\/\/mod.wisdar.net\/tr\/wp-json\/wp\/v2\/product\/121004","targetHints":{"allow":["GET"]}}],"collection":[{"href":"http:\/\/mod.wisdar.net\/tr\/wp-json\/wp\/v2\/product"}],"about":[{"href":"http:\/\/mod.wisdar.net\/tr\/wp-json\/wp\/v2\/types\/product"}],"replies":[{"embeddable":true,"href":"http:\/\/mod.wisdar.net\/tr\/wp-json\/wp\/v2\/comments?post=121004"}],"wp:featuredmedia":[{"embeddable":true,"href":"http:\/\/mod.wisdar.net\/tr\/wp-json\/wp\/v2\/media\/120997"}],"wp:attachment":[{"href":"http:\/\/mod.wisdar.net\/tr\/wp-json\/wp\/v2\/media?parent=121004"}],"wp:term":[{"taxonomy":"product_brand","embeddable":true,"href":"http:\/\/mod.wisdar.net\/tr\/wp-json\/wp\/v2\/product_brand?post=121004"},{"taxonomy":"product_cat","embeddable":true,"href":"http:\/\/mod.wisdar.net\/tr\/wp-json\/wp\/v2\/product_cat?post=121004"},{"taxonomy":"product_tag","embeddable":true,"href":"http:\/\/mod.wisdar.net\/tr\/wp-json\/wp\/v2\/product_tag?post=121004"}],"curies":[{"name":"wp","href":"https:\/\/api.w.org\/{rel}","templated":true}]}}