{"id":121143,"date":"2026-02-18T11:49:08","date_gmt":"2026-02-18T11:49:08","guid":{"rendered":"https:\/\/modesthanim.com\/product\/bebetto-erkek-tshirt-patiksiz-alt-hayvan-baskili-baby-carrot-bisiklet-yaka-uzun-paca-kisa-kol\/"},"modified":"2026-04-10T16:15:21","modified_gmt":"2026-04-10T16:15:21","slug":"bebetto-erkek-tshirt-patiksiz-alt-hayvan-baskili-baby-carrot-bisiklet-yaka-uzun-paca-kisa-kol","status":"publish","type":"product","link":"http:\/\/mod.wisdar.net\/tr\/urun\/bebetto-erkek-tshirt-patiksiz-alt-hayvan-baskili-baby-carrot-bisiklet-yaka-uzun-paca-kisa-kol\/","title":{"rendered":"Bebetto, Erkek, Tshirt-Patiksiz Alt, Hayvan Bask\u0131l\u0131, Baby Carrot, Bisiklet Yaka, Uzun Pa\u00e7a, K\u0131sa Kol"},"content":{"rendered":"<p>Bebetto&#8217;nun \u201cBaby Carrot\u201d temal\u0131 erkek bebek ti\u015f\u00f6rt ve patiksiz alt tak\u0131m\u0131, bisiklet yaka ve k\u0131sa kollu \u00fcst par\u00e7as\u0131 ile yaz aylar\u0131nda serinlik sa\u011flarken, uzun pa\u00e7al\u0131 alt tasar\u0131m\u0131yla g\u00fcnl\u00fck konfor sunar. %100 pamuk kuma\u015ftan \u00fcretilen model, yumu\u015fak dokusu ve nefes alabilir yap\u0131s\u0131yla bebek cildine uyum sa\u011flar. Normal kal\u0131ba sahip bu tak\u0131m, 1. aydan 12. aya kadar beden se\u00e7enekleriyle bebeveynlerin tercihine sunulmaktad\u0131r.<\/p>\n<p>Sitemizdeki t\u00fcm \u00e7o\u00e7uk ti\u015f\u00f6rtlerine buradan ula\u015fabilirsiniz.<\/p>\n<p>Bebetto Erkek Bebek Tshirt-Patiksiz Alt Hayvan Bask\u0131l\u0131 Baby Carrot Bisiklet Yaka Uzun Pa\u00e7a K\u0131sa Kol \u00d6zellikler:<\/p>\n<p>\u2013 \u00dcr\u00fcn Grubu: Bebek Tshirt Patiksiz Alt<br \/>\n\u2013 Yaka Tipi : Bisiklet Yaka<br \/>\n\u2013 Kol Tipi : K\u0131sa Kol<br \/>\n\u2013 Pa\u00e7a Tipi : Patiksiz<br \/>\n\u2013 Kullan\u0131m Tipi: G\u00fcnl\u00fck Kullan\u0131m<br \/>\n\u2013 Kal\u0131p: Normal Kal\u0131p<br \/>\n\u2013 Kuma\u015f: %100 Pamuk<br \/>\n\u2013 Yumu\u015fak kuma\u015f dokusu ve rahat kal\u0131ba sahiptir.<\/p>\n<p>\u2014 Technical Details \u2014<br \/>\nTema: Baby Carrot<br \/>\n\u00dcr\u00fcn Grubu: TKM-Tshirt-Patiksiz Alt<br \/>\nCinsiyet: E<br \/>\nTak\u0131m \/ Tekil: Tak\u0131m<br \/>\nTak\u0131m \u0130\u00e7eri\u011fi: Tshirt, Patiksiz Alt<br \/>\nFit: Standart<br \/>\nMalzeme T\u00fcr\u00fc: \u00d6rme<br \/>\nYaka Tipi: Bisiklet Yaka<br \/>\nGrafik Temas\u0131: Hayvan Bask\u0131l\u0131<br \/>\nMen\u015fei: T\u00fcrkiye<br \/>\nGrafik Detay: Nak\u0131\u015f<\/p>\n","protected":false},"excerpt":{"rendered":"<p>Bebetto&#8217;nun \u201cBaby Carrot\u201d temal\u0131 erkek bebek ti\u015f\u00f6rt ve patiksiz alt tak\u0131m\u0131, bisiklet yaka ve k\u0131sa kollu \u00fcst par\u00e7as\u0131 ile yaz aylar\u0131nda serinlik sa\u011flarken, uzun pa\u00e7al\u0131 alt tasar\u0131m\u0131yla g\u00fcnl\u00fck konfor sunar. %100 pamuk kuma\u015ftan \u00fcretilen model, yumu\u015fak dokusu ve nefes alabilir yap\u0131s\u0131yla bebek cildine uyum sa\u011flar. Normal kal\u0131ba sahip bu tak\u0131m, 1. aydan 12. aya kadar [&hellip;]<\/p>\n","protected":false},"featured_media":121136,"comment_status":"open","ping_status":"closed","template":"","meta":[],"product_brand":[],"product_cat":[8703,8694,8697],"product_tag":[8110,7354],"class_list":{"0":"post-121143","1":"product","2":"type-product","3":"status-publish","4":"has-post-thumbnail","6":"product_cat-bebek-setleri","7":"product_cat-cocuklar","8":"product_cat-yenidogan-0-12-ay","9":"product_tag-bisiklet-yaka-2","10":"product_tag-gunluk-giyim-2","11":"pa_brand-bebetto","12":"pa_color-kahverengi","13":"pa_size-1-3-ay","14":"pa_size-3-6-ay","15":"pa_size-6-9-ay","16":"pa_size-9-12-ay-2","17":"pa_size-9-12-ay","19":"first","20":"outofstock","21":"shipping-taxable","22":"product-type-variable"},"_links":{"self":[{"href":"http:\/\/mod.wisdar.net\/tr\/wp-json\/wp\/v2\/product\/121143","targetHints":{"allow":["GET"]}}],"collection":[{"href":"http:\/\/mod.wisdar.net\/tr\/wp-json\/wp\/v2\/product"}],"about":[{"href":"http:\/\/mod.wisdar.net\/tr\/wp-json\/wp\/v2\/types\/product"}],"replies":[{"embeddable":true,"href":"http:\/\/mod.wisdar.net\/tr\/wp-json\/wp\/v2\/comments?post=121143"}],"wp:featuredmedia":[{"embeddable":true,"href":"http:\/\/mod.wisdar.net\/tr\/wp-json\/wp\/v2\/media\/121136"}],"wp:attachment":[{"href":"http:\/\/mod.wisdar.net\/tr\/wp-json\/wp\/v2\/media?parent=121143"}],"wp:term":[{"taxonomy":"product_brand","embeddable":true,"href":"http:\/\/mod.wisdar.net\/tr\/wp-json\/wp\/v2\/product_brand?post=121143"},{"taxonomy":"product_cat","embeddable":true,"href":"http:\/\/mod.wisdar.net\/tr\/wp-json\/wp\/v2\/product_cat?post=121143"},{"taxonomy":"product_tag","embeddable":true,"href":"http:\/\/mod.wisdar.net\/tr\/wp-json\/wp\/v2\/product_tag?post=121143"}],"curies":[{"name":"wp","href":"https:\/\/api.w.org\/{rel}","templated":true}]}}