{"id":121183,"date":"2026-02-18T11:50:04","date_gmt":"2026-02-18T11:50:04","guid":{"rendered":"https:\/\/modesthanim.com\/product\/bebetto-erkek-patikli-tulum-hayvan-baskili-citcitli-baby-carrot-bisiklet-yaka-uzun-paca-uzun-kol\/"},"modified":"2026-04-10T16:37:55","modified_gmt":"2026-04-10T16:37:55","slug":"bebetto-erkek-patikli-tulum-hayvan-baskili-citcitli-baby-carrot-bisiklet-yaka-uzun-paca-uzun-kol","status":"publish","type":"product","link":"http:\/\/mod.wisdar.net\/tr\/urun\/bebetto-erkek-patikli-tulum-hayvan-baskili-citcitli-baby-carrot-bisiklet-yaka-uzun-paca-uzun-kol\/","title":{"rendered":"Bebetto, Erkek, Patikli Tulum, Hayvan Bask\u0131l\u0131, \u00c7\u0131t\u00e7\u0131tl\u0131, Baby Carrot, Bisiklet Yaka, Uzun Pa\u00e7a, Uzun Kol"},"content":{"rendered":"<p>Bebetto Baby Carrot erkek bebek yenido\u011fan patikli tulum, bisiklet yaka ve uzun kollu tasar\u0131m\u0131yla g\u00fcnl\u00fck kullan\u0131m i\u00e7in idealdir. Patikli pa\u00e7alar\u0131yla ekstra konfor sunan bu model, %100 pamuktan \u00fcretilmi\u015ftir ve yumu\u015fak dokusu sayesinde bebe\u011fin hassas cildine uyum sa\u011flar. Normal kal\u0131pta \u00fcretilmi\u015f olup 9. aya kadar beden se\u00e7enekleri mevcuttur. \u00c7\u0131t\u00e7\u0131tl\u0131 yap\u0131s\u0131 ise kolay giydirilip \u00e7\u0131kar\u0131lmas\u0131n\u0131 sa\u011flar.<\/p>\n<p>\u2014 Technical Details \u2014<br \/>\nTema: Baby Carrot<br \/>\n\u00dcr\u00fcn Grubu: PTT-Patikli Tulum<br \/>\nCinsiyet: E<br \/>\nTak\u0131m \/ Tekil: Tekil<br \/>\nFit: Standart<br \/>\nMalzeme T\u00fcr\u00fc: \u00d6rme<br \/>\nBa\u011flama Tipi: \u00c7\u0131t\u00e7\u0131tl\u0131<br \/>\nYaka Tipi: Bisiklet Yaka<br \/>\nGrafik Temas\u0131: Hayvan Bask\u0131l\u0131<br \/>\nMen\u015fei: T\u00fcrkiye<br \/>\nGrafik Detay: Bask\u0131<\/p>\n","protected":false},"excerpt":{"rendered":"<p>Bebetto Baby Carrot erkek bebek yenido\u011fan patikli tulum, bisiklet yaka ve uzun kollu tasar\u0131m\u0131yla g\u00fcnl\u00fck kullan\u0131m i\u00e7in idealdir. Patikli pa\u00e7alar\u0131yla ekstra konfor sunan bu model, %100 pamuktan \u00fcretilmi\u015ftir ve yumu\u015fak dokusu sayesinde bebe\u011fin hassas cildine uyum sa\u011flar. Normal kal\u0131pta \u00fcretilmi\u015f olup 9. aya kadar beden se\u00e7enekleri mevcuttur. \u00c7\u0131t\u00e7\u0131tl\u0131 yap\u0131s\u0131 ise kolay giydirilip \u00e7\u0131kar\u0131lmas\u0131n\u0131 sa\u011flar. \u2014 [&hellip;]<\/p>\n","protected":false},"featured_media":121176,"comment_status":"open","ping_status":"closed","template":"","meta":[],"product_brand":[],"product_cat":[8694,8706,8697],"product_tag":[8110,7244,7488,6768],"class_list":{"0":"post-121183","1":"product","2":"type-product","3":"status-publish","4":"has-post-thumbnail","6":"product_cat-cocuklar","7":"product_cat-tulum","8":"product_cat-yenidogan-0-12-ay","9":"product_tag-bisiklet-yaka-2","10":"product_tag-citcit-kapama","11":"product_tag-pamuk","12":"product_tag-uzun-kol","13":"pa_brand-bebetto","14":"pa_color-ekru","15":"pa_size-0-1-ay","16":"pa_size-1-3-ay","17":"pa_size-3-6-ay","18":"pa_size-6-9-ay","20":"first","21":"outofstock","22":"shipping-taxable","23":"product-type-variable"},"_links":{"self":[{"href":"http:\/\/mod.wisdar.net\/tr\/wp-json\/wp\/v2\/product\/121183","targetHints":{"allow":["GET"]}}],"collection":[{"href":"http:\/\/mod.wisdar.net\/tr\/wp-json\/wp\/v2\/product"}],"about":[{"href":"http:\/\/mod.wisdar.net\/tr\/wp-json\/wp\/v2\/types\/product"}],"replies":[{"embeddable":true,"href":"http:\/\/mod.wisdar.net\/tr\/wp-json\/wp\/v2\/comments?post=121183"}],"wp:featuredmedia":[{"embeddable":true,"href":"http:\/\/mod.wisdar.net\/tr\/wp-json\/wp\/v2\/media\/121176"}],"wp:attachment":[{"href":"http:\/\/mod.wisdar.net\/tr\/wp-json\/wp\/v2\/media?parent=121183"}],"wp:term":[{"taxonomy":"product_brand","embeddable":true,"href":"http:\/\/mod.wisdar.net\/tr\/wp-json\/wp\/v2\/product_brand?post=121183"},{"taxonomy":"product_cat","embeddable":true,"href":"http:\/\/mod.wisdar.net\/tr\/wp-json\/wp\/v2\/product_cat?post=121183"},{"taxonomy":"product_tag","embeddable":true,"href":"http:\/\/mod.wisdar.net\/tr\/wp-json\/wp\/v2\/product_tag?post=121183"}],"curies":[{"name":"wp","href":"https:\/\/api.w.org\/{rel}","templated":true}]}}