{"id":121251,"date":"2026-02-18T11:51:11","date_gmt":"2026-02-18T11:51:11","guid":{"rendered":"https:\/\/modesthanim.com\/product\/bebetto-erkek-bebek-patiksiz-tulum-favorite-dino\/"},"modified":"2026-04-15T21:44:01","modified_gmt":"2026-04-15T21:44:01","slug":"bebetto-erkek-bebek-patiksiz-tulum-favorite-dino","status":"publish","type":"product","link":"http:\/\/mod.wisdar.net\/tr\/urun\/bebetto-erkek-bebek-patiksiz-tulum-favorite-dino\/","title":{"rendered":"Bebetto Erkek Bebek Patiksiz Tulum Favorite Dino"},"content":{"rendered":"<p>Bebetto Yenido\u011fan Erkek Bebek Patiksiz Tulum Kapitone Favorite Dino Gri<\/p>\n<p>Bu erkek bebek tulumu, %80 pamuk kuma\u015ftan \u00fcretilmi\u015ftir. Pamuk kuma\u015f olmas\u0131 sebebiyle hem sa\u011fl\u0131kl\u0131 hem de rahat bir kullan\u0131ma sahiptir. Yumu\u015fakl\u0131\u011f\u0131, nefes alan kuma\u015f\u0131 ve kolay giyilmesi ile bebe\u011finiz i\u00e7in ideal bir \u00fcr\u00fcnd\u00fcr. Favorite Dino ve Fermuarl\u0131 bir tulumdur. Yenido\u011fan, 3 ayl\u0131k, 6 ayl\u0131k ve 9 ayl\u0131k bebekler i\u00e7in bedenleri mevcuttur. Yeni do\u011fan bedeni do\u011fumdan itibaren kullanabilirsiniz.<\/p>\n<p>Sitemizdeki t\u00fcm yenido\u011fan bebek tulumlar\u0131na buradan ula\u015fabilirsiniz.<\/p>\n<p>\u00dcr\u00fcn \u0130smi \u00d6zellikleri<\/p>\n<p>\u00dcr\u00fcn Grubu: Bebek Tulum<br \/>\nKol Boyu: Uzun Kol<br \/>\nPa\u00e7a Tipi: Patiksiz<br \/>\nPa\u00e7a Boyu: Uzun<br \/>\nSezon: Sonbahar-K\u0131\u015f<br \/>\nKullan\u0131m Tipi: G\u00fcnl\u00fck Kullan\u0131m<br \/>\nKal\u0131p: Normal Kal\u0131p<br \/>\nKuma\u015f: %80 Pamuk %20 Polyester<br \/>\nYumu\u015fak kuma\u015f dokusu ve rahat kal\u0131ba sahiptir.<br \/>\n30 derecede y\u0131kanabilir.<\/p>\n<p>G\u00dcVENLE G\u0130YD\u0130R\u0130N! ebebek tekstil \u00fcr\u00fcnleri bebe\u011finizin g\u00fcvenli\u011fi i\u00e7in kimyasal i\u00e7eriklere kar\u015f\u0131 test edilmi\u015ftir. Bebe\u011finiz i\u00e7in risk olu\u015fturabilecek yutulabilir k\u00fc\u00e7\u00fck par\u00e7alar ve keskin kenarl\u0131 materyaller kullan\u0131lmamaktad\u0131r. Kullan\u0131m s\u0131ras\u0131nda tehlikeli olabilecek uzunlukta ba\u011fc\u0131k ve kordonlar kullan\u0131lmamaktad\u0131r.<\/p>\n<p>\u2014 Teknik Detaylar \u2014<br \/>\nTema: Favorite Dino<br \/>\n\u00dcr\u00fcn Grubu: TLM-Patiksiz Tulum<br \/>\nCinsiyet: Erkek<br \/>\nMalzeme T\u00fcr\u00fc: \u00d6rme<br \/>\nMen\u015fei: T\u00fcrkiye<br \/>\nKol Boyu: Uzun Kol<br \/>\nPa\u00e7a Tipi: Patiksiz<br \/>\nPa\u00e7a Boyu: Uzun<br \/>\nSezon: Sonbahar-K\u0131\u015f<br \/>\nKullan\u0131m Tipi: G\u00fcnl\u00fck Kullan\u0131m<br \/>\nKal\u0131p: Normal Kal\u0131p<\/p>\n","protected":false},"excerpt":{"rendered":"<p>Bebetto Yenido\u011fan Erkek Bebek Patiksiz Tulum Kapitone Favorite Dino Gri Bu erkek bebek tulumu, %80 pamuk kuma\u015ftan \u00fcretilmi\u015ftir. Pamuk kuma\u015f olmas\u0131 sebebiyle hem sa\u011fl\u0131kl\u0131 hem de rahat bir kullan\u0131ma sahiptir. Yumu\u015fakl\u0131\u011f\u0131, nefes alan kuma\u015f\u0131 ve kolay giyilmesi ile bebe\u011finiz i\u00e7in ideal bir \u00fcr\u00fcnd\u00fcr. Favorite Dino ve Fermuarl\u0131 bir tulumdur. Yenido\u011fan, 3 ayl\u0131k, 6 ayl\u0131k ve [&hellip;]<\/p>\n","protected":false},"featured_media":121238,"comment_status":"open","ping_status":"closed","template":"","meta":[],"product_brand":[],"product_cat":[8694,8706,8697],"product_tag":[],"class_list":{"0":"post-121251","1":"product","2":"type-product","3":"status-publish","4":"has-post-thumbnail","6":"product_cat-cocuklar","7":"product_cat-tulum","8":"product_cat-yenidogan-0-12-ay","9":"pa_brand-bebetto","10":"pa_color-acik-mavi","11":"pa_color-bej","12":"pa_color-beyaz-baskili","13":"pa_color-mavi","14":"pa_color-pembe","15":"pa_size-0-1-ay-2","16":"pa_size-3-ay","17":"pa_size-6-ay","18":"pa_size-9-ay","19":"pa_size-yenidogan","21":"first","22":"outofstock","23":"shipping-taxable","24":"product-type-variable"},"_links":{"self":[{"href":"http:\/\/mod.wisdar.net\/tr\/wp-json\/wp\/v2\/product\/121251","targetHints":{"allow":["GET"]}}],"collection":[{"href":"http:\/\/mod.wisdar.net\/tr\/wp-json\/wp\/v2\/product"}],"about":[{"href":"http:\/\/mod.wisdar.net\/tr\/wp-json\/wp\/v2\/types\/product"}],"replies":[{"embeddable":true,"href":"http:\/\/mod.wisdar.net\/tr\/wp-json\/wp\/v2\/comments?post=121251"}],"wp:featuredmedia":[{"embeddable":true,"href":"http:\/\/mod.wisdar.net\/tr\/wp-json\/wp\/v2\/media\/121238"}],"wp:attachment":[{"href":"http:\/\/mod.wisdar.net\/tr\/wp-json\/wp\/v2\/media?parent=121251"}],"wp:term":[{"taxonomy":"product_brand","embeddable":true,"href":"http:\/\/mod.wisdar.net\/tr\/wp-json\/wp\/v2\/product_brand?post=121251"},{"taxonomy":"product_cat","embeddable":true,"href":"http:\/\/mod.wisdar.net\/tr\/wp-json\/wp\/v2\/product_cat?post=121251"},{"taxonomy":"product_tag","embeddable":true,"href":"http:\/\/mod.wisdar.net\/tr\/wp-json\/wp\/v2\/product_tag?post=121251"}],"curies":[{"name":"wp","href":"https:\/\/api.w.org\/{rel}","templated":true}]}}